{"id":650370,"date":"2025-04-08T03:21:27","date_gmt":"2025-04-08T02:21:27","guid":{"rendered":"https:\/\/shop.kustom.ch\/?post_type=product&#038;p=650370"},"modified":"2026-03-30T14:41:13","modified_gmt":"2026-03-30T13:41:13","slug":"hemd-frontline-24","status":"publish","type":"product","link":"https:\/\/shop.kustom.ch\/fr\/produit\/hemd-frontline-24\/","title":{"rendered":"Chemise FRONTLINE"},"content":{"rendered":"<p>Basic, le mod\u00e8le de base. Coupe moderne pour femmes. Coupe cintr\u00e9e. Patte de boutonnage. Manchettes r\u00e9glables.<\/p>\n<p>OEKO-TEX\u00ae STANDARD 100<br \/>\n60% Coton\/40% Polyester<br \/>\nPopeline.<br \/>\n147 g\/m<br \/>\nLinge d\u00e9licat, max. 40\u00b0 C ; Pas de blanchiment ; S\u00e9chage \u00e0 la main ; Repassage \u00e0 temp\u00e9rature moyenne, max. 150\u00b0 C ; Supporte le nettoyage normal<\/p>\n<p><a href=\"https:\/\/mascotsitecore-1ccb8.kxcdn.com\/pdf\/21914-984-06-de.pdf\" target=\"_blank\" rel=\"noopener\"><u>Ouvrir la fiche produit<\/u><\/a><\/p>","protected":false},"excerpt":{"rendered":"<ul>\n<li>Chemise l\u00e9g\u00e8re et r\u00e9sistante qui conserve sa couleur m\u00eame apr\u00e8s de nombreux lavages.<\/li>\n<li>Qualit\u00e9 de tissu thermocollant<\/li>\n<li>Coupe moderne et ajust\u00e9e pour les femmes, offrant une bonne libert\u00e9 de mouvement.<\/li>\n<\/ul>","protected":false},"featured_media":650392,"template":"","meta":[],"product_brand":[],"product_cat":[9874],"product_tag":[],"class_list":{"0":"post-650370","1":"product","2":"type-product","3":"status-publish","4":"has-post-thumbnail","6":"product_cat-hemden","7":"pa_brand-mascot","8":"pa_brand-type-workwear","9":"pa_filter-color-schwarz","10":"pa_filter-color-weiss","12":"first","13":"instock","14":"sale","15":"taxable","16":"shipping-taxable","17":"purchasable","18":"product-type-variable","19":"add-to-wishlist-before_image"},"exclude_global_add_ons":[],"addons":[],"acf":[],"_links":{"self":[{"href":"https:\/\/shop.kustom.ch\/fr\/wp-json\/wp\/v2\/product\/650370"}],"collection":[{"href":"https:\/\/shop.kustom.ch\/fr\/wp-json\/wp\/v2\/product"}],"about":[{"href":"https:\/\/shop.kustom.ch\/fr\/wp-json\/wp\/v2\/types\/product"}],"wp:featuredmedia":[{"embeddable":true,"href":"https:\/\/shop.kustom.ch\/fr\/wp-json\/wp\/v2\/media\/650392"}],"wp:attachment":[{"href":"https:\/\/shop.kustom.ch\/fr\/wp-json\/wp\/v2\/media?parent=650370"}],"wp:term":[{"taxonomy":"product_brand","embeddable":true,"href":"https:\/\/shop.kustom.ch\/fr\/wp-json\/wp\/v2\/product_brand?post=650370"},{"taxonomy":"product_cat","embeddable":true,"href":"https:\/\/shop.kustom.ch\/fr\/wp-json\/wp\/v2\/product_cat?post=650370"},{"taxonomy":"product_tag","embeddable":true,"href":"https:\/\/shop.kustom.ch\/fr\/wp-json\/wp\/v2\/product_tag?post=650370"}],"curies":[{"name":"wp","href":"https:\/\/api.w.org\/{rel}","templated":true}]}}