{"id":650100,"date":"2025-04-08T03:19:55","date_gmt":"2025-04-08T02:19:55","guid":{"rendered":"https:\/\/shop.kustom.ch\/?post_type=product&#038;p=650100"},"modified":"2026-03-30T12:54:44","modified_gmt":"2026-03-30T11:54:44","slug":"winteroverall-accelerate-safe","status":"publish","type":"product","link":"https:\/\/shop.kustom.ch\/fr\/produit\/winteroverall-accelerate-safe\/","title":{"rendered":"Combinaison d'hiver ACCELERATE SAFE"},"content":{"rendered":"<p>Fluorescent et avec des reflets obliques. Tissu tr\u00e8s r\u00e9sistant, respirant, coupe-vent et imperm\u00e9able. Avec CLIMASCOT\u00ae Lightweight Insulation. Les coutures sont coll\u00e9es. Col montant. Capuche amovible, doubl\u00e9e et munie de cordons \u00e9lastiques r\u00e9glables. Fermeture avec fermeture \u00e9clair \u00e0 double sens, rabat de protection contre les intemp\u00e9ries et boutons-pression. Le porte-carte d'identit\u00e9 est amovible. Poche de poitrine avec fermeture \u00e0 glissi\u00e8re \u00e9tanche. Poches int\u00e9rieures - deux avec fermeture \u00e9clair et une ouverte en filet. Elastique aux poignets. Fermeture \u00e0 glissi\u00e8re dans la doublure au dos pour l'application d'un logo\/d'une broderie. \u00c9lastique \u00e0 la taille. Les jambes du pantalon ont une forme ergonomique. Passants de ceinture. Poches \u00e0 l'avant. Poches arri\u00e8re renforc\u00e9es et \u00e0 rabat.  Passants pour marteau dissimul\u00e9s des deux c\u00f4t\u00e9s. Poche m\u00e8tre avec renforts Kevlar\u00ae. Poches avec rabat sur le devant de la cuisse. Poche sur la cuisse avec poche doubl\u00e9e pour t\u00e9l\u00e9phone portable et fermeture magn\u00e9tique. Jupe pare-neige \u00e0 l'int\u00e9rieur des jambes. Fermeture \u00e9clair avec bande de protection contre les intemp\u00e9ries \u00e0 l'int\u00e9rieur des jambes. Avec effets d'impression.<\/p>\n<p>OEKO-TEX\u00ae STANDARD 100 ; EN ISO 20471 - classe 3 ; Hi-Vis groupe Y ; EN 342 3\/WP (1.7 clo) ; EN 343 4-1-X<br \/>\n100% Polyester<br \/>\nRipstop (tissu \u00e0 mailles serr\u00e9es). Peut r\u00e9tr\u00e9cir au maximum de 2%. Le produit est certifi\u00e9 selon la norme EN ISO 20471 qu'il conserve ses propri\u00e9t\u00e9s pendant 50 lavages \u00e0 domicile.<br \/>\n210 g\/m\u00b2 (1,5 lb)<br \/>\nLinge d\u00e9licat, max. 40\u00b0 C ; Ne pas blanchir ; Ne pas s\u00e9cher au s\u00e8che-linge ; Ne pas repasser ; Supporte le nettoyage normal<\/p>\n<p><a href=\"https:\/\/mascotsitecore-1ccb8.kxcdn.com\/pdf\/19019-449-14010-de.pdf\" target=\"_blank\" rel=\"noopener\"><u>Ouvrir la fiche produit<\/u><\/a><\/p>","protected":false},"excerpt":{"rendered":"<ul>\n<li>Respirant, \u00e9tanche au vent et \u00e0 l'eau avec coutures scell\u00e9es.<\/li>\n<li>Extr\u00eamement r\u00e9sistant.<\/li>\n<li>L'isolation CLIMASCOT\u00ae unique en son genre r\u00e9chauffe efficacement, est l\u00e9g\u00e8re, douce et peut \u00eatre comprim\u00e9e dans un faible volume.<\/li>\n<li>Jambes de pantalons ergonomiques, form\u00e9es selon les mouvements naturels du corps.<\/li>\n<li>Poche m\u00e8tre pliant avec renforts Kevlar\u00ae - particuli\u00e8rement r\u00e9sistante aux objets pointus et tranchants.<\/li>\n<li>La jupe pare-neige \u00e0 l'int\u00e9rieur de la jambe maintient la neige et la salet\u00e9 \u00e0 l'ext\u00e9rieur.<\/li>\n<\/ul>","protected":false},"featured_media":650103,"template":"","meta":[],"product_brand":[],"product_cat":[10454],"product_tag":[],"class_list":{"0":"post-650100","1":"product","2":"type-product","3":"status-publish","4":"has-post-thumbnail","6":"product_cat-overalls","7":"pa_brand-mascot","8":"pa_brand-type-workwear","9":"pa_filter-color-blau","10":"pa_filter-color-gelb","11":"pa_filter-color-grau","12":"pa_filter-color-orange","13":"pa_filter-color-rot","14":"pa_filter-color-schwarz","16":"first","17":"instock","18":"sale","19":"taxable","20":"shipping-taxable","21":"purchasable","22":"product-type-variable","23":"add-to-wishlist-before_image"},"exclude_global_add_ons":[],"addons":[],"acf":[],"_links":{"self":[{"href":"https:\/\/shop.kustom.ch\/fr\/wp-json\/wp\/v2\/product\/650100"}],"collection":[{"href":"https:\/\/shop.kustom.ch\/fr\/wp-json\/wp\/v2\/product"}],"about":[{"href":"https:\/\/shop.kustom.ch\/fr\/wp-json\/wp\/v2\/types\/product"}],"wp:featuredmedia":[{"embeddable":true,"href":"https:\/\/shop.kustom.ch\/fr\/wp-json\/wp\/v2\/media\/650103"}],"wp:attachment":[{"href":"https:\/\/shop.kustom.ch\/fr\/wp-json\/wp\/v2\/media?parent=650100"}],"wp:term":[{"taxonomy":"product_brand","embeddable":true,"href":"https:\/\/shop.kustom.ch\/fr\/wp-json\/wp\/v2\/product_brand?post=650100"},{"taxonomy":"product_cat","embeddable":true,"href":"https:\/\/shop.kustom.ch\/fr\/wp-json\/wp\/v2\/product_cat?post=650100"},{"taxonomy":"product_tag","embeddable":true,"href":"https:\/\/shop.kustom.ch\/fr\/wp-json\/wp\/v2\/product_tag?post=650100"}],"curies":[{"name":"wp","href":"https:\/\/api.w.org\/{rel}","templated":true}]}}