{"id":649954,"date":"2025-04-08T03:19:04","date_gmt":"2025-04-08T02:19:04","guid":{"rendered":"https:\/\/shop.kustom.ch\/?post_type=product&#038;p=649954"},"modified":"2026-03-30T14:39:45","modified_gmt":"2026-03-30T13:39:45","slug":"sicherheitsstiefel-footwear-industry-18","status":"publish","type":"product","link":"https:\/\/shop.kustom.ch\/fr\/produit\/sicherheitsstiefel-footwear-industry-18\/","title":{"rendered":"Bottes de s\u00e9curit\u00e9 FOOTWEAR INDUSTRY"},"content":{"rendered":"<p>Se ferme et s'ouvre avec le BOA\u00ae Fit System, un syst\u00e8me compos\u00e9 d'un bouton rotatif, d'un c\u00e2ble et de guides de lacet. Embout de protection en composite. Protection anti-perforation en textile MASCOLAYER\u00ae. Avec articulation multifonctionnelle stabilisante avec mousse de confort int\u00e9gr\u00e9e. Semelle interm\u00e9diaire en PU. Semelle ext\u00e9rieure en caoutchouc avec inserts en caoutchouc \u00e0 friction. Les semelles int\u00e9rieures sont interchangeables, antistatiques et r\u00e9sistantes. Semelle int\u00e9rieure, amortissant les chocs. L'humidit\u00e9 est absorb\u00e9e et efficacement restitu\u00e9e. Semelle r\u00e9sistante \u00e0 l'huile et \u00e0 l'essence. Semelle r\u00e9sistante \u00e0 une chaleur de contact jusqu'\u00e0 300\u00b0C. Bord du talon. Membrane imperm\u00e9able en tissu MASCOTEX\u00ae. Tissu ext\u00e9rieur hydrofuge et respirant. Convient pour le travail \u00e0 genoux. Protection du talon en TPU. La semelle ext\u00e9rieure antid\u00e9rapante et autonettoyante assure une stabilit\u00e9 sur toutes les surfaces. Semelle ext\u00e9rieure non marquante - ne d\u00e9teint pas.<\/p>\n<p>Classe de s\u00e9curit\u00e9 S7S ; Semelle r\u00e9sistante aux huiles et aux hydrocarbures (FO) ; Semelle ext\u00e9rieure r\u00e9sistante \u00e0 la chaleur (HRO) ; Chaussure isolante contre la chaleur (HI) ; Chaussure isolante contre le froid (CI) ; Bord du talon (LG) ; Surchaussure r\u00e9sistante \u00e0 l'usure (SC) ; Antid\u00e9rapant (SR) ; Dissipation de l'\u00e9lectricit\u00e9 statique (ESD) ; EN ISO 20345 : 2022<br \/>\nCuir sup\u00e9rieur pleine fleur<br \/>\nTaille 1142 : 824 g<\/p>\n<p><a href=\"https:\/\/mascotsitecore-1ccb8.kxcdn.com\/pdf\/F1304-902-09-de.pdf\" target=\"_blank\" rel=\"noopener\"><u>Ouvrir la fiche produit<\/u><\/a><\/p>","protected":false},"excerpt":{"rendered":"<ul>\n<li>Botte de s\u00e9curit\u00e9 extr\u00eamement r\u00e9sistante pour tous ceux qui doivent fournir des performances maximales dans des conditions extr\u00eames.<\/li>\n<li>La botte est imperm\u00e9able et respirante, il n'est donc pas n\u00e9cessaire de se laisser arr\u00eater par le temps.<\/li>\n<li>Le mat\u00e9riau ext\u00e9rieur ignifug\u00e9 prot\u00e8ge vos pieds des flammes et des \u00e9tincelles.<\/li>\n<li>La semelle ext\u00e9rieure antid\u00e9rapante et r\u00e9sistante \u00e0 la chaleur (jusqu'\u00e0 300\u00b0C de chaleur de contact) avec bord de talon pour une bonne stabilit\u00e9 sur les \u00e9chelles assure une bonne adh\u00e9rence sur les surfaces glissantes.<\/li>\n<li>Syst\u00e8me BOA\u00ae Fit sur le c\u00f4t\u00e9 de la chaussure pour un ajustement rapide et facile.<\/li>\n<\/ul>","protected":false},"featured_media":649957,"template":"","meta":[],"product_brand":[],"product_cat":[4197],"product_tag":[],"class_list":{"0":"post-649954","1":"product","2":"type-product","3":"status-publish","4":"has-post-thumbnail","6":"product_cat-schuhe-sandalen","7":"pa_brand-mascot","8":"pa_brand-type-workwear","9":"pa_filter-color-schwarz","11":"first","12":"instock","13":"sale","14":"taxable","15":"shipping-taxable","16":"purchasable","17":"product-type-variable","18":"add-to-wishlist-before_image"},"exclude_global_add_ons":[],"addons":[],"acf":[],"_links":{"self":[{"href":"https:\/\/shop.kustom.ch\/fr\/wp-json\/wp\/v2\/product\/649954"}],"collection":[{"href":"https:\/\/shop.kustom.ch\/fr\/wp-json\/wp\/v2\/product"}],"about":[{"href":"https:\/\/shop.kustom.ch\/fr\/wp-json\/wp\/v2\/types\/product"}],"wp:featuredmedia":[{"embeddable":true,"href":"https:\/\/shop.kustom.ch\/fr\/wp-json\/wp\/v2\/media\/649957"}],"wp:attachment":[{"href":"https:\/\/shop.kustom.ch\/fr\/wp-json\/wp\/v2\/media?parent=649954"}],"wp:term":[{"taxonomy":"product_brand","embeddable":true,"href":"https:\/\/shop.kustom.ch\/fr\/wp-json\/wp\/v2\/product_brand?post=649954"},{"taxonomy":"product_cat","embeddable":true,"href":"https:\/\/shop.kustom.ch\/fr\/wp-json\/wp\/v2\/product_cat?post=649954"},{"taxonomy":"product_tag","embeddable":true,"href":"https:\/\/shop.kustom.ch\/fr\/wp-json\/wp\/v2\/product_tag?post=649954"}],"curies":[{"name":"wp","href":"https:\/\/api.w.org\/{rel}","templated":true}]}}