{"id":649782,"date":"2025-04-08T03:17:00","date_gmt":"2025-04-08T02:17:00","guid":{"rendered":"https:\/\/shop.kustom.ch\/?post_type=product&#038;p=649782"},"modified":"2026-03-30T13:07:48","modified_gmt":"2026-03-30T12:07:48","slug":"kombihose-accelerate-safe-3","status":"publish","type":"product","link":"https:\/\/shop.kustom.ch\/fr\/produit\/kombihose-accelerate-safe-3\/","title":{"rendered":"Combinaison ACCELERATE SAFE"},"content":{"rendered":"<p>Fluorescent avec bande r\u00e9fl\u00e9chissante verticale et horizontale. Tissu stretch ultime, l\u00e9ger et tr\u00e8s r\u00e9sistant. Le polyester est fabriqu\u00e9 \u00e0 partir de mat\u00e9riaux recycl\u00e9s. Avec une finition hydrofuge. Coutures \u00e0 double rabattage sur les jambes et \u00e0 l'entrejambe. Pr\u00e9par\u00e9 pour les poches suspendues avec syst\u00e8me Click Pocket. Passants pour ceinture. Fermeture avec fermeture \u00e9clair \u00e0 double sens et double rabat de protection contre les intemp\u00e9ries. Poches sur le devant. Poches arri\u00e8re renforc\u00e9es. Poches avec rabat sur le devant de la cuisse. Poche de poitrine avec fermeture \u00e9clair. Bretelles r\u00e9glables par velcro. Ventilation dans le dos. L'entrejambe peut \u00eatre rallong\u00e9 de 3 cm en coupant la couture rouge \u00e0 l'int\u00e9rieur de la jambe.<\/p>\n<p>OEKO-TEX\u00ae STANDARD 100 ; EN ISO 20471 - Classe 3 ; Hi-Vis groupe Y ; ProWash\u00ae.<br \/>\n83% Polyester recycl\u00e9\/17% \u00c9lastol\u00e9fine<br \/>\nSTRETCH ULTIME. Peut r\u00e9tr\u00e9cir au maximum de 2%. Le produit est certifi\u00e9 pour conserver ses propri\u00e9t\u00e9s apr\u00e8s 50 lavages \u00e0 domicile ou \u2265 25 lavages industriels.<br \/>\n205 g\/m\u00b2 (1,5 lb)<br \/>\nLavage de couleur, max. 60\u00b0 C ; Pas de blanchiment ; Supporte le s\u00e8che-linge - temp\u00e9rature de d\u00e9part max. 80\u00b0 C ; Pas de repassage ; Ne convient pas au nettoyage \u00e0 sec<\/p>\n<p><a href=\"https:\/\/mascotsitecore-1ccb8.kxcdn.com\/pdf\/24069-510-14-de.pdf\" target=\"_blank\" rel=\"noopener\"><u>Ouvrir la fiche produit<\/u><\/a><\/p>","protected":false},"excerpt":{"rendered":"<ul>\n<li>Le tissu stretch est \u00e9lastique dans toutes les directions et offre une libert\u00e9 de mouvement in\u00e9gal\u00e9e, o\u00f9 rien ne tire ou ne g\u00eane.<\/li>\n<li>Le tissu stretch multifonctionnel combine un faible poids avec une tr\u00e8s grande r\u00e9sistance \u00e0 l'usure et est en outre hydrofuge.<\/li>\n<li>Le produit est adapt\u00e9 au lavage industriel.<\/li>\n<\/ul>","protected":false},"featured_media":649783,"template":"","meta":[],"product_brand":[],"product_cat":[4185],"product_tag":[],"class_list":{"0":"post-649782","1":"product","2":"type-product","3":"status-publish","4":"has-post-thumbnail","6":"product_cat-hosen","7":"pa_brand-mascot","8":"pa_brand-type-workwear","9":"pa_filter-color-orange","11":"first","12":"instock","13":"sale","14":"taxable","15":"shipping-taxable","16":"purchasable","17":"product-type-variable","18":"add-to-wishlist-before_image"},"exclude_global_add_ons":[],"addons":[],"acf":[],"_links":{"self":[{"href":"https:\/\/shop.kustom.ch\/fr\/wp-json\/wp\/v2\/product\/649782"}],"collection":[{"href":"https:\/\/shop.kustom.ch\/fr\/wp-json\/wp\/v2\/product"}],"about":[{"href":"https:\/\/shop.kustom.ch\/fr\/wp-json\/wp\/v2\/types\/product"}],"wp:featuredmedia":[{"embeddable":true,"href":"https:\/\/shop.kustom.ch\/fr\/wp-json\/wp\/v2\/media\/649783"}],"wp:attachment":[{"href":"https:\/\/shop.kustom.ch\/fr\/wp-json\/wp\/v2\/media?parent=649782"}],"wp:term":[{"taxonomy":"product_brand","embeddable":true,"href":"https:\/\/shop.kustom.ch\/fr\/wp-json\/wp\/v2\/product_brand?post=649782"},{"taxonomy":"product_cat","embeddable":true,"href":"https:\/\/shop.kustom.ch\/fr\/wp-json\/wp\/v2\/product_cat?post=649782"},{"taxonomy":"product_tag","embeddable":true,"href":"https:\/\/shop.kustom.ch\/fr\/wp-json\/wp\/v2\/product_tag?post=649782"}],"curies":[{"name":"wp","href":"https:\/\/api.w.org\/{rel}","templated":true}]}}