{"id":649765,"date":"2025-04-08T03:16:48","date_gmt":"2025-04-08T02:16:48","guid":{"rendered":"https:\/\/shop.kustom.ch\/?post_type=product&#038;p=649765"},"modified":"2026-03-30T13:08:31","modified_gmt":"2026-03-30T12:08:31","slug":"hard-shell-jacke-accelerate-safe-5","status":"publish","type":"product","link":"https:\/\/shop.kustom.ch\/fr\/produit\/hard-shell-jacke-accelerate-safe-5\/","title":{"rendered":"Veste hard shell ACCELERATE SAFE"},"content":{"rendered":"<p>Fluorescent, avec des bandes r\u00e9fl\u00e9chissantes sur les \u00e9paules et des reflets obliques. Tissu tr\u00e8s r\u00e9sistant, respirant, coupe-vent et imperm\u00e9able. Les coutures sont coll\u00e9es. La capuche est amovible, doubl\u00e9e et munie de cordons \u00e9lastiques r\u00e9glables. Fermeture par zip et double rabat de protection contre les intemp\u00e9ries. Poches int\u00e9rieures - deux avec fermeture \u00e9clair et une ouverte en filet. Porte-carte d'identit\u00e9 amovible. Poche de poitrine avec fermeture \u00e9clair. Poches avant avec fermeture \u00e9clair. Col montant. Bords c\u00f4tes \u00e0 l'int\u00e9rieur du bas de l'ourlet. Dos extensible par boutonnage pour une meilleure protection contre le vent et les intemp\u00e9ries. Poignets c\u00f4tel\u00e9s (cach\u00e9s sous la patte de protection contre les intemp\u00e9ries). Fermeture velcro aux poignets.<\/p>\n<p>OEKO-TEX\u00ae STANDARD 100 ; EN ISO 20471 - Classe 3 ; Hi-Vis Groupe A ; EN 343 4-4-X ; ; ProWash\u00ae.<br \/>\n100% Polyester<br \/>\nRipstop (tissu \u00e0 mailles serr\u00e9es). Colonne d'eau &gt; 10.000 mm selon EN ISO 811. Le produit est certifi\u00e9 selon EN ISO 20471 qu'il conserve ses propri\u00e9t\u00e9s pendant 50 lavages \u00e0 domicile. Peut r\u00e9tr\u00e9cir au maximum de 2%.<br \/>\n210 g\/m\u00b2 (1,5 lb)<br \/>\nLavage de couleur, max. 60\u00b0 C ; Ne pas blanchir ; Ne pas s\u00e9cher au s\u00e8che-linge ; Ne pas repasser ; Supporte le nettoyage normal<\/p>\n<p><a href=\"https:\/\/mascotsitecore-1ccb8.kxcdn.com\/pdf\/24401-231-14-de.pdf\" target=\"_blank\" rel=\"noopener\"><u>Ouvrir la fiche produit<\/u><\/a><\/p>","protected":false},"excerpt":{"rendered":"<ul>\n<li>Respirant, \u00e9tanche au vent et \u00e0 l'eau avec coutures scell\u00e9es.<\/li>\n<li>Capuche doubl\u00e9e amovible, avec cordons \u00e9lastiques r\u00e9glables.<\/li>\n<li>Double bande de protection contre les intemp\u00e9ries pour une protection suppl\u00e9mentaire en cas de mauvais temps.<\/li>\n<li>Dos rallong\u00e9 gr\u00e2ce \u00e0 un tissu qui se boutonne vers le bas pour une meilleure protection contre le vent et les intemp\u00e9ries.<\/li>\n<\/ul>","protected":false},"featured_media":649766,"template":"","meta":[],"product_brand":[],"product_cat":[4186],"product_tag":[],"class_list":{"0":"post-649765","1":"product","2":"type-product","3":"status-publish","4":"has-post-thumbnail","6":"product_cat-jacken","7":"pa_brand-mascot","8":"pa_brand-type-workwear","9":"pa_filter-color-orange","11":"first","12":"instock","13":"sale","14":"taxable","15":"shipping-taxable","16":"purchasable","17":"product-type-variable","18":"add-to-wishlist-before_image"},"exclude_global_add_ons":[],"addons":[],"acf":[],"_links":{"self":[{"href":"https:\/\/shop.kustom.ch\/fr\/wp-json\/wp\/v2\/product\/649765"}],"collection":[{"href":"https:\/\/shop.kustom.ch\/fr\/wp-json\/wp\/v2\/product"}],"about":[{"href":"https:\/\/shop.kustom.ch\/fr\/wp-json\/wp\/v2\/types\/product"}],"wp:featuredmedia":[{"embeddable":true,"href":"https:\/\/shop.kustom.ch\/fr\/wp-json\/wp\/v2\/media\/649766"}],"wp:attachment":[{"href":"https:\/\/shop.kustom.ch\/fr\/wp-json\/wp\/v2\/media?parent=649765"}],"wp:term":[{"taxonomy":"product_brand","embeddable":true,"href":"https:\/\/shop.kustom.ch\/fr\/wp-json\/wp\/v2\/product_brand?post=649765"},{"taxonomy":"product_cat","embeddable":true,"href":"https:\/\/shop.kustom.ch\/fr\/wp-json\/wp\/v2\/product_cat?post=649765"},{"taxonomy":"product_tag","embeddable":true,"href":"https:\/\/shop.kustom.ch\/fr\/wp-json\/wp\/v2\/product_tag?post=649765"}],"curies":[{"name":"wp","href":"https:\/\/api.w.org\/{rel}","templated":true}]}}