{"id":649748,"date":"2025-04-08T03:16:39","date_gmt":"2025-04-08T02:16:39","guid":{"rendered":"https:\/\/shop.kustom.ch\/?post_type=product&#038;p=649748"},"modified":"2026-03-30T14:35:48","modified_gmt":"2026-03-30T13:35:48","slug":"haengetasche-customized-6","status":"publish","type":"product","link":"https:\/\/shop.kustom.ch\/fr\/produit\/haengetasche-customized-6\/","title":{"rendered":"Sac suspendu CUSTOMIZED"},"content":{"rendered":"<p>Pochette suspendue pour m\u00e8tre pliant - convient pour la main gauche. Peut \u00eatre fix\u00e9e facilement et individuellement gr\u00e2ce au syst\u00e8me Click Pocket. 2 petites poches ext\u00e9rieures. Bouton (amovible) pour fixer un porte-couteau. Haute r\u00e9sistance \u00e0 l'usure. Dimensions 14 x 37 cm.<\/p>\n<p>OEKO-TEX\u00ae STANDARD 100<br \/>\n100% Polyamide (tissu CORDURA\u00ae)<br \/>\nStructure en toile.<br \/>\n220 g\/m<br \/>\nLinge d\u00e9licat, max. 40\u00b0 C ; Ne pas blanchir ; Ne pas s\u00e9cher au s\u00e8che-linge ; Ne pas repasser ; Supporte le nettoyage normal<\/p>\n<p><a href=\"https:\/\/mascotsitecore-1ccb8.kxcdn.com\/pdf\/24650-012-010-de.pdf\" target=\"_blank\" rel=\"noopener\"><u>Ouvrir la fiche produit<\/u><\/a><\/p>","protected":false},"excerpt":{"rendered":"<ul>\n<li>Se fixe facilement et individuellement aux pantalons, shorts et pantalons trois-quarts gr\u00e2ce au syst\u00e8me Click Pocket.<\/li>\n<li>Poche suspendue avec espace pour votre m\u00e8tre pliant et avec bouton amovible pour votre porte-couteau.<\/li>\n<li>Pour plus d'espace de rangement, il suffit d'ajouter des poches suspendues suppl\u00e9mentaires.<\/li>\n<\/ul>","protected":false},"featured_media":649759,"template":"","meta":[],"product_brand":[],"product_cat":[10507,4209],"product_tag":[],"class_list":{"0":"post-649748","1":"product","2":"type-product","3":"status-publish","4":"has-post-thumbnail","6":"product_cat-haengetaschen","7":"product_cat-zubehoer","8":"pa_brand-mascot","9":"pa_brand-type-workwear","10":"pa_filter-color-grau","11":"pa_filter-color-schwarz","13":"first","14":"instock","15":"sale","16":"taxable","17":"shipping-taxable","18":"purchasable","19":"product-type-variable","20":"add-to-wishlist-before_image"},"exclude_global_add_ons":[],"addons":[],"acf":[],"_links":{"self":[{"href":"https:\/\/shop.kustom.ch\/fr\/wp-json\/wp\/v2\/product\/649748"}],"collection":[{"href":"https:\/\/shop.kustom.ch\/fr\/wp-json\/wp\/v2\/product"}],"about":[{"href":"https:\/\/shop.kustom.ch\/fr\/wp-json\/wp\/v2\/types\/product"}],"wp:featuredmedia":[{"embeddable":true,"href":"https:\/\/shop.kustom.ch\/fr\/wp-json\/wp\/v2\/media\/649759"}],"wp:attachment":[{"href":"https:\/\/shop.kustom.ch\/fr\/wp-json\/wp\/v2\/media?parent=649748"}],"wp:term":[{"taxonomy":"product_brand","embeddable":true,"href":"https:\/\/shop.kustom.ch\/fr\/wp-json\/wp\/v2\/product_brand?post=649748"},{"taxonomy":"product_cat","embeddable":true,"href":"https:\/\/shop.kustom.ch\/fr\/wp-json\/wp\/v2\/product_cat?post=649748"},{"taxonomy":"product_tag","embeddable":true,"href":"https:\/\/shop.kustom.ch\/fr\/wp-json\/wp\/v2\/product_tag?post=649748"}],"curies":[{"name":"wp","href":"https:\/\/api.w.org\/{rel}","templated":true}]}}