{"id":649638,"date":"2025-04-08T03:14:37","date_gmt":"2025-04-08T02:14:37","guid":{"rendered":"https:\/\/shop.kustom.ch\/?post_type=product&#038;p=649638"},"modified":"2026-03-30T14:35:47","modified_gmt":"2026-03-30T13:35:47","slug":"handy-tasche-customized","status":"publish","type":"product","link":"https:\/\/shop.kustom.ch\/fr\/produit\/handy-tasche-customized\/","title":{"rendered":"\u00c9tui pour t\u00e9l\u00e9phone portable CUSTOMIZED"},"content":{"rendered":"<p>Pochette suspendue pour le t\u00e9l\u00e9phone portable - avec rabat magn\u00e9tique. Se fixe facilement et individuellement gr\u00e2ce au syst\u00e8me Click Pocket. Dimensions 12 x 26 cm.<\/p>\n<p>OEKO-TEX\u00ae STANDARD 100<br \/>\n92% Polyamide\/8% \u00c9lasthanne<br \/>\nSTRETCH ULTIME. Peut r\u00e9tr\u00e9cir au maximum de 2%.<br \/>\n235 g\/m<br \/>\nLinge d\u00e9licat, max. 40\u00b0 C ; Ne pas blanchir ; Ne pas s\u00e9cher au s\u00e8che-linge ; Repasser \u00e0 basse temp\u00e9rature, max. 100\u00b0 C ; Supporte le nettoyage normal<\/p>\n<p><a href=\"https:\/\/mascotsitecore-1ccb8.kxcdn.com\/pdf\/24450-311-09-de.pdf\" target=\"_blank\" rel=\"noopener\"><u>Ouvrir la fiche produit<\/u><\/a><\/p>","protected":false},"excerpt":{"rendered":"<ul>\n<li>Se fixe facilement et individuellement aux pantalons, shorts et pantalons trois-quarts gr\u00e2ce au syst\u00e8me Click Pocket.<\/li>\n<li>Grande poche suspendue spacieuse avec fermeture magn\u00e9tique, par exemple pour votre t\u00e9l\u00e9phone portable.<\/li>\n<li>Pour plus d'espace de rangement, il suffit d'ajouter des poches suspendues suppl\u00e9mentaires.<\/li>\n<\/ul>","protected":false},"featured_media":649653,"template":"","meta":[],"product_brand":[],"product_cat":[4209],"product_tag":[],"class_list":{"0":"post-649638","1":"product","2":"type-product","3":"status-publish","4":"has-post-thumbnail","6":"product_cat-zubehoer","7":"pa_brand-mascot","8":"pa_brand-type-workwear","9":"pa_filter-color-schwarz","11":"first","12":"instock","13":"sale","14":"taxable","15":"shipping-taxable","16":"purchasable","17":"product-type-variable","18":"add-to-wishlist-before_image"},"exclude_global_add_ons":[],"addons":[],"acf":[],"_links":{"self":[{"href":"https:\/\/shop.kustom.ch\/fr\/wp-json\/wp\/v2\/product\/649638"}],"collection":[{"href":"https:\/\/shop.kustom.ch\/fr\/wp-json\/wp\/v2\/product"}],"about":[{"href":"https:\/\/shop.kustom.ch\/fr\/wp-json\/wp\/v2\/types\/product"}],"wp:featuredmedia":[{"embeddable":true,"href":"https:\/\/shop.kustom.ch\/fr\/wp-json\/wp\/v2\/media\/649653"}],"wp:attachment":[{"href":"https:\/\/shop.kustom.ch\/fr\/wp-json\/wp\/v2\/media?parent=649638"}],"wp:term":[{"taxonomy":"product_brand","embeddable":true,"href":"https:\/\/shop.kustom.ch\/fr\/wp-json\/wp\/v2\/product_brand?post=649638"},{"taxonomy":"product_cat","embeddable":true,"href":"https:\/\/shop.kustom.ch\/fr\/wp-json\/wp\/v2\/product_cat?post=649638"},{"taxonomy":"product_tag","embeddable":true,"href":"https:\/\/shop.kustom.ch\/fr\/wp-json\/wp\/v2\/product_tag?post=649638"}],"curies":[{"name":"wp","href":"https:\/\/api.w.org\/{rel}","templated":true}]}}