{"id":649637,"date":"2025-04-08T03:14:37","date_gmt":"2025-04-08T02:14:37","guid":{"rendered":"https:\/\/shop.kustom.ch\/?post_type=product&#038;p=649637"},"modified":"2026-03-30T14:35:48","modified_gmt":"2026-03-30T13:35:48","slug":"haengetasche-customized-5","status":"publish","type":"product","link":"https:\/\/shop.kustom.ch\/fr\/produit\/haengetasche-customized-5\/","title":{"rendered":"Sac suspendu CUSTOMIZED"},"content":{"rendered":"<p>1 grande poche spacieuse. Se fixe facilement et individuellement gr\u00e2ce au syst\u00e8me Click Pocket. Haute r\u00e9sistance \u00e0 l'usure. Dimensions 14 x 26 cm.<\/p>\n<p>OEKO-TEX\u00ae STANDARD 100<br \/>\n100% Polyamide (tissu CORDURA\u00ae)<br \/>\nStructure en toile.<br \/>\n220 g\/m<br \/>\nLinge d\u00e9licat, max. 40\u00b0 C ; Ne pas blanchir ; Ne pas s\u00e9cher au s\u00e8che-linge ; Ne pas repasser ; Supporte le nettoyage normal<\/p>\n<p><a href=\"https:\/\/mascotsitecore-1ccb8.kxcdn.com\/pdf\/24550-012-09-de.pdf\" target=\"_blank\" rel=\"noopener\"><u>Ouvrir la fiche produit<\/u><\/a><\/p>","protected":false},"excerpt":{"rendered":"<ul>\n<li>Se fixe facilement et individuellement aux pantalons, shorts et pantalons trois-quarts gr\u00e2ce au syst\u00e8me Click Pocket.<\/li>\n<li>Grande pochette suspendue spacieuse, par exemple pour votre scanner.<\/li>\n<li>Pour plus d'espace de rangement, il suffit d'ajouter des poches suspendues suppl\u00e9mentaires.<\/li>\n<\/ul>","protected":false},"featured_media":649639,"template":"","meta":[],"product_brand":[],"product_cat":[4209,10507],"product_tag":[],"class_list":{"0":"post-649637","1":"product","2":"type-product","3":"status-publish","4":"has-post-thumbnail","6":"product_cat-zubehoer","7":"product_cat-haengetaschen","8":"pa_brand-mascot","9":"pa_brand-type-workwear","10":"pa_filter-color-schwarz","12":"first","13":"instock","14":"sale","15":"taxable","16":"shipping-taxable","17":"purchasable","18":"product-type-variable","19":"add-to-wishlist-before_image"},"exclude_global_add_ons":[],"addons":[],"acf":[],"_links":{"self":[{"href":"https:\/\/shop.kustom.ch\/fr\/wp-json\/wp\/v2\/product\/649637"}],"collection":[{"href":"https:\/\/shop.kustom.ch\/fr\/wp-json\/wp\/v2\/product"}],"about":[{"href":"https:\/\/shop.kustom.ch\/fr\/wp-json\/wp\/v2\/types\/product"}],"wp:featuredmedia":[{"embeddable":true,"href":"https:\/\/shop.kustom.ch\/fr\/wp-json\/wp\/v2\/media\/649639"}],"wp:attachment":[{"href":"https:\/\/shop.kustom.ch\/fr\/wp-json\/wp\/v2\/media?parent=649637"}],"wp:term":[{"taxonomy":"product_brand","embeddable":true,"href":"https:\/\/shop.kustom.ch\/fr\/wp-json\/wp\/v2\/product_brand?post=649637"},{"taxonomy":"product_cat","embeddable":true,"href":"https:\/\/shop.kustom.ch\/fr\/wp-json\/wp\/v2\/product_cat?post=649637"},{"taxonomy":"product_tag","embeddable":true,"href":"https:\/\/shop.kustom.ch\/fr\/wp-json\/wp\/v2\/product_tag?post=649637"}],"curies":[{"name":"wp","href":"https:\/\/api.w.org\/{rel}","templated":true}]}}