{"id":649535,"date":"2025-04-08T03:13:59","date_gmt":"2025-04-08T02:13:59","guid":{"rendered":"https:\/\/shop.kustom.ch\/?post_type=product&#038;p=649535"},"modified":"2026-03-30T14:38:54","modified_gmt":"2026-03-30T13:38:54","slug":"sicherheitsschuhe-footwear-energy-4","status":"publish","type":"product","link":"https:\/\/shop.kustom.ch\/fr\/produit\/sicherheitsschuhe-footwear-energy-4\/","title":{"rendered":"Chaussures de s\u00e9curit\u00e9 FOOTWEAR ENERGY"},"content":{"rendered":"<p>La partie avant de la chaussure est extr\u00eamement flexible. Se ferme et s'ouvre avec le syst\u00e8me BOA\u00ae Fit, un syst\u00e8me compos\u00e9 d'un bouton rotatif, d'un c\u00e2ble et de guides de lacet. Embout de protection en composite. Protection anti-perforation en textile MASCOLAYER\u00ae. Insert dans la semelle interm\u00e9diaire en mat\u00e9riau Lightweight amortissant les chocs. Semelle bi-mati\u00e8re souple et flexible en PU\/PU, absorbant les chocs. Semelle r\u00e9sistante non marquante qui ne d\u00e9teint pas. Protection de la pointe en TPU. Tige en cuir pleine fleur de premi\u00e8re qualit\u00e9. Semelle r\u00e9sistante \u00e0 la chaleur jusqu'\u00e0 140\u00b0C. Bord du talon. Profondeur de profil de 5,0 mm. Semelle int\u00e9rieure interchangeable avec soutien optimis\u00e9 de la vo\u00fbte plantaire, qui peut contrecarrer la tendance au pied plat. Semelle r\u00e9sistante \u00e0 l'huile et \u00e0 l'essence. Test\u00e9 ESD selon EN IEC 61340-4-3 : 2018, EN 61340-5-1 : 2016.<\/p>\n<p>Classe de s\u00e9curit\u00e9 S3S ; Antid\u00e9rapant (SR) ; Semelle r\u00e9sistante aux huiles et aux hydrocarbures (FO) ; Surchaussure r\u00e9sistante (SC) ; Dissipation de l'\u00e9lectricit\u00e9 statique (ESD) ; EN ISO 20345 : 2022<br \/>\nCuir sup\u00e9rieur de buffle pleine fleur<br \/>\nTaille 1042 : 619 g<\/p>\n<p><a href=\"https:\/\/mascotsitecore-1ccb8.kxcdn.com\/pdf\/F0137-902-09-de.pdf\" target=\"_blank\" rel=\"noopener\"><u>Ouvrir la fiche produit<\/u><\/a><\/p>","protected":false},"excerpt":{"rendered":"<ul>\n<li>Chaussure de s\u00e9curit\u00e9 r\u00e9sistante et imperm\u00e9able en cuir souple et flexible.<\/li>\n<li>Semelle d'usure en PU r\u00e9sistante et antid\u00e9rapante, r\u00e9sistant \u00e0 une chaleur de 140 \u00b0C.<\/li>\n<li>Les inserts ETPU dans la semelle amortissent les chocs de mani\u00e8re efficace, de sorte que les jambes et le dos sont prot\u00e9g\u00e9s \u00e0 chaque pas.<\/li>\n<li>L'embout en composite et la protection de la pointe renforc\u00e9e en TPU offrent la protection n\u00e9cessaire et rendent la chaussure particuli\u00e8rement r\u00e9sistante.<\/li>\n<li>Bon ajustement gr\u00e2ce au syst\u00e8me BOA\u00ae Fit.<\/li>\n<\/ul>","protected":false},"featured_media":649557,"template":"","meta":[],"product_brand":[],"product_cat":[4197],"product_tag":[],"class_list":{"0":"post-649535","1":"product","2":"type-product","3":"status-publish","4":"has-post-thumbnail","6":"product_cat-schuhe-sandalen","7":"pa_brand-mascot","8":"pa_brand-type-workwear","9":"pa_filter-color-schwarz","11":"first","12":"instock","13":"sale","14":"taxable","15":"shipping-taxable","16":"purchasable","17":"product-type-variable","18":"add-to-wishlist-before_image"},"exclude_global_add_ons":[],"addons":[],"acf":[],"_links":{"self":[{"href":"https:\/\/shop.kustom.ch\/fr\/wp-json\/wp\/v2\/product\/649535"}],"collection":[{"href":"https:\/\/shop.kustom.ch\/fr\/wp-json\/wp\/v2\/product"}],"about":[{"href":"https:\/\/shop.kustom.ch\/fr\/wp-json\/wp\/v2\/types\/product"}],"wp:featuredmedia":[{"embeddable":true,"href":"https:\/\/shop.kustom.ch\/fr\/wp-json\/wp\/v2\/media\/649557"}],"wp:attachment":[{"href":"https:\/\/shop.kustom.ch\/fr\/wp-json\/wp\/v2\/media?parent=649535"}],"wp:term":[{"taxonomy":"product_brand","embeddable":true,"href":"https:\/\/shop.kustom.ch\/fr\/wp-json\/wp\/v2\/product_brand?post=649535"},{"taxonomy":"product_cat","embeddable":true,"href":"https:\/\/shop.kustom.ch\/fr\/wp-json\/wp\/v2\/product_cat?post=649535"},{"taxonomy":"product_tag","embeddable":true,"href":"https:\/\/shop.kustom.ch\/fr\/wp-json\/wp\/v2\/product_tag?post=649535"}],"curies":[{"name":"wp","href":"https:\/\/api.w.org\/{rel}","templated":true}]}}