{"id":649494,"date":"2025-04-08T03:13:50","date_gmt":"2025-04-08T02:13:50","guid":{"rendered":"https:\/\/shop.kustom.ch\/?post_type=product&#038;p=649494"},"modified":"2026-03-30T14:38:21","modified_gmt":"2026-03-30T13:38:21","slug":"sicherheitssandale-footwear-customized","status":"publish","type":"product","link":"https:\/\/shop.kustom.ch\/fr\/produit\/sicherheitssandale-footwear-customized\/","title":{"rendered":"Sandale de s\u00e9curit\u00e9 FOOTWEAR CUSTOMIZED"},"content":{"rendered":"<p>La partie avant de la chaussure est extr\u00eamement flexible. Dessus en textile r\u00e9sistant. Le mat\u00e9riau ext\u00e9rieur est respirant et \u00e9vacue l'humidit\u00e9 et la chaleur des pieds. Fermeture et ouverture par le syst\u00e8me BOA\u00ae Fit, un syst\u00e8me compos\u00e9 d'un bouton rotatif, d'un c\u00e2ble et de guides lacets. Embout de protection des orteils en composite. Protection contre la p\u00e9n\u00e9tration des ongles en textile sp\u00e9cial. Semelle int\u00e9rieure souple et flexible, absorbant les chocs. Les semelles int\u00e9rieures sont interchangeables. Semelle interm\u00e9diaire en phylon. Convient au travail \u00e0 genoux. Semelle ext\u00e9rieure en caoutchouc, extr\u00eamement antid\u00e9rapante. Semelle r\u00e9sistante \u00e0 l'huile et \u00e0 l'essence. Test\u00e9 ESD selon EN IEC 61340-4-3 : 2018, EN 61340-5-1 : 2016.<\/p>\n<p>Classe de s\u00e9curit\u00e9 S1PL ; antid\u00e9rapant (SR) ; semelle r\u00e9sistante aux huiles et aux hydrocarbures (FO) ; dissipation de l'\u00e9lectricit\u00e9 statique (ESD) EN IEC 61340-4-3 : 2018, EN 61340-5-1 : 2016 ; EN ISO 20345 : 2022<br \/>\nPolyamide<br \/>\nTaille 42 : 581 g<\/p>\n<p><a href=\"https:\/\/mascotsitecore-1ccb8.kxcdn.com\/pdf\/F0651-704-0688-de.pdf\" target=\"_blank\" rel=\"noopener\"><u>Ouvrir la fiche produit<\/u><\/a><\/p>","protected":false},"excerpt":{"rendered":"<ul>\n<li>Combinez vos chaussures avec les v\u00eatements de travail MASCOT\u00ae CUSTOMIZED.<\/li>\n<li>Chaussure l\u00e9g\u00e8re et flexible avec une tige textile r\u00e9sistante.<\/li>\n<li>La semelle ext\u00e9rieure en caoutchouc antid\u00e9rapant assure une bonne stabilit\u00e9 \u00e0 tout moment.<\/li>\n<li>Semelle interm\u00e9diaire en Phylon l\u00e9g\u00e8re et flexible pour une grande stabilit\u00e9 et un grand confort.<\/li>\n<li>Bon ajustement gr\u00e2ce au syst\u00e8me BOA\u00ae Fit.<\/li>\n<\/ul>","protected":false},"featured_media":649495,"template":"","meta":[],"product_brand":[],"product_cat":[4197],"product_tag":[],"class_list":{"0":"post-649494","1":"product","2":"type-product","3":"status-publish","4":"has-post-thumbnail","6":"product_cat-schuhe-sandalen","7":"pa_brand-mascot","8":"pa_brand-type-workwear","9":"pa_filter-color-blau","10":"pa_filter-color-grau","11":"pa_filter-color-gruen","12":"pa_filter-color-schwarz","13":"pa_filter-color-weiss","15":"first","16":"instock","17":"sale","18":"taxable","19":"shipping-taxable","20":"purchasable","21":"product-type-variable","22":"add-to-wishlist-before_image"},"exclude_global_add_ons":[],"addons":[],"acf":[],"_links":{"self":[{"href":"https:\/\/shop.kustom.ch\/fr\/wp-json\/wp\/v2\/product\/649494"}],"collection":[{"href":"https:\/\/shop.kustom.ch\/fr\/wp-json\/wp\/v2\/product"}],"about":[{"href":"https:\/\/shop.kustom.ch\/fr\/wp-json\/wp\/v2\/types\/product"}],"wp:featuredmedia":[{"embeddable":true,"href":"https:\/\/shop.kustom.ch\/fr\/wp-json\/wp\/v2\/media\/649495"}],"wp:attachment":[{"href":"https:\/\/shop.kustom.ch\/fr\/wp-json\/wp\/v2\/media?parent=649494"}],"wp:term":[{"taxonomy":"product_brand","embeddable":true,"href":"https:\/\/shop.kustom.ch\/fr\/wp-json\/wp\/v2\/product_brand?post=649494"},{"taxonomy":"product_cat","embeddable":true,"href":"https:\/\/shop.kustom.ch\/fr\/wp-json\/wp\/v2\/product_cat?post=649494"},{"taxonomy":"product_tag","embeddable":true,"href":"https:\/\/shop.kustom.ch\/fr\/wp-json\/wp\/v2\/product_tag?post=649494"}],"curies":[{"name":"wp","href":"https:\/\/api.w.org\/{rel}","templated":true}]}}