{"id":649127,"date":"2025-04-08T02:49:20","date_gmt":"2025-04-08T01:49:20","guid":{"rendered":"https:\/\/shop.kustom.ch\/?post_type=product&#038;p=649127"},"modified":"2026-03-30T14:37:31","modified_gmt":"2026-03-30T13:37:31","slug":"sicherheitssandale-footwear-accelerate","status":"publish","type":"product","link":"https:\/\/shop.kustom.ch\/fr\/produit\/sicherheitssandale-footwear-accelerate\/","title":{"rendered":"Sandale de s\u00e9curit\u00e9 FOOTWEAR ACCELERATE"},"content":{"rendered":"<p>Poids faible. Perm\u00e9able \u00e0 l'air. Fermeture \u00e0 lacets. Embout de protection en composite. Protection anti-perforation en textile MASCOLAYER\u00ae. Protection de la pointe en TPU. Semelle int\u00e9rieure amortissante, l\u00e9g\u00e8re et flexible. Les semelles int\u00e9rieures sont interchangeables. Semelle intercalaire amortissante, l\u00e9g\u00e8re et flexible en EVA. Semelle ext\u00e9rieure en caoutchouc nitrile, extr\u00eamement antid\u00e9rapante. Semelle r\u00e9sistante \u00e0 l'huile et \u00e0 l'essence. Test\u00e9 ESD selon EN IEC 61340-4-3 : 2018, EN 61340-5-1 : 2016.<\/p>\n<p>Classe de s\u00e9curit\u00e9 S1PS ; antid\u00e9rapant (SR) ; semelle r\u00e9sistante aux huiles et aux hydrocarbures (FO) ; dissipation de l'\u00e9lectricit\u00e9 statique (ESD) EN IEC 61340-4-3 : 2018, EN 61340-5-1 : 2016 ; EN ISO 20345 : 2022<br \/>\nTextile<br \/>\nTaille 1042 : 588 g<\/p>\n<p><a href=\"https:\/\/mascotsitecore-1ccb8.kxcdn.com\/pdf\/F1505-909-01091-de.pdf\" target=\"_blank\" rel=\"noopener\"><u>Ouvrir la fiche produit<\/u><\/a><\/p>","protected":false},"excerpt":{"rendered":"<ul>\n<li>Mix &amp; Match de vos sandales de s\u00e9curit\u00e9 avec des v\u00eatements de travail de MASCOT\u00ae ACCELERATE.<\/li>\n<li>Sandale de s\u00e9curit\u00e9 l\u00e9g\u00e8re et flexible avec une tige r\u00e9sistante qui vous permet de toujours donner le meilleur de vous-m\u00eame.<\/li>\n<li>La semelle interm\u00e9diaire EVA amortissante, l\u00e9g\u00e8re et flexible offre un confort suppl\u00e9mentaire tout au long de la journ\u00e9e de travail.<\/li>\n<li>L'embout en composite et la protection de la pointe renforc\u00e9e en TPU offrent la protection n\u00e9cessaire et rendent la chaussure particuli\u00e8rement r\u00e9sistante.<\/li>\n<li>La semelle ext\u00e9rieure en caoutchouc antid\u00e9rapant assure une bonne stabilit\u00e9 \u00e0 tout moment.<\/li>\n<li>Disponible \u00e9galement en taille femme.<\/li>\n<\/ul>","protected":false},"featured_media":649128,"template":"","meta":[],"product_brand":[],"product_cat":[4197],"product_tag":[],"class_list":{"0":"post-649127","1":"product","2":"type-product","3":"status-publish","4":"has-post-thumbnail","6":"product_cat-schuhe-sandalen","7":"pa_brand-mascot","8":"pa_brand-type-workwear","9":"pa_filter-color-blau","10":"pa_filter-color-schwarz","12":"first","13":"instock","14":"sale","15":"taxable","16":"shipping-taxable","17":"purchasable","18":"product-type-variable","19":"add-to-wishlist-before_image"},"exclude_global_add_ons":[],"addons":[],"acf":[],"_links":{"self":[{"href":"https:\/\/shop.kustom.ch\/fr\/wp-json\/wp\/v2\/product\/649127"}],"collection":[{"href":"https:\/\/shop.kustom.ch\/fr\/wp-json\/wp\/v2\/product"}],"about":[{"href":"https:\/\/shop.kustom.ch\/fr\/wp-json\/wp\/v2\/types\/product"}],"wp:featuredmedia":[{"embeddable":true,"href":"https:\/\/shop.kustom.ch\/fr\/wp-json\/wp\/v2\/media\/649128"}],"wp:attachment":[{"href":"https:\/\/shop.kustom.ch\/fr\/wp-json\/wp\/v2\/media?parent=649127"}],"wp:term":[{"taxonomy":"product_brand","embeddable":true,"href":"https:\/\/shop.kustom.ch\/fr\/wp-json\/wp\/v2\/product_brand?post=649127"},{"taxonomy":"product_cat","embeddable":true,"href":"https:\/\/shop.kustom.ch\/fr\/wp-json\/wp\/v2\/product_cat?post=649127"},{"taxonomy":"product_tag","embeddable":true,"href":"https:\/\/shop.kustom.ch\/fr\/wp-json\/wp\/v2\/product_tag?post=649127"}],"curies":[{"name":"wp","href":"https:\/\/api.w.org\/{rel}","templated":true}]}}