{"id":649030,"date":"2025-04-08T02:47:09","date_gmt":"2025-04-08T01:47:09","guid":{"rendered":"https:\/\/shop.kustom.ch\/?post_type=product&#038;p=649030"},"modified":"2026-03-30T14:37:16","modified_gmt":"2026-03-30T13:37:16","slug":"sicherheitsstiefel-footwear-accelerate","status":"publish","type":"product","link":"https:\/\/shop.kustom.ch\/fr\/produit\/sicherheitsstiefel-footwear-accelerate\/","title":{"rendered":"Bottes de s\u00e9curit\u00e9 FOOTWEAR ACCELERATE"},"content":{"rendered":"<p>Poids faible. Perm\u00e9able \u00e0 l'air. R\u00e9sistant \u00e0 l'eau. Fermeture \u00e0 lacets. Embout de protection en composite. Protection contre la p\u00e9n\u00e9tration des clous en textile MASCOLAYER\u00ae. Protection des pointes en TPU. Semelle int\u00e9rieure amortissante, l\u00e9g\u00e8re et flexible. Les semelles int\u00e9rieures sont interchangeables. Semelle intercalaire amortissante, l\u00e9g\u00e8re et flexible en EVA. Semelle ext\u00e9rieure en caoutchouc nitrile, extr\u00eamement antid\u00e9rapante. Semelle r\u00e9sistante \u00e0 l'huile et \u00e0 l'essence. Test\u00e9 ESD selon EN IEC 61340-4-3 : 2018, EN 61340-5-1 : 2016.<\/p>\n<p>Classe de s\u00e9curit\u00e9 S3S ; antid\u00e9rapant (SR) ; semelle r\u00e9sistante aux huiles et aux hydrocarbures (FO) ; dissipation de l'\u00e9lectricit\u00e9 statique (ESD) EN IEC 61340-4-3 : 2018, EN 61340-5-1 : 2016 ; EN ISO 20345 : 2022<br \/>\nTextile<br \/>\nTaille 1042 : 645 g<\/p>\n<p><a href=\"https:\/\/mascotsitecore-1ccb8.kxcdn.com\/pdf\/F1503-909-01091-de.pdf\" target=\"_blank\" rel=\"noopener\"><u>Ouvrir la fiche produit<\/u><\/a><\/p>","protected":false},"excerpt":{"rendered":"<ul>\n<li>Mix &amp; Match de vos bottes de s\u00e9curit\u00e9 avec les v\u00eatements de travail de MASCOT\u00ae ACCELERATE.<\/li>\n<li>Chaussure l\u00e9g\u00e8re et flexible, dot\u00e9e d'une tige imperm\u00e9able et r\u00e9sistante, qui vous permettra de toujours donner le meilleur de vous-m\u00eame.<\/li>\n<li>La semelle interm\u00e9diaire EVA amortissante, l\u00e9g\u00e8re et flexible offre un confort suppl\u00e9mentaire tout au long de la journ\u00e9e de travail.<\/li>\n<li>L'embout en composite et la protection de la pointe renforc\u00e9e en TPU offrent la protection n\u00e9cessaire et rendent la chaussure particuli\u00e8rement r\u00e9sistante.<\/li>\n<li>La semelle ext\u00e9rieure en caoutchouc antid\u00e9rapant assure une bonne stabilit\u00e9 \u00e0 tout moment.<\/li>\n<li>Disponible \u00e9galement en taille femme.<\/li>\n<\/ul>","protected":false},"featured_media":649031,"template":"","meta":[],"product_brand":[],"product_cat":[4197],"product_tag":[],"class_list":{"0":"post-649030","1":"product","2":"type-product","3":"status-publish","4":"has-post-thumbnail","6":"product_cat-schuhe-sandalen","7":"pa_brand-mascot","8":"pa_brand-type-workwear","9":"pa_filter-color-blau","10":"pa_filter-color-gruen","11":"pa_filter-color-rot","12":"pa_filter-color-schwarz","14":"first","15":"instock","16":"sale","17":"taxable","18":"shipping-taxable","19":"purchasable","20":"product-type-variable","21":"add-to-wishlist-before_image"},"exclude_global_add_ons":[],"addons":[],"acf":[],"_links":{"self":[{"href":"https:\/\/shop.kustom.ch\/fr\/wp-json\/wp\/v2\/product\/649030"}],"collection":[{"href":"https:\/\/shop.kustom.ch\/fr\/wp-json\/wp\/v2\/product"}],"about":[{"href":"https:\/\/shop.kustom.ch\/fr\/wp-json\/wp\/v2\/types\/product"}],"wp:featuredmedia":[{"embeddable":true,"href":"https:\/\/shop.kustom.ch\/fr\/wp-json\/wp\/v2\/media\/649031"}],"wp:attachment":[{"href":"https:\/\/shop.kustom.ch\/fr\/wp-json\/wp\/v2\/media?parent=649030"}],"wp:term":[{"taxonomy":"product_brand","embeddable":true,"href":"https:\/\/shop.kustom.ch\/fr\/wp-json\/wp\/v2\/product_brand?post=649030"},{"taxonomy":"product_cat","embeddable":true,"href":"https:\/\/shop.kustom.ch\/fr\/wp-json\/wp\/v2\/product_cat?post=649030"},{"taxonomy":"product_tag","embeddable":true,"href":"https:\/\/shop.kustom.ch\/fr\/wp-json\/wp\/v2\/product_tag?post=649030"}],"curies":[{"name":"wp","href":"https:\/\/api.w.org\/{rel}","templated":true}]}}