{"id":648633,"date":"2025-04-07T19:48:13","date_gmt":"2025-04-07T18:48:13","guid":{"rendered":"https:\/\/shop.kustom.ch\/?post_type=product&#038;p=648633"},"modified":"2026-03-31T09:25:31","modified_gmt":"2026-03-31T08:25:31","slug":"grab-windbreaker-men","status":"publish","type":"product","link":"https:\/\/shop.kustom.ch\/fr\/produit\/grab-windbreaker-men\/","title":{"rendered":"Coupe-vent Grab Men"},"content":{"rendered":"<p>Le Grab est le m\u00e9lange ultime de style et de fonctionnalit\u00e9, parfait pour les jours de vent. Ce coupe-vent a une finition mate pour un look moderne et dispose de fermetures \u00e9clair de la m\u00eame couleur pour un design sans coutures. La capuche est entour\u00e9e d'une bande souple, tandis que les poignets \u00e9lastiques assurent un bon maintien. \u00c0 l'int\u00e9rieur, une doublure en maille respirante et du taffetas lisse dans la capuche et sur les manches assurent un confort tout au long de la journ\u00e9e. La veste est dot\u00e9e d'un traitement hydrofuge C0 Bionic Finish Eco.<\/p>\n<p>Mat\u00e9riau : Ext\u00e9rieur : polyester 100%, 75g\/m\u00b2. Doublure(Mesh) : 100% polyester recycl\u00e9 certifi\u00e9, 70g\/m\u00b2. Doublure(taffetas) : polyester recycl\u00e9 certifi\u00e9 100%, 80g\/m\u00b2. Propri\u00e9t\u00e9 : traitement d\u00e9perlant C0<\/p>","protected":false},"excerpt":{"rendered":"<p>Die Grab ist die ultimative Mischung aus Stil und Funktionalit\u00e4t, perfekt f\u00fcr windige Tage. Diese Windjacke hat ein mattes Finish f\u00fcr einen modernen Look und verf\u00fcgt \u00fcber gleichfarbige Reissverschl\u00fcsse f\u00fcr ein nahtloses Design. Die Kapuze ist von einem weichen Band umgeben, w\u00e4hrend die elastischen \u00c4rmelabschl\u00fcsse f\u00fcr einen guten Sitz sorgen. Innen sorgen ein atmungsaktives Netzfutter [&hellip;]<\/p>\n","protected":false},"featured_media":648660,"template":"","meta":[],"product_brand":[],"product_cat":[4186],"product_tag":[],"class_list":{"0":"post-648633","1":"product","2":"type-product","3":"status-publish","4":"has-post-thumbnail","6":"product_cat-jacken","7":"pa_brand-printer-red","8":"pa_brand-type-workwear","9":"pa_filter-color-blau","10":"pa_filter-color-rot","11":"pa_filter-color-schwarz","13":"first","14":"instock","15":"sale","16":"taxable","17":"shipping-taxable","18":"purchasable","19":"product-type-variable","20":"add-to-wishlist-before_image"},"exclude_global_add_ons":[],"addons":[],"acf":[],"_links":{"self":[{"href":"https:\/\/shop.kustom.ch\/fr\/wp-json\/wp\/v2\/product\/648633"}],"collection":[{"href":"https:\/\/shop.kustom.ch\/fr\/wp-json\/wp\/v2\/product"}],"about":[{"href":"https:\/\/shop.kustom.ch\/fr\/wp-json\/wp\/v2\/types\/product"}],"wp:featuredmedia":[{"embeddable":true,"href":"https:\/\/shop.kustom.ch\/fr\/wp-json\/wp\/v2\/media\/648660"}],"wp:attachment":[{"href":"https:\/\/shop.kustom.ch\/fr\/wp-json\/wp\/v2\/media?parent=648633"}],"wp:term":[{"taxonomy":"product_brand","embeddable":true,"href":"https:\/\/shop.kustom.ch\/fr\/wp-json\/wp\/v2\/product_brand?post=648633"},{"taxonomy":"product_cat","embeddable":true,"href":"https:\/\/shop.kustom.ch\/fr\/wp-json\/wp\/v2\/product_cat?post=648633"},{"taxonomy":"product_tag","embeddable":true,"href":"https:\/\/shop.kustom.ch\/fr\/wp-json\/wp\/v2\/product_tag?post=648633"}],"curies":[{"name":"wp","href":"https:\/\/api.w.org\/{rel}","templated":true}]}}