{"id":648567,"date":"2025-04-07T19:47:47","date_gmt":"2025-04-07T18:47:47","guid":{"rendered":"https:\/\/shop.kustom.ch\/?post_type=product&#038;p=648567"},"modified":"2026-03-31T09:27:06","modified_gmt":"2026-03-31T08:27:06","slug":"boardslide-lady","status":"publish","type":"product","link":"https:\/\/shop.kustom.ch\/fr\/produit\/boardslide-lady\/","title":{"rendered":"Boardslide Lady"},"content":{"rendered":"<p>Pr\u00e9sentons la veste Boardslide, une softshell fabriqu\u00e9e \u00e0 partir de 5 couches de tissu pour des performances incomparables. Dot\u00e9e d'une membrane fonctionnelle associ\u00e9e \u00e0 une polaire chaude et termin\u00e9e par une doublure matelass\u00e9e en polyester recycl\u00e9, cette veste offre \u00e0 la fois chaleur et protection. Avec sa coupe r\u00e9guli\u00e8re, ses poignets et son ourlet r\u00e9glables, la veste Boardslide garantit un ajustement personnalis\u00e9 pour chaque aventure. Trois poches zipp\u00e9es faciles d'acc\u00e8s offrent suffisamment d'espace de rangement pour vos essentiels en cours de route. \u00c9quip\u00e9e d'une capuche fixe, r\u00e9glable sur le c\u00f4t\u00e9 \u00e0 l'aide de stoppeurs, cette veste offre une polyvalence et une protection suppl\u00e9mentaires contre les \u00e9l\u00e9ments. Que vous partiez \u00e0 la conqu\u00eate des pistes ou que vous exploriez la ville, la veste Boardslide est votre choix id\u00e9al pour une protection flexible et du style. Emball\u00e9e dans un sac biosourc\u00e9 et compostable.<\/p>\n<p>Mat\u00e9riau : Tissu ext\u00e9rieur : 100% polyester recycl\u00e9 280 g\/m2. Garnissage : 100% polyester recycl\u00e9 80 g\/m2. Doublure : 100% polyester recycl\u00e9 58 g\/m2. WP 1000 \/ MVP 200. norme Oeko-Tex 100.<\/p>","protected":false},"excerpt":{"rendered":"<p>Pr\u00e4sentieren wir Ihnen die Boardslide Jacke, eine Softshell, die aus 5 Lagen Stoff f\u00fcr unvergleichliche Leistung gefertigt ist. Mit einer funktionalen Membran, die mit w\u00e4rmendem Fleece verbunden und mit einem gepolsterten Innenfutter aus Recycling-Polyester abgeschlossen ist, bietet diese Jacke sowohl W\u00e4rme als auch Schutz. Mit ihrem Regular Fit und den verstellbaren \u00c4rmelb\u00fcndchen und dem Saum [&hellip;]<\/p>\n","protected":false},"featured_media":648626,"template":"","meta":[],"product_brand":[],"product_cat":[4186],"product_tag":[],"class_list":{"0":"post-648567","1":"product","2":"type-product","3":"status-publish","4":"has-post-thumbnail","6":"product_cat-jacken","7":"pa_brand-printer-red","8":"pa_brand-type-workwear","9":"pa_filter-color-blau","10":"pa_filter-color-rot","11":"pa_filter-color-schwarz","13":"first","14":"instock","15":"sale","16":"taxable","17":"shipping-taxable","18":"purchasable","19":"product-type-variable","20":"add-to-wishlist-before_image"},"exclude_global_add_ons":[],"addons":[],"acf":[],"_links":{"self":[{"href":"https:\/\/shop.kustom.ch\/fr\/wp-json\/wp\/v2\/product\/648567"}],"collection":[{"href":"https:\/\/shop.kustom.ch\/fr\/wp-json\/wp\/v2\/product"}],"about":[{"href":"https:\/\/shop.kustom.ch\/fr\/wp-json\/wp\/v2\/types\/product"}],"wp:featuredmedia":[{"embeddable":true,"href":"https:\/\/shop.kustom.ch\/fr\/wp-json\/wp\/v2\/media\/648626"}],"wp:attachment":[{"href":"https:\/\/shop.kustom.ch\/fr\/wp-json\/wp\/v2\/media?parent=648567"}],"wp:term":[{"taxonomy":"product_brand","embeddable":true,"href":"https:\/\/shop.kustom.ch\/fr\/wp-json\/wp\/v2\/product_brand?post=648567"},{"taxonomy":"product_cat","embeddable":true,"href":"https:\/\/shop.kustom.ch\/fr\/wp-json\/wp\/v2\/product_cat?post=648567"},{"taxonomy":"product_tag","embeddable":true,"href":"https:\/\/shop.kustom.ch\/fr\/wp-json\/wp\/v2\/product_tag?post=648567"}],"curies":[{"name":"wp","href":"https:\/\/api.w.org\/{rel}","templated":true}]}}