{"id":648461,"date":"2025-04-07T19:36:16","date_gmt":"2025-04-07T18:36:16","guid":{"rendered":"https:\/\/shop.kustom.ch\/?post_type=product&#038;p=648461"},"modified":"2026-03-31T09:51:01","modified_gmt":"2026-03-31T08:51:01","slug":"shoelaces","status":"publish","type":"product","link":"https:\/\/shop.kustom.ch\/fr\/produit\/shoelaces\/","title":{"rendered":"Shoelaces"},"content":{"rendered":"<p>Cr\u00e9ez votre propre style, lacets disponibles en 8 couleurs, une option r\u00e9fl\u00e9chissante, taille unique 110 cm<\/p>\n<p>Mat\u00e9riaux : Couleurs essentielles : 100% coton recycl\u00e9. 949 R\u00e9fl\u00e9chissant : 95% polyester recycl\u00e9, 5% polyester<\/p>","protected":false},"excerpt":{"rendered":"<p>Kreieren Sie Ihren eigenen Stil, Schn\u00fcrsenkel in 8 Farben erh\u00e4ltlich, eine reflektierende Option, Einheitsgr\u00f6sse 110 cm Material: Essentials-Farben: 100% recycelte Baumwolle. 949 Reflektierend: 95% recyceltes Polyester, 5% Polyester<\/p>","protected":false},"featured_media":648498,"template":"","meta":[],"product_brand":[],"product_cat":[4209],"product_tag":[],"class_list":{"0":"post-648461","1":"product","2":"type-product","3":"status-publish","4":"has-post-thumbnail","6":"product_cat-zubehoer","7":"pa_brand-printer","8":"pa_brand-type-workwear","9":"pa_filter-color-blau","10":"pa_filter-color-grau","11":"pa_filter-color-gruen","12":"pa_filter-color-rot","13":"pa_filter-color-schwarz","14":"pa_filter-color-weiss","16":"first","17":"instock","18":"sale","19":"taxable","20":"shipping-taxable","21":"purchasable","22":"product-type-variable","23":"add-to-wishlist-before_image"},"exclude_global_add_ons":[],"addons":[],"acf":[],"_links":{"self":[{"href":"https:\/\/shop.kustom.ch\/fr\/wp-json\/wp\/v2\/product\/648461"}],"collection":[{"href":"https:\/\/shop.kustom.ch\/fr\/wp-json\/wp\/v2\/product"}],"about":[{"href":"https:\/\/shop.kustom.ch\/fr\/wp-json\/wp\/v2\/types\/product"}],"wp:featuredmedia":[{"embeddable":true,"href":"https:\/\/shop.kustom.ch\/fr\/wp-json\/wp\/v2\/media\/648498"}],"wp:attachment":[{"href":"https:\/\/shop.kustom.ch\/fr\/wp-json\/wp\/v2\/media?parent=648461"}],"wp:term":[{"taxonomy":"product_brand","embeddable":true,"href":"https:\/\/shop.kustom.ch\/fr\/wp-json\/wp\/v2\/product_brand?post=648461"},{"taxonomy":"product_cat","embeddable":true,"href":"https:\/\/shop.kustom.ch\/fr\/wp-json\/wp\/v2\/product_cat?post=648461"},{"taxonomy":"product_tag","embeddable":true,"href":"https:\/\/shop.kustom.ch\/fr\/wp-json\/wp\/v2\/product_tag?post=648461"}],"curies":[{"name":"wp","href":"https:\/\/api.w.org\/{rel}","templated":true}]}}