{"id":648300,"date":"2025-04-07T19:34:56","date_gmt":"2025-04-07T18:34:56","guid":{"rendered":"https:\/\/shop.kustom.ch\/?post_type=product&#038;p=648300"},"modified":"2026-03-31T09:53:09","modified_gmt":"2026-03-31T08:53:09","slug":"heavier-pro-l-s-women","status":"publish","type":"product","link":"https:\/\/shop.kustom.ch\/fr\/produit\/heavier-pro-l-s-women\/","title":{"rendered":"Heavier Pro L\/S Femmes"},"content":{"rendered":"<p>T-shirt \u00e0 la coupe moderne, avec renforts sur les coutures des \u00e9paules et doubles coutures autour du cou. \u00c9lasthanne dans la c\u00f4te du cou. C\u00f4te du cou avec quatre couches pour une meilleure stabilit\u00e9. Une poche est pr\u00e9vue dans la couture int\u00e9rieure gauche pour ins\u00e9rer une puce de lavage. Polybag compostable. Certifi\u00e9 Oeko-Tex.<\/p>\n<p>Mati\u00e8re : 60% coton organique, 40% polyester recycl\u00e9, 180 g\/m\u00b2 (120 Gris : 85% coton organique, 15% viscose)<\/p>","protected":false},"excerpt":{"rendered":"<p>T-Shirt mit moderner Passform, Verst\u00e4rkung an den Schultern\u00e4hten und doppelten N\u00e4hten um den Hals. Elasthan im Halsripp. Halsripp mit vier Schichten f\u00fcr bessere Stabilit\u00e4t. In der linken Innennaht ist eine Tasche f\u00fcr das Einsetzen eines W\u00e4schechips vorgesehen. Kompostierbaren Polybag. Oeko-Tex zertifiziert. Material: 60% Organic-Baumwolle, 40% recyceltes-Polyester, 180 g\/m\u00b2 (120 Graumeliert: 85% Organic-Baumwolle, 15% Viskose)<\/p>","protected":false},"featured_media":648301,"template":"","meta":[],"product_brand":[],"product_cat":[4201],"product_tag":[],"class_list":{"0":"post-648300","1":"product","2":"type-product","3":"status-publish","4":"has-post-thumbnail","6":"product_cat-t-shirts","7":"pa_brand-printer","8":"pa_brand-type-workwear","9":"pa_filter-color-blau","10":"pa_filter-color-grau","11":"pa_filter-color-gruen","12":"pa_filter-color-rot","13":"pa_filter-color-schwarz","14":"pa_filter-color-weiss","16":"first","17":"instock","18":"sale","19":"taxable","20":"shipping-taxable","21":"purchasable","22":"product-type-variable","23":"add-to-wishlist-before_image"},"exclude_global_add_ons":[],"addons":[],"acf":[],"_links":{"self":[{"href":"https:\/\/shop.kustom.ch\/fr\/wp-json\/wp\/v2\/product\/648300"}],"collection":[{"href":"https:\/\/shop.kustom.ch\/fr\/wp-json\/wp\/v2\/product"}],"about":[{"href":"https:\/\/shop.kustom.ch\/fr\/wp-json\/wp\/v2\/types\/product"}],"wp:featuredmedia":[{"embeddable":true,"href":"https:\/\/shop.kustom.ch\/fr\/wp-json\/wp\/v2\/media\/648301"}],"wp:attachment":[{"href":"https:\/\/shop.kustom.ch\/fr\/wp-json\/wp\/v2\/media?parent=648300"}],"wp:term":[{"taxonomy":"product_brand","embeddable":true,"href":"https:\/\/shop.kustom.ch\/fr\/wp-json\/wp\/v2\/product_brand?post=648300"},{"taxonomy":"product_cat","embeddable":true,"href":"https:\/\/shop.kustom.ch\/fr\/wp-json\/wp\/v2\/product_cat?post=648300"},{"taxonomy":"product_tag","embeddable":true,"href":"https:\/\/shop.kustom.ch\/fr\/wp-json\/wp\/v2\/product_tag?post=648300"}],"curies":[{"name":"wp","href":"https:\/\/api.w.org\/{rel}","templated":true}]}}