{"id":648165,"date":"2025-04-07T19:33:40","date_gmt":"2025-04-07T18:33:40","guid":{"rendered":"https:\/\/shop.kustom.ch\/?post_type=product&#038;p=648165"},"modified":"2026-03-31T09:51:30","modified_gmt":"2026-03-31T08:51:30","slug":"base-jacket","status":"publish","type":"product","link":"https:\/\/shop.kustom.ch\/fr\/produit\/base-jacket\/","title":{"rendered":"Veste de base"},"content":{"rendered":"<p>Une veste matelass\u00e9e l\u00e9g\u00e8re essentielle pour toutes les occasions. Con\u00e7ue dans une coupe r\u00e9guli\u00e8re et matelass\u00e9e avec des lignes diagonales dynamiques, Base allie style et fonctionnalit\u00e9. Avec une capuche amovible et des bordures \u00e9lastiques, cette veste offre polyvalence et confort. Le haut de la poitrine et le dos sont con\u00e7us de mani\u00e8re strat\u00e9gique pour mettre en valeur votre personnalisation. Fabriqu\u00e9e en polyamide recycl\u00e9 certifi\u00e9 100%, Base n'est pas seulement respectueuse de l'environnement, elle est \u00e9galement certifi\u00e9e Oeko-Tex 100. Emball\u00e9 dans un sac biosourc\u00e9 et compostable.<\/p>\n<p>Mat\u00e9riau : Tissu ext\u00e9rieur : 100% polyamide recycl\u00e9 38 g\/m2. Doublure : 100% polyester recycl\u00e9. Garnissage : 100% polyester recycl\u00e9 37 g\/m2. Oeko-Tex Standard 100<\/p>","protected":false},"excerpt":{"rendered":"<p>Eine essenzielle leichte wattierte Jacke f\u00fcr jede Gelegenheit. Im Regular Fit gestaltet und mit dynamischen diagonalen Linien gesteppt, vereint Base Stil und Funktionalit\u00e4t. Mit einer abnehmbaren Kapuze und elastischen Einfassungen entlang der R\u00e4nder bietet diese Jacke Vielseitigkeit und Komfort. Die obere Brustfront und der R\u00fccken sind strategisch gestaltet, um Ihre Personalisierung hervorzuheben. Hergestellt aus 100% [&hellip;]<\/p>\n","protected":false},"featured_media":648166,"template":"","meta":[],"product_brand":[],"product_cat":[4186],"product_tag":[],"class_list":{"0":"post-648165","1":"product","2":"type-product","3":"status-publish","4":"has-post-thumbnail","6":"product_cat-jacken","7":"pa_brand-printer","8":"pa_brand-type-workwear","9":"pa_filter-color-blau","10":"pa_filter-color-grau","11":"pa_filter-color-gruen","12":"pa_filter-color-rot","13":"pa_filter-color-schwarz","14":"pa_filter-color-weiss","16":"first","17":"instock","18":"sale","19":"taxable","20":"shipping-taxable","21":"purchasable","22":"product-type-variable","23":"add-to-wishlist-before_image"},"exclude_global_add_ons":[],"addons":[],"acf":[],"_links":{"self":[{"href":"https:\/\/shop.kustom.ch\/fr\/wp-json\/wp\/v2\/product\/648165"}],"collection":[{"href":"https:\/\/shop.kustom.ch\/fr\/wp-json\/wp\/v2\/product"}],"about":[{"href":"https:\/\/shop.kustom.ch\/fr\/wp-json\/wp\/v2\/types\/product"}],"wp:featuredmedia":[{"embeddable":true,"href":"https:\/\/shop.kustom.ch\/fr\/wp-json\/wp\/v2\/media\/648166"}],"wp:attachment":[{"href":"https:\/\/shop.kustom.ch\/fr\/wp-json\/wp\/v2\/media?parent=648165"}],"wp:term":[{"taxonomy":"product_brand","embeddable":true,"href":"https:\/\/shop.kustom.ch\/fr\/wp-json\/wp\/v2\/product_brand?post=648165"},{"taxonomy":"product_cat","embeddable":true,"href":"https:\/\/shop.kustom.ch\/fr\/wp-json\/wp\/v2\/product_cat?post=648165"},{"taxonomy":"product_tag","embeddable":true,"href":"https:\/\/shop.kustom.ch\/fr\/wp-json\/wp\/v2\/product_tag?post=648165"}],"curies":[{"name":"wp","href":"https:\/\/api.w.org\/{rel}","templated":true}]}}