{"id":648111,"date":"2025-04-07T07:56:02","date_gmt":"2025-04-07T06:56:02","guid":{"rendered":"https:\/\/shop.kustom.ch\/?post_type=product&#038;p=648111"},"modified":"2025-04-07T18:04:22","modified_gmt":"2025-04-07T17:04:22","slug":"sport-socks-3pack-2","status":"publish","type":"product","link":"https:\/\/shop.kustom.ch\/fr\/produit\/sport-socks-3pack-2\/","title":{"rendered":"Sport Socks 3pack"},"content":{"rendered":"<p>Chaussettes de sport sobres avec un rembourrage confortable.<br \/>\nSemelle, orteils et talon rembourr\u00e9s ; Qualit\u00e9 sport lifestyle ; Forme r\u00e9guli\u00e8re et souple ; Avec Better Cotton<br \/>\n63% coton, 32% polyester, 3% polyamide, 2% \u00e9lasthanne ; 63% coton, 32% polyester, 3% polyamide, 2% \u00e9lasthanne ; ; ; ; ;<\/p>","protected":false},"excerpt":{"rendered":"<p>Schlichte Sportsocken mit bequemer Polsterung. Sohle, Zehen- und Fersenbereich gepolstert; Sportliche Lifestyle-Qualit\u00e4t; Anschmiegsame, regul\u00e4re Passform; Mit Better Cotton 63% Baumwolle, 32% Polyester, 3% Polyamid, 2% Elasthan; 63% Baumwolle, 32% Polyester, 3% Polyamid, 2% Elasthan; ; ; ; ; ;<\/p>","protected":false},"featured_media":648123,"template":"","meta":[],"product_brand":[],"product_cat":[6382],"product_tag":[],"class_list":{"0":"post-648111","1":"product","2":"type-product","3":"status-publish","4":"has-post-thumbnail","6":"product_cat-vbc-andwil-arnegg","8":"first","9":"instock","10":"taxable","11":"shipping-taxable","12":"purchasable","13":"product-type-variable","14":"add-to-wishlist-before_image"},"exclude_global_add_ons":[],"addons":[],"acf":[],"_links":{"self":[{"href":"https:\/\/shop.kustom.ch\/fr\/wp-json\/wp\/v2\/product\/648111"}],"collection":[{"href":"https:\/\/shop.kustom.ch\/fr\/wp-json\/wp\/v2\/product"}],"about":[{"href":"https:\/\/shop.kustom.ch\/fr\/wp-json\/wp\/v2\/types\/product"}],"wp:featuredmedia":[{"embeddable":true,"href":"https:\/\/shop.kustom.ch\/fr\/wp-json\/wp\/v2\/media\/648123"}],"wp:attachment":[{"href":"https:\/\/shop.kustom.ch\/fr\/wp-json\/wp\/v2\/media?parent=648111"}],"wp:term":[{"taxonomy":"product_brand","embeddable":true,"href":"https:\/\/shop.kustom.ch\/fr\/wp-json\/wp\/v2\/product_brand?post=648111"},{"taxonomy":"product_cat","embeddable":true,"href":"https:\/\/shop.kustom.ch\/fr\/wp-json\/wp\/v2\/product_cat?post=648111"},{"taxonomy":"product_tag","embeddable":true,"href":"https:\/\/shop.kustom.ch\/fr\/wp-json\/wp\/v2\/product_tag?post=648111"}],"curies":[{"name":"wp","href":"https:\/\/api.w.org\/{rel}","templated":true}]}}