{"id":648015,"date":"2025-04-05T01:59:59","date_gmt":"2025-04-05T00:59:59","guid":{"rendered":"https:\/\/shop.kustom.ch\/?post_type=product&#038;p=648015"},"modified":"2026-03-31T12:02:03","modified_gmt":"2026-03-31T11:02:03","slug":"modern-trouser","status":"publish","type":"product","link":"https:\/\/shop.kustom.ch\/fr\/produit\/modern-trouser\/","title":{"rendered":"Trousse moderne"},"content":{"rendered":"<p>Ces pantalons confortables \u00e0 taille stretch assurent un confort et un look soign\u00e9 tout au long de la journ\u00e9e. Combinez-les avec le surv\u00eatement \u00e0 poches patch ou le surv\u00eatement zipp\u00e9 moderne pour une tenue moderne compl\u00e8te. Parfait en combinaison avec des bottes ou des sneakers.<\/p>\n<p>Mati\u00e8re : 52% coton, 44% polyester recycl\u00e9, 4% \u00e9lasthanne<\/p>","protected":false},"excerpt":{"rendered":"<p>Diese bequemen Hosen mit Stretchbund sorgen den ganzen Tag f\u00fcr Komfort und einen gepflegten Look. Kombinieren Sie sie mit dem Patch-Pocket-Overshirt oder dem Modern-Zip-Overshirt f\u00fcr ein komplettes modernes Outfit. Perfekt in Kombination mit Stiefeln oder Sneakers. Material: 52% Baumwolle, 44% recyceltes Polyester, 4% Elasthan<\/p>","protected":false},"featured_media":648054,"template":"","meta":[],"product_brand":[],"product_cat":[4185],"product_tag":[],"class_list":{"0":"post-648015","1":"product","2":"type-product","3":"status-publish","4":"has-post-thumbnail","6":"product_cat-hosen","7":"pa_brand-harvest-frost","8":"pa_brand-type-workwear","9":"pa_filter-color-blau","10":"pa_filter-color-schwarz","12":"first","13":"instock","14":"sale","15":"taxable","16":"shipping-taxable","17":"purchasable","18":"product-type-variable","19":"add-to-wishlist-before_image"},"exclude_global_add_ons":[],"addons":[],"acf":[],"_links":{"self":[{"href":"https:\/\/shop.kustom.ch\/fr\/wp-json\/wp\/v2\/product\/648015"}],"collection":[{"href":"https:\/\/shop.kustom.ch\/fr\/wp-json\/wp\/v2\/product"}],"about":[{"href":"https:\/\/shop.kustom.ch\/fr\/wp-json\/wp\/v2\/types\/product"}],"wp:featuredmedia":[{"embeddable":true,"href":"https:\/\/shop.kustom.ch\/fr\/wp-json\/wp\/v2\/media\/648054"}],"wp:attachment":[{"href":"https:\/\/shop.kustom.ch\/fr\/wp-json\/wp\/v2\/media?parent=648015"}],"wp:term":[{"taxonomy":"product_brand","embeddable":true,"href":"https:\/\/shop.kustom.ch\/fr\/wp-json\/wp\/v2\/product_brand?post=648015"},{"taxonomy":"product_cat","embeddable":true,"href":"https:\/\/shop.kustom.ch\/fr\/wp-json\/wp\/v2\/product_cat?post=648015"},{"taxonomy":"product_tag","embeddable":true,"href":"https:\/\/shop.kustom.ch\/fr\/wp-json\/wp\/v2\/product_tag?post=648015"}],"curies":[{"name":"wp","href":"https:\/\/api.w.org\/{rel}","templated":true}]}}