{"id":648014,"date":"2025-04-05T01:59:59","date_gmt":"2025-04-05T00:59:59","guid":{"rendered":"https:\/\/shop.kustom.ch\/?post_type=product&#038;p=648014"},"modified":"2026-03-31T12:02:51","modified_gmt":"2026-03-31T11:02:51","slug":"modern-zip-overshirt-woman","status":"publish","type":"product","link":"https:\/\/shop.kustom.ch\/fr\/produit\/modern-zip-overshirt-woman\/","title":{"rendered":"Surv\u00eatement zipp\u00e9 moderne femme"},"content":{"rendered":"<p>Ce surv\u00eatement est le jumeau de notre surv\u00eatement Patch Pocket. Fabriqu\u00e9 dans un tissu stretch confortable, en partie \u00e0 partir de mat\u00e9riaux recycl\u00e9s. Parfait \u00e0 porter sur une chemise ou un t-shirt pour un look d\u00e9contract\u00e9 et intelligent. Combinez-le avec un pantalon moderne pour un look parfait de costume moderne !<\/p>\n<p>Mati\u00e8re : 52% Coton, 44% RPET 4% \u00c9lasthanne<\/p>","protected":false},"excerpt":{"rendered":"<p>This Overshirt is a sibling to our Patch Pocket Overshirt. Made in a comfortable stretch fabric, partly crafted from recycled material. Perfect to wear over a shirt or a T-shirt for a smart casual look. Combine it with Modern Trouser for the perfect Modern Suit look! Material: 52% Cotton, 44% RPET 4% Elastane<\/p>","protected":false},"featured_media":648034,"template":"","meta":[],"product_brand":[],"product_cat":[4186],"product_tag":[],"class_list":{"0":"post-648014","1":"product","2":"type-product","3":"status-publish","4":"has-post-thumbnail","6":"product_cat-jacken","7":"pa_brand-harvest-frost","8":"pa_brand-type-workwear","9":"pa_filter-color-blau","10":"pa_filter-color-schwarz","12":"first","13":"instock","14":"sale","15":"taxable","16":"shipping-taxable","17":"purchasable","18":"product-type-variable","19":"add-to-wishlist-before_image"},"exclude_global_add_ons":[],"addons":[],"acf":[],"_links":{"self":[{"href":"https:\/\/shop.kustom.ch\/fr\/wp-json\/wp\/v2\/product\/648014"}],"collection":[{"href":"https:\/\/shop.kustom.ch\/fr\/wp-json\/wp\/v2\/product"}],"about":[{"href":"https:\/\/shop.kustom.ch\/fr\/wp-json\/wp\/v2\/types\/product"}],"wp:featuredmedia":[{"embeddable":true,"href":"https:\/\/shop.kustom.ch\/fr\/wp-json\/wp\/v2\/media\/648034"}],"wp:attachment":[{"href":"https:\/\/shop.kustom.ch\/fr\/wp-json\/wp\/v2\/media?parent=648014"}],"wp:term":[{"taxonomy":"product_brand","embeddable":true,"href":"https:\/\/shop.kustom.ch\/fr\/wp-json\/wp\/v2\/product_brand?post=648014"},{"taxonomy":"product_cat","embeddable":true,"href":"https:\/\/shop.kustom.ch\/fr\/wp-json\/wp\/v2\/product_cat?post=648014"},{"taxonomy":"product_tag","embeddable":true,"href":"https:\/\/shop.kustom.ch\/fr\/wp-json\/wp\/v2\/product_tag?post=648014"}],"curies":[{"name":"wp","href":"https:\/\/api.w.org\/{rel}","templated":true}]}}