{"id":648013,"date":"2025-04-05T01:59:59","date_gmt":"2025-04-05T00:59:59","guid":{"rendered":"https:\/\/shop.kustom.ch\/?post_type=product&#038;p=648013"},"modified":"2026-03-31T12:02:50","modified_gmt":"2026-03-31T11:02:50","slug":"modern-zip-overshirt","status":"publish","type":"product","link":"https:\/\/shop.kustom.ch\/fr\/produit\/modern-zip-overshirt\/","title":{"rendered":"Surv\u00eatement zipp\u00e9 moderne"},"content":{"rendered":"<p>Ce surv\u00eatement est le pendant de notre surv\u00eatement \u00e0 poches patch. Il est fabriqu\u00e9 dans une mati\u00e8re stretch confortable, en partie \u00e0 partir de mat\u00e9riaux recycl\u00e9s. Il est id\u00e9al \u00e0 porter sur une chemise ou un t-shirt pour un look smart casual. Combinez-le avec le Modern Trouser pour un look de costume moderne parfait !<\/p>\n<p>Mati\u00e8re : 52% coton, 44% polyester recycl\u00e9, 4% \u00e9lasthanne<\/p>","protected":false},"excerpt":{"rendered":"<p>Dieses Overshirt ist das Pendant unseres Patch-Pocket-Overshirt. Es besteht aus einem bequemen Stretchmaterial, das teilweise aus recyceltem Material gefertigt ist. Ideal, um es \u00fcber einem Hemd oder T-Shirt f\u00fcr einen smart-casual Look zu tragen. Kombinieren Sie es mit der Modern Trouser f\u00fcr den perfekten modernen Anzug-Look! Material: 52% Baumwolle, 44% recyceltes Polyester, 4% Elasthan<\/p>","protected":false},"featured_media":648016,"template":"","meta":[],"product_brand":[],"product_cat":[4186],"product_tag":[],"class_list":{"0":"post-648013","1":"product","2":"type-product","3":"status-publish","4":"has-post-thumbnail","6":"product_cat-jacken","7":"pa_brand-harvest-frost","8":"pa_brand-type-workwear","9":"pa_filter-color-blau","10":"pa_filter-color-schwarz","12":"first","13":"instock","14":"sale","15":"taxable","16":"shipping-taxable","17":"purchasable","18":"product-type-variable","19":"add-to-wishlist-before_image"},"exclude_global_add_ons":[],"addons":[],"acf":[],"_links":{"self":[{"href":"https:\/\/shop.kustom.ch\/fr\/wp-json\/wp\/v2\/product\/648013"}],"collection":[{"href":"https:\/\/shop.kustom.ch\/fr\/wp-json\/wp\/v2\/product"}],"about":[{"href":"https:\/\/shop.kustom.ch\/fr\/wp-json\/wp\/v2\/types\/product"}],"wp:featuredmedia":[{"embeddable":true,"href":"https:\/\/shop.kustom.ch\/fr\/wp-json\/wp\/v2\/media\/648016"}],"wp:attachment":[{"href":"https:\/\/shop.kustom.ch\/fr\/wp-json\/wp\/v2\/media?parent=648013"}],"wp:term":[{"taxonomy":"product_brand","embeddable":true,"href":"https:\/\/shop.kustom.ch\/fr\/wp-json\/wp\/v2\/product_brand?post=648013"},{"taxonomy":"product_cat","embeddable":true,"href":"https:\/\/shop.kustom.ch\/fr\/wp-json\/wp\/v2\/product_cat?post=648013"},{"taxonomy":"product_tag","embeddable":true,"href":"https:\/\/shop.kustom.ch\/fr\/wp-json\/wp\/v2\/product_tag?post=648013"}],"curies":[{"name":"wp","href":"https:\/\/api.w.org\/{rel}","templated":true}]}}