{"id":647975,"date":"2025-04-05T01:59:37","date_gmt":"2025-04-05T00:59:37","guid":{"rendered":"https:\/\/shop.kustom.ch\/?post_type=product&#038;p=647975"},"modified":"2026-03-31T12:02:12","modified_gmt":"2026-03-31T11:02:12","slug":"purple-bow-147-tailored-fit","status":"publish","type":"product","link":"https:\/\/shop.kustom.ch\/fr\/produit\/purple-bow-147-tailored-fit\/","title":{"rendered":"Purple Bow 147 Coupe ajust\u00e9e"},"content":{"rendered":"<p>Voici notre chemise super stretch dans un tissu l\u00e9ger et technique qui suit tous vos mouvements. Portez-la comme chemise d'affaires ou comme chemise de loisirs - vous vous sentirez et aurez l'air formidable dans tous les cas.<\/p>\n<p>Mati\u00e8re : 85% polyamide recycl\u00e9, 15% \u00e9lasthanne<\/p>","protected":false},"excerpt":{"rendered":"<p>Dies ist unser Super-Stretch-Hemd aus einem leichten, technischen Stoff, der jede Ihrer Bewegungen mitmacht. Tragen Sie es als Business-Hemd oder als Freizeit-Hemd \u2013 Sie werden sich in jedem Fall grossartig f\u00fchlen und aussehen. Material: 85% recyceltes Polyamide, 15% Elasthan<\/p>","protected":false},"featured_media":647977,"template":"","meta":[],"product_brand":[],"product_cat":[9874],"product_tag":[],"class_list":{"0":"post-647975","1":"product","2":"type-product","3":"status-publish","4":"has-post-thumbnail","6":"product_cat-hemden","7":"pa_brand-harvest-frost","8":"pa_brand-type-workwear","9":"pa_filter-color-blau","10":"pa_filter-color-weiss","12":"first","13":"instock","14":"sale","15":"taxable","16":"shipping-taxable","17":"purchasable","18":"product-type-variable","19":"add-to-wishlist-before_image"},"exclude_global_add_ons":[],"addons":[],"acf":[],"_links":{"self":[{"href":"https:\/\/shop.kustom.ch\/fr\/wp-json\/wp\/v2\/product\/647975"}],"collection":[{"href":"https:\/\/shop.kustom.ch\/fr\/wp-json\/wp\/v2\/product"}],"about":[{"href":"https:\/\/shop.kustom.ch\/fr\/wp-json\/wp\/v2\/types\/product"}],"wp:featuredmedia":[{"embeddable":true,"href":"https:\/\/shop.kustom.ch\/fr\/wp-json\/wp\/v2\/media\/647977"}],"wp:attachment":[{"href":"https:\/\/shop.kustom.ch\/fr\/wp-json\/wp\/v2\/media?parent=647975"}],"wp:term":[{"taxonomy":"product_brand","embeddable":true,"href":"https:\/\/shop.kustom.ch\/fr\/wp-json\/wp\/v2\/product_brand?post=647975"},{"taxonomy":"product_cat","embeddable":true,"href":"https:\/\/shop.kustom.ch\/fr\/wp-json\/wp\/v2\/product_cat?post=647975"},{"taxonomy":"product_tag","embeddable":true,"href":"https:\/\/shop.kustom.ch\/fr\/wp-json\/wp\/v2\/product_tag?post=647975"}],"curies":[{"name":"wp","href":"https:\/\/api.w.org\/{rel}","templated":true}]}}