{"id":647754,"date":"2025-04-05T01:57:47","date_gmt":"2025-04-05T00:57:47","guid":{"rendered":"https:\/\/shop.kustom.ch\/?post_type=product&#038;p=647754"},"modified":"2026-03-31T12:02:24","modified_gmt":"2026-03-31T11:02:24","slug":"yellow-bow-57-woman-contemporary","status":"publish","type":"product","link":"https:\/\/shop.kustom.ch\/fr\/produit\/yellow-bow-57-woman-contemporary\/","title":{"rendered":"Yellow Bow 57 Woman contemporary"},"content":{"rendered":"<p>La technique King Knit conf\u00e8re \u00e0 cette chemise une belle structure et une extensibilit\u00e9 naturelle. Le tissu est trait\u00e9 Easy-Care et fabriqu\u00e9 \u00e0 partir d'un m\u00e9lange de mat\u00e9riaux privil\u00e9gi\u00e9s. La variante blanche est unie, tandis que la structure est clairement visible sur les variantes en bleu clair et vert. La longueur du corps est r\u00e9duite de 3 cm.<\/p>\n<p>Mati\u00e8re : 63% coton biologique, 37% polyester recycl\u00e9. King Knit, Easy Care.<\/p>","protected":false},"excerpt":{"rendered":"<p>Die King Knit-Technik verleiht diesem Hemd eine sch\u00f6ne Struktur und nat\u00fcrliche Dehnbarkeit. Der Stoff ist Easy-Care-behandelt und aus einer Mischung bevorzugter Materialien gefertigt. Die weisse Variante ist einfarbig, w\u00e4hrend die Struktur bei den Varianten in Hellblau und Gr\u00fcn deutlich sichtbar ist. Die K\u00f6rperl\u00e4nge ist um 3 cm k\u00fcrzer. Material: 63% Bio baumwolle, 37% recyceltes Polyester. [&hellip;]<\/p>\n","protected":false},"featured_media":647778,"template":"","meta":[],"product_brand":[],"product_cat":[9895],"product_tag":[],"class_list":{"0":"post-647754","1":"product","2":"type-product","3":"status-publish","4":"has-post-thumbnail","6":"product_cat-blusen","7":"pa_brand-harvest-frost","8":"pa_brand-type-workwear","9":"pa_filter-color-blau","10":"pa_filter-color-gruen","11":"pa_filter-color-weiss","13":"first","14":"instock","15":"sale","16":"taxable","17":"shipping-taxable","18":"purchasable","19":"product-type-variable","20":"add-to-wishlist-before_image"},"exclude_global_add_ons":[],"addons":[],"acf":[],"_links":{"self":[{"href":"https:\/\/shop.kustom.ch\/fr\/wp-json\/wp\/v2\/product\/647754"}],"collection":[{"href":"https:\/\/shop.kustom.ch\/fr\/wp-json\/wp\/v2\/product"}],"about":[{"href":"https:\/\/shop.kustom.ch\/fr\/wp-json\/wp\/v2\/types\/product"}],"wp:featuredmedia":[{"embeddable":true,"href":"https:\/\/shop.kustom.ch\/fr\/wp-json\/wp\/v2\/media\/647778"}],"wp:attachment":[{"href":"https:\/\/shop.kustom.ch\/fr\/wp-json\/wp\/v2\/media?parent=647754"}],"wp:term":[{"taxonomy":"product_brand","embeddable":true,"href":"https:\/\/shop.kustom.ch\/fr\/wp-json\/wp\/v2\/product_brand?post=647754"},{"taxonomy":"product_cat","embeddable":true,"href":"https:\/\/shop.kustom.ch\/fr\/wp-json\/wp\/v2\/product_cat?post=647754"},{"taxonomy":"product_tag","embeddable":true,"href":"https:\/\/shop.kustom.ch\/fr\/wp-json\/wp\/v2\/product_tag?post=647754"}],"curies":[{"name":"wp","href":"https:\/\/api.w.org\/{rel}","templated":true}]}}