{"id":647619,"date":"2025-04-05T01:56:56","date_gmt":"2025-04-05T00:56:56","guid":{"rendered":"https:\/\/shop.kustom.ch\/?post_type=product&#038;p=647619"},"modified":"2026-03-31T12:03:07","modified_gmt":"2026-03-31T11:03:07","slug":"yellow-bow-56-slim-fit","status":"publish","type":"product","link":"https:\/\/shop.kustom.ch\/fr\/produit\/yellow-bow-56-slim-fit\/","title":{"rendered":"Yellow Bow 56 Slim Fit"},"content":{"rendered":"<p>Une chemise haute performance fabriqu\u00e9e \u00e0 partir d'un serg\u00e9 mixte de mat\u00e9riaux de choix avec un traitement Easy Care suppl\u00e9mentaire et des d\u00e9tails contrast\u00e9s modernes. Elle a un col boutonn\u00e9 cach\u00e9 et, comme toujours, les chemises d'affaires de J.Harvest &amp; Frost ont des coutures scell\u00e9es et un empi\u00e8cement s\u00e9par\u00e9.<br \/>\n- Easy Care<br \/>\n- Coutures principales scell\u00e9es<br \/>\n- Manchette simple en forme d'ange, avec une boutonni\u00e8re suppl\u00e9mentaire pour les boutons de manchette.<\/p>\n<p>Mat\u00e9riau : Tissu uni : coton biologique 60%, polyester recycl\u00e9 40%. 134 g\/m\u00b2.<\/p>","protected":false},"excerpt":{"rendered":"<p>Ein Hochleistungshemd, hergestellt aus einem gemischten Twill aus bevorzugten Materialien mit zus\u00e4tzlicher Easy Care-Behandlung und modernen Kontrastdetails. Es hat einen versteckten Button-Down-Kragen und wie immer kommen die Businesshemden von J.Harvest &amp; Frost mit versiegelten N\u00e4hten und geteilter Passe. \u2022 Easy Care \u2022 Versiegelte Hauptn\u00e4hte \u2022 Einfacher Engelsmanchette, mit zus\u00e4tzlichem Knopfloch f\u00fcr Manschettenkn\u00f6pfe. Material: Einfarbig: 60% [&hellip;]<\/p>\n","protected":false},"featured_media":647650,"template":"","meta":[],"product_brand":[],"product_cat":[9874],"product_tag":[],"class_list":{"0":"post-647619","1":"product","2":"type-product","3":"status-publish","4":"has-post-thumbnail","6":"product_cat-hemden","7":"pa_brand-harvest-frost","8":"pa_brand-type-workwear","9":"pa_filter-color-blau","10":"pa_filter-color-schwarz","11":"pa_filter-color-weiss","13":"first","14":"instock","15":"sale","16":"taxable","17":"shipping-taxable","18":"purchasable","19":"product-type-variable","20":"add-to-wishlist-before_image"},"exclude_global_add_ons":[],"addons":[],"acf":[],"_links":{"self":[{"href":"https:\/\/shop.kustom.ch\/fr\/wp-json\/wp\/v2\/product\/647619"}],"collection":[{"href":"https:\/\/shop.kustom.ch\/fr\/wp-json\/wp\/v2\/product"}],"about":[{"href":"https:\/\/shop.kustom.ch\/fr\/wp-json\/wp\/v2\/types\/product"}],"wp:featuredmedia":[{"embeddable":true,"href":"https:\/\/shop.kustom.ch\/fr\/wp-json\/wp\/v2\/media\/647650"}],"wp:attachment":[{"href":"https:\/\/shop.kustom.ch\/fr\/wp-json\/wp\/v2\/media?parent=647619"}],"wp:term":[{"taxonomy":"product_brand","embeddable":true,"href":"https:\/\/shop.kustom.ch\/fr\/wp-json\/wp\/v2\/product_brand?post=647619"},{"taxonomy":"product_cat","embeddable":true,"href":"https:\/\/shop.kustom.ch\/fr\/wp-json\/wp\/v2\/product_cat?post=647619"},{"taxonomy":"product_tag","embeddable":true,"href":"https:\/\/shop.kustom.ch\/fr\/wp-json\/wp\/v2\/product_tag?post=647619"}],"curies":[{"name":"wp","href":"https:\/\/api.w.org\/{rel}","templated":true}]}}