{"id":647385,"date":"2025-04-05T01:33:39","date_gmt":"2025-04-05T00:33:39","guid":{"rendered":"https:\/\/shop.kustom.ch\/?post_type=product&#038;p=647385"},"modified":"2026-03-31T10:49:59","modified_gmt":"2026-03-31T09:49:59","slug":"pinnacles","status":"publish","type":"product","link":"https:\/\/shop.kustom.ch\/fr\/produit\/pinnacles\/","title":{"rendered":"Pinnacles"},"content":{"rendered":"<p>Pinnacles, une veste ext\u00e9rieure multifonctionnelle 3 en 1, con\u00e7ue pour une protection et un confort maximum dans des conditions humides. La veste ext\u00e9rieure est fabriqu\u00e9e en polyester recycl\u00e9 et dispose de coutures scell\u00e9es et de fermetures \u00e9clair \u00e9tanches pour garantir une r\u00e9sistance totale \u00e0 l'eau. Deux poches zipp\u00e9es sur les c\u00f4t\u00e9s et une poche zipp\u00e9e sur la poitrine offrent un espace de rangement s\u00fbr. Les manches et l'ourlet sont r\u00e9glables, avec une fermeture velcro aux manches et un cordon de serrage \u00e9lastique \u00e0 l'ourlet, ce qui permet un ajustement personnalis\u00e9. La capuche est \u00e0 la fois r\u00e9glable et amovible, offrant une grande polyvalence, et la protection du menton augmente le confort en \u00e9vitant les frottements.<br \/>\nLa veste int\u00e9rieure est une veste matelass\u00e9e en polyamide recycl\u00e9 certifi\u00e9 et offre une chaleur suppl\u00e9mentaire. Elle dispose \u00e9galement de deux poches zipp\u00e9es sur les c\u00f4t\u00e9s pour un rangement s\u00fbr et d'une protection du menton pour plus de confort. Cette combinaison d'une veste de pluie fonctionnelle et d'une veste int\u00e9rieure matelass\u00e9e constitue un syst\u00e8me de couches polyvalent et protecteur, id\u00e9al pour diff\u00e9rentes conditions m\u00e9t\u00e9orologiques. Emball\u00e9 dans un sac biosourc\u00e9 et compostable.<\/p>\n<p>Mati\u00e8re : Veste ext\u00e9rieure : 100% polyester recycl\u00e9, 38 g\/m2. Veste int\u00e9rieure : Tissu ext\u00e9rieur : 100% polyamide recycl\u00e9, C.0 DWR. Doublure : 100% polyester recycl\u00e9 37 g\/m2. Garnissage : 95% polyester recycl\u00e9, 5% polyester 160 g\/m2 corps \/ 100 g\/m2 manches. Oeko-Tex Standard 100. WP 20000 \/ MVP 5000<\/p>","protected":false},"excerpt":{"rendered":"<p>Pinnacles, eine 3-in-1 Multifunktions Aussenjacke, entwickelt f\u00fcr maximalen Schutz und Komfort bei nassen Bedingungen. Die Aussenjacke besteht aus recyceltem Polyester und verf\u00fcgt \u00fcber versiegelte N\u00e4hte und wasserdichte Reissverschl\u00fcsse, um vollst\u00e4ndige Wasserresistenz zu gew\u00e4hrleisten. Zwei Reissverschlusstaschen an den Seiten und eine Reissverschluss-Brusttasche f\u00fcr sicheren Stauraum. Sowohl die \u00c4rmel als auch der Saum sind verstellbar, mit Klettverschluss [&hellip;]<\/p>\n","protected":false},"featured_media":647422,"template":"","meta":[],"product_brand":[],"product_cat":[4186],"product_tag":[],"class_list":{"0":"post-647385","1":"product","2":"type-product","3":"status-publish","4":"has-post-thumbnail","6":"product_cat-jacken","7":"pa_brand-harvest","8":"pa_brand-type-workwear","9":"pa_filter-color-blau","10":"pa_filter-color-grau","11":"pa_filter-color-schwarz","13":"first","14":"instock","15":"sale","16":"taxable","17":"shipping-taxable","18":"purchasable","19":"product-type-variable","20":"add-to-wishlist-before_image"},"exclude_global_add_ons":[],"addons":[],"acf":[],"_links":{"self":[{"href":"https:\/\/shop.kustom.ch\/fr\/wp-json\/wp\/v2\/product\/647385"}],"collection":[{"href":"https:\/\/shop.kustom.ch\/fr\/wp-json\/wp\/v2\/product"}],"about":[{"href":"https:\/\/shop.kustom.ch\/fr\/wp-json\/wp\/v2\/types\/product"}],"wp:featuredmedia":[{"embeddable":true,"href":"https:\/\/shop.kustom.ch\/fr\/wp-json\/wp\/v2\/media\/647422"}],"wp:attachment":[{"href":"https:\/\/shop.kustom.ch\/fr\/wp-json\/wp\/v2\/media?parent=647385"}],"wp:term":[{"taxonomy":"product_brand","embeddable":true,"href":"https:\/\/shop.kustom.ch\/fr\/wp-json\/wp\/v2\/product_brand?post=647385"},{"taxonomy":"product_cat","embeddable":true,"href":"https:\/\/shop.kustom.ch\/fr\/wp-json\/wp\/v2\/product_cat?post=647385"},{"taxonomy":"product_tag","embeddable":true,"href":"https:\/\/shop.kustom.ch\/fr\/wp-json\/wp\/v2\/product_tag?post=647385"}],"curies":[{"name":"wp","href":"https:\/\/api.w.org\/{rel}","templated":true}]}}