{"id":646996,"date":"2025-04-05T01:30:34","date_gmt":"2025-04-05T00:30:34","guid":{"rendered":"https:\/\/shop.kustom.ch\/?post_type=product&#038;p=646996"},"modified":"2026-03-31T10:29:53","modified_gmt":"2026-03-31T09:29:53","slug":"ashland-casual-woman","status":"publish","type":"product","link":"https:\/\/shop.kustom.ch\/fr\/produit\/ashland-casual-woman\/","title":{"rendered":"Ashland Femme d\u00e9contract\u00e9e"},"content":{"rendered":"<p>Faites l'exp\u00e9rience du confort et du style ultimes avec notre pull Ashland Casual Knit. Fabriqu\u00e9 en coton organique, ce pull n'offre que du confort. Avec ses manches raglan pour hommes et sa structure finement c\u00f4tel\u00e9e 1\u00d71 sur les manches, le col et l'ourlet inf\u00e9rieur, ce pull respire l'artisanat et l'\u00e9l\u00e9gance intemporelle. Certifi\u00e9 Oeko-Tex 100, vous pouvez profiter de ce pull confortable en toute bonne conscience. Emball\u00e9 dans un sac bio compostable.<\/p>\n<p>Mati\u00e8re : 100% coton organique. 12 gg. Oeko-Tex Standard 100.<\/p>","protected":false},"excerpt":{"rendered":"<p>Erleben Sie ultimativen Komfort und Stil mit unserem Ashland Casual Knit Pullover. Gefertigt aus Organic-Baumwolle, bietet dieser Pullover nur Komfort. Mit seinen Raglan\u00e4rmeln f\u00fcr Herren und der feinen 1&#215;1-Rippstruktur an den \u00c4rmeln, dem Kragen und dem unteren Saum strahlt dieser Pullover Handwerkskunst und zeitlose Eleganz aus. Zertifiziert nach Oeko-Tex 100 k\u00f6nnen Sie diesen komfortablen Pullover [&hellip;]<\/p>\n","protected":false},"featured_media":646998,"template":"","meta":[],"product_brand":[],"product_cat":[4191],"product_tag":[],"class_list":{"0":"post-646996","1":"product","2":"type-product","3":"status-publish","4":"has-post-thumbnail","6":"product_cat-longsleeves-sweatshirts","7":"pa_brand-harvest","8":"pa_brand-type-workwear","9":"pa_filter-color-blau","10":"pa_filter-color-grau","11":"pa_filter-color-schwarz","13":"first","14":"instock","15":"sale","16":"taxable","17":"shipping-taxable","18":"purchasable","19":"product-type-variable","20":"add-to-wishlist-before_image"},"exclude_global_add_ons":[],"addons":[],"acf":[],"_links":{"self":[{"href":"https:\/\/shop.kustom.ch\/fr\/wp-json\/wp\/v2\/product\/646996"}],"collection":[{"href":"https:\/\/shop.kustom.ch\/fr\/wp-json\/wp\/v2\/product"}],"about":[{"href":"https:\/\/shop.kustom.ch\/fr\/wp-json\/wp\/v2\/types\/product"}],"wp:featuredmedia":[{"embeddable":true,"href":"https:\/\/shop.kustom.ch\/fr\/wp-json\/wp\/v2\/media\/646998"}],"wp:attachment":[{"href":"https:\/\/shop.kustom.ch\/fr\/wp-json\/wp\/v2\/media?parent=646996"}],"wp:term":[{"taxonomy":"product_brand","embeddable":true,"href":"https:\/\/shop.kustom.ch\/fr\/wp-json\/wp\/v2\/product_brand?post=646996"},{"taxonomy":"product_cat","embeddable":true,"href":"https:\/\/shop.kustom.ch\/fr\/wp-json\/wp\/v2\/product_cat?post=646996"},{"taxonomy":"product_tag","embeddable":true,"href":"https:\/\/shop.kustom.ch\/fr\/wp-json\/wp\/v2\/product_tag?post=646996"}],"curies":[{"name":"wp","href":"https:\/\/api.w.org\/{rel}","templated":true}]}}