{"id":646870,"date":"2025-04-05T01:29:24","date_gmt":"2025-04-05T00:29:24","guid":{"rendered":"https:\/\/shop.kustom.ch\/?post_type=product&#038;p=646870"},"modified":"2026-03-31T10:33:14","modified_gmt":"2026-03-31T09:33:14","slug":"scarsdale-vest-women","status":"publish","type":"product","link":"https:\/\/shop.kustom.ch\/fr\/produit\/scarsdale-vest-women\/","title":{"rendered":"Gilet Scarsdale Femmes"},"content":{"rendered":"<p>Le gilet Scarsdale est votre favori pour un look \u00e9l\u00e9gant mais fonctionnel. Con\u00e7u avec des surpiq\u00fbres verticales, ce gilet est id\u00e9al pour \u00eatre enfil\u00e9 sur des v\u00eatements de loisirs ou d'affaires. Dot\u00e9 d'une fermeture \u00e9clair \u00e0 double sens de couleur m\u00e9tallique pour l'ouverture principale et de poches rembourr\u00e9es cach\u00e9es, il offre un \u00e9quilibre entre style et praticit\u00e9. Le col doux et c\u00f4tel\u00e9 avec des bandes contrast\u00e9es de la palette de couleurs de la collection apporte une touche subtile mais marquante. Elle est en outre dot\u00e9e d'un rev\u00eatement hydrofuge C0 Bionic Finish Eco.<\/p>\n<p>Mat\u00e9riau : Ext\u00e9rieur : 100% polyester recycl\u00e9 Rembourrage : 95% polyester recycl\u00e9, 5% polyester, Bluesign. Doublure : 100% polyester recycl\u00e9<\/p>","protected":false},"excerpt":{"rendered":"<p>Die Scarsdale Weste ist Ihr Favorit f\u00fcr einen eleganten, aber funktionalen Look. Mit vertikaler Steppung designt, eignet sich diese Weste ideal zum \u00dcberziehen \u00fcber Freizeit- und Businesskleidung. Ausgestattet mit einem metallfarbenen Zwei-Wege-Reissverschluss f\u00fcr die Haupt\u00f6ffnung und versteckten gepolsterten Taschen, bietet sie eine Balance aus Stil und Praktikabilit\u00e4t. Der weiche, gerippte Kragen mit kontrastierenden Streifen aus [&hellip;]<\/p>\n","protected":false},"featured_media":646914,"template":"","meta":[],"product_brand":[],"product_cat":[4186],"product_tag":[],"class_list":{"0":"post-646870","1":"product","2":"type-product","3":"status-publish","4":"has-post-thumbnail","6":"product_cat-jacken","7":"pa_brand-harvest","8":"pa_brand-type-workwear","9":"pa_filter-color-blau","10":"pa_filter-color-schwarz","12":"first","13":"instock","14":"sale","15":"taxable","16":"shipping-taxable","17":"purchasable","18":"product-type-variable","19":"add-to-wishlist-before_image"},"exclude_global_add_ons":[],"addons":[],"acf":[],"_links":{"self":[{"href":"https:\/\/shop.kustom.ch\/fr\/wp-json\/wp\/v2\/product\/646870"}],"collection":[{"href":"https:\/\/shop.kustom.ch\/fr\/wp-json\/wp\/v2\/product"}],"about":[{"href":"https:\/\/shop.kustom.ch\/fr\/wp-json\/wp\/v2\/types\/product"}],"wp:featuredmedia":[{"embeddable":true,"href":"https:\/\/shop.kustom.ch\/fr\/wp-json\/wp\/v2\/media\/646914"}],"wp:attachment":[{"href":"https:\/\/shop.kustom.ch\/fr\/wp-json\/wp\/v2\/media?parent=646870"}],"wp:term":[{"taxonomy":"product_brand","embeddable":true,"href":"https:\/\/shop.kustom.ch\/fr\/wp-json\/wp\/v2\/product_brand?post=646870"},{"taxonomy":"product_cat","embeddable":true,"href":"https:\/\/shop.kustom.ch\/fr\/wp-json\/wp\/v2\/product_cat?post=646870"},{"taxonomy":"product_tag","embeddable":true,"href":"https:\/\/shop.kustom.ch\/fr\/wp-json\/wp\/v2\/product_tag?post=646870"}],"curies":[{"name":"wp","href":"https:\/\/api.w.org\/{rel}","templated":true}]}}