{"id":646632,"date":"2025-04-05T01:27:32","date_gmt":"2025-04-05T00:27:32","guid":{"rendered":"https:\/\/shop.kustom.ch\/?post_type=product&#038;p=646632"},"modified":"2026-03-31T10:33:41","modified_gmt":"2026-03-31T09:33:41","slug":"arches-vest-woman","status":"publish","type":"product","link":"https:\/\/shop.kustom.ch\/fr\/produit\/arches-vest-woman\/","title":{"rendered":"Gilet Arches Femme"},"content":{"rendered":"<p>Notre gilet matelass\u00e9, est fabriqu\u00e9 en polyester recycl\u00e9 100% et con\u00e7u pour offrir un confort et une fonctionnalit\u00e9 incomparables. Ce gilet moderne dispose d'\u00e9l\u00e9gantes poches zipp\u00e9es recouvertes de coutures pour un espace de rangement discret et d'une partie avant et arri\u00e8re pour une personnalisation facile, ce qui le rend unique. L'ourlet r\u00e9glable avec cordon de serrage \u00e9lastique assure un confort personnalisable, tandis que la poche int\u00e9rieure \u00e0 fermeture \u00e9clair offre un espace s\u00fbr pour vos affaires les plus importantes. Pour plus de confort et de protection, le gilet est dot\u00e9 d'une protection du menton. Il dispose \u00e9galement d'un traitement hydrofuge sans PFAS. Emball\u00e9 dans un sac bio compostable.<\/p>\n<p>Mati\u00e8re : ext\u00e9rieur : 100% polyester recycl\u00e9 82 g\/m2. Doublure : 100% polyester recycl\u00e9 37 g\/m2. Garnissage : qualit\u00e9 recycl\u00e9e. Oeko-Tex Standard 100. 140 g\/m2 corps \/ 140 g\/m2 manches.<\/p>","protected":false},"excerpt":{"rendered":"<p>Unsere wattierte Weste, ist aus 100% Recycling-Polyester gefertigt und entwickelt, um unvergleichlichen Komfort und Funktionalit\u00e4t zu bieten. Diese moderne Weste verf\u00fcgt \u00fcber elegante, nahtverdeckte Reissverschlusstaschen f\u00fcr diskreten Stauraum und ein Vorder- und R\u00fcckenteil f\u00fcr einfache Personalisierung, wodurch sie einzigartig wird. Der verstellbare Saum mit elastischem Kordelzug sorgt f\u00fcr individuell anpassbaren Komfort, w\u00e4hrend die innere Reissverschlusstasche [&hellip;]<\/p>\n","protected":false},"featured_media":646675,"template":"","meta":[],"product_brand":[],"product_cat":[4208],"product_tag":[],"class_list":{"0":"post-646632","1":"product","2":"type-product","3":"status-publish","4":"has-post-thumbnail","6":"product_cat-westen","7":"pa_brand-harvest","8":"pa_brand-type-workwear","9":"pa_filter-color-blau","10":"pa_filter-color-grau","11":"pa_filter-color-rot","12":"pa_filter-color-schwarz","14":"first","15":"instock","16":"sale","17":"taxable","18":"shipping-taxable","19":"purchasable","20":"product-type-variable","21":"add-to-wishlist-before_image"},"exclude_global_add_ons":[],"addons":[],"acf":[],"_links":{"self":[{"href":"https:\/\/shop.kustom.ch\/fr\/wp-json\/wp\/v2\/product\/646632"}],"collection":[{"href":"https:\/\/shop.kustom.ch\/fr\/wp-json\/wp\/v2\/product"}],"about":[{"href":"https:\/\/shop.kustom.ch\/fr\/wp-json\/wp\/v2\/types\/product"}],"wp:featuredmedia":[{"embeddable":true,"href":"https:\/\/shop.kustom.ch\/fr\/wp-json\/wp\/v2\/media\/646675"}],"wp:attachment":[{"href":"https:\/\/shop.kustom.ch\/fr\/wp-json\/wp\/v2\/media?parent=646632"}],"wp:term":[{"taxonomy":"product_brand","embeddable":true,"href":"https:\/\/shop.kustom.ch\/fr\/wp-json\/wp\/v2\/product_brand?post=646632"},{"taxonomy":"product_cat","embeddable":true,"href":"https:\/\/shop.kustom.ch\/fr\/wp-json\/wp\/v2\/product_cat?post=646632"},{"taxonomy":"product_tag","embeddable":true,"href":"https:\/\/shop.kustom.ch\/fr\/wp-json\/wp\/v2\/product_tag?post=646632"}],"curies":[{"name":"wp","href":"https:\/\/api.w.org\/{rel}","templated":true}]}}