{"id":646455,"date":"2025-04-05T01:26:28","date_gmt":"2025-04-05T00:26:28","guid":{"rendered":"https:\/\/shop.kustom.ch\/?post_type=product&#038;p=646455"},"modified":"2026-03-31T10:32:01","modified_gmt":"2026-03-31T09:32:01","slug":"scarsdale-polo-men","status":"publish","type":"product","link":"https:\/\/shop.kustom.ch\/fr\/produit\/scarsdale-polo-men\/","title":{"rendered":"Polo Scarsdale Hommes"},"content":{"rendered":"<p>Notre polo Scarsdale est compos\u00e9 d'une structure piqu\u00e9e sp\u00e9ciale pour un look \u00e0 la fois \u00e9l\u00e9gant et d\u00e9contract\u00e9. Il est fabriqu\u00e9 en coton biologique \u00e0 longues fibres et \u00e0 filaments continus (80%) et en polyester certifi\u00e9 recycl\u00e9 (20%). Le col moderne et la patte de boutonnage ouverte sans boutons apportent une touche \u00e9lanc\u00e9e et contemporaine, tandis que les fentes lat\u00e9rales am\u00e9liorent la libert\u00e9 de mouvement et l'aisance.<\/p>\n<p>Mati\u00e8re : coton biologique 80%, polyester recycl\u00e9 20%<\/p>","protected":false},"excerpt":{"rendered":"<p>Unser Scarsdale Polo besteht aus einer speziellen Piqu\u00e9-Struktur f\u00fcr einen eleganten, aber l\u00e4ssigen Look. Hergestellt aus langstapeliger, ringgesponnener Bio-Baumwolle (80%) und zertifiziertem, recyceltem Polyester (20%). Der moderne Kragen und die offene Knopfleiste ohne Kn\u00f6pfe verleihen eine schlanke, zeitgem\u00e4sse Note, w\u00e4hrend seitliche Schlitze die Bewegungsfreiheit und Bequemlichkeit verbessern. Material: 80% Bio-Baumwolle, 20% recyceltes Polyester<\/p>","protected":false},"featured_media":646456,"template":"","meta":[],"product_brand":[],"product_cat":[4193],"product_tag":[],"class_list":{"0":"post-646455","1":"product","2":"type-product","3":"status-publish","4":"has-post-thumbnail","6":"product_cat-polos","7":"pa_brand-harvest","8":"pa_brand-type-workwear","9":"pa_filter-color-blau","10":"pa_filter-color-braun","11":"pa_filter-color-schwarz","12":"pa_filter-color-weiss","14":"first","15":"instock","16":"sale","17":"taxable","18":"shipping-taxable","19":"purchasable","20":"product-type-variable","21":"add-to-wishlist-before_image"},"exclude_global_add_ons":[],"addons":[],"acf":[],"_links":{"self":[{"href":"https:\/\/shop.kustom.ch\/fr\/wp-json\/wp\/v2\/product\/646455"}],"collection":[{"href":"https:\/\/shop.kustom.ch\/fr\/wp-json\/wp\/v2\/product"}],"about":[{"href":"https:\/\/shop.kustom.ch\/fr\/wp-json\/wp\/v2\/types\/product"}],"wp:featuredmedia":[{"embeddable":true,"href":"https:\/\/shop.kustom.ch\/fr\/wp-json\/wp\/v2\/media\/646456"}],"wp:attachment":[{"href":"https:\/\/shop.kustom.ch\/fr\/wp-json\/wp\/v2\/media?parent=646455"}],"wp:term":[{"taxonomy":"product_brand","embeddable":true,"href":"https:\/\/shop.kustom.ch\/fr\/wp-json\/wp\/v2\/product_brand?post=646455"},{"taxonomy":"product_cat","embeddable":true,"href":"https:\/\/shop.kustom.ch\/fr\/wp-json\/wp\/v2\/product_cat?post=646455"},{"taxonomy":"product_tag","embeddable":true,"href":"https:\/\/shop.kustom.ch\/fr\/wp-json\/wp\/v2\/product_tag?post=646455"}],"curies":[{"name":"wp","href":"https:\/\/api.w.org\/{rel}","templated":true}]}}