{"id":646140,"date":"2025-04-05T01:23:55","date_gmt":"2025-04-05T00:23:55","guid":{"rendered":"https:\/\/shop.kustom.ch\/?post_type=product&#038;p=646140"},"modified":"2026-03-31T10:30:40","modified_gmt":"2026-03-31T09:30:40","slug":"northport","status":"publish","type":"product","link":"https:\/\/shop.kustom.ch\/fr\/produit\/northport\/","title":{"rendered":"Northport"},"content":{"rendered":"<p>Notre veste Northport est con\u00e7ue pour vous garder au chaud et au sec les jours d'hiver glaciaux. Fabriqu\u00e9e \u00e0 partir d'un m\u00e9lange de polyester recycl\u00e9 certifi\u00e9 62% et de polyester 38%, cette veste mi-longue allie durabilit\u00e9 et style. Elle dispose d'un traitement d\u00e9perlant (C0 Bionic Finish Eco), de fermetures \u00e0 glissi\u00e8re \u00e9tanches et d'une capuche facilement ajustable avec un cordon de serrage \u00e9lastique pour une protection optimale. Profitez d'un confort et d'une chaleur suppl\u00e9mentaires gr\u00e2ce \u00e0 la doublure douce dans les poches avant spacieuses, aux manches avec poignets int\u00e9rieurs et trous pour les pouces afin de garder le vent \u00e0 l'ext\u00e9rieur, tandis que la fermeture \u00e9clair \u00e0 double sens et les fentes lat\u00e9rales permettent des mouvements sans effort partout. Emball\u00e9 dans un sac bio compostable.<\/p>\n<p>Mat\u00e9riau : Ext\u00e9rieur : 62% polyester recycl\u00e9, 38% polyester, 195 g\/m\u00b2. WP 5000 \/ MVP 5000. rembourrage : 100% polyester recycl\u00e9. Doublure : 100% polyamide recycl\u00e9, 38 g\/m\u00b2.<\/p>","protected":false},"excerpt":{"rendered":"<p>Unsere Northport-Jacke ist darauf ausgelegt, Sie an eisigen Wintertagen warm und trocken zu halten. Hergestellt aus einer Mischung von 62% zertifiziertem Recycling-Polyester und 38% Polyester, vereint diese mittellange Jacke Haltbarkeit und Stil. Sie verf\u00fcgt \u00fcber eine wasserabweisende Ausr\u00fcstung (C0 Bionic Finish Eco), wasserdichte Reissverschl\u00fcsse und eine leicht verstellbare Kapuze mit elastischem Kordelzug f\u00fcr optimalen Schutz. [&hellip;]<\/p>\n","protected":false},"featured_media":646142,"template":"","meta":[],"product_brand":[],"product_cat":[4186],"product_tag":[],"class_list":{"0":"post-646140","1":"product","2":"type-product","3":"status-publish","4":"has-post-thumbnail","6":"product_cat-jacken","7":"pa_brand-harvest","8":"pa_brand-type-workwear","9":"pa_filter-color-blau","10":"pa_filter-color-schwarz","12":"first","13":"instock","14":"sale","15":"taxable","16":"shipping-taxable","17":"purchasable","18":"product-type-variable","19":"add-to-wishlist-before_image"},"exclude_global_add_ons":[],"addons":[],"acf":[],"_links":{"self":[{"href":"https:\/\/shop.kustom.ch\/fr\/wp-json\/wp\/v2\/product\/646140"}],"collection":[{"href":"https:\/\/shop.kustom.ch\/fr\/wp-json\/wp\/v2\/product"}],"about":[{"href":"https:\/\/shop.kustom.ch\/fr\/wp-json\/wp\/v2\/types\/product"}],"wp:featuredmedia":[{"embeddable":true,"href":"https:\/\/shop.kustom.ch\/fr\/wp-json\/wp\/v2\/media\/646142"}],"wp:attachment":[{"href":"https:\/\/shop.kustom.ch\/fr\/wp-json\/wp\/v2\/media?parent=646140"}],"wp:term":[{"taxonomy":"product_brand","embeddable":true,"href":"https:\/\/shop.kustom.ch\/fr\/wp-json\/wp\/v2\/product_brand?post=646140"},{"taxonomy":"product_cat","embeddable":true,"href":"https:\/\/shop.kustom.ch\/fr\/wp-json\/wp\/v2\/product_cat?post=646140"},{"taxonomy":"product_tag","embeddable":true,"href":"https:\/\/shop.kustom.ch\/fr\/wp-json\/wp\/v2\/product_tag?post=646140"}],"curies":[{"name":"wp","href":"https:\/\/api.w.org\/{rel}","templated":true}]}}