{"id":646003,"date":"2025-04-04T20:42:54","date_gmt":"2025-04-04T19:42:54","guid":{"rendered":"https:\/\/shop.kustom.ch\/?post_type=product&#038;p=646003"},"modified":"2026-03-31T11:43:20","modified_gmt":"2026-03-31T10:43:20","slug":"hunts-point-fleece-women","status":"publish","type":"product","link":"https:\/\/shop.kustom.ch\/fr\/produit\/hunts-point-fleece-women\/","title":{"rendered":"Polaire Hunts Point Femme"},"content":{"rendered":"<p>Notre polaire Hunts Point embl\u00e9matique est exceptionnellement douce, et le tissu polaire textur\u00e9 jacquard offre une thermor\u00e9gulation am\u00e9lior\u00e9e et une respirabilit\u00e9 sup\u00e9rieure qui \u00e9vacue l'humidit\u00e9. Dot\u00e9e d'une fermeture \u00e0 boutons-pression polyvalente, elle a \u00e9t\u00e9 con\u00e7ue pour une polyvalence exceptionnelle et deviendra rapidement votre chemise pr\u00e9f\u00e9r\u00e9e pour toutes vos activit\u00e9s actives comme le golf, la randonn\u00e9e, le ski, les voyages, le sport, le travail ou une nuit en ville. La polaire Hunts Point est fabriqu\u00e9e \u00e0 partir d'un mat\u00e9riau confortable et de haute qualit\u00e9 en polyester recycl\u00e9.<\/p>\n<p>Mati\u00e8re : 100% polyester recycl\u00e9<\/p>","protected":false},"excerpt":{"rendered":"<p>Unser ikonisches Hunts Point Fleece ist aussergew\u00f6hnlich weich, und das jacquard-texturierte Fleece-Material bietet verbesserte Thermoregulierung und \u00fcberlegene feuchtigkeitsableitende Atmungsaktivit\u00e4t. Ausgestattet mit einem vielseitigen Druckknopfverschluss, ist es f\u00fcr aussergew\u00f6hnliche Vielseitigkeit entwickelt worden und wird schnell Ihr Lieblingshemd f\u00fcr alle Ihre aktiven Unternehmungen wie Golf, Wandern, Skifahren, Reisen, Sport, Arbeit oder eine Nacht in der Stadt. Hunts [&hellip;]<\/p>\n","protected":false},"featured_media":646057,"template":"","meta":[],"product_brand":[],"product_cat":[4184],"product_tag":[],"class_list":{"0":"post-646003","1":"product","2":"type-product","3":"status-publish","4":"has-post-thumbnail","6":"product_cat-hoodies-pullover","7":"pa_brand-cutter-buck","8":"pa_brand-type-workwear","9":"pa_filter-color-blau","10":"pa_filter-color-grau","11":"pa_filter-color-gruen","12":"pa_filter-color-schwarz","14":"first","15":"instock","16":"sale","17":"taxable","18":"shipping-taxable","19":"purchasable","20":"product-type-variable","21":"add-to-wishlist-before_image"},"exclude_global_add_ons":[],"addons":[],"acf":[],"_links":{"self":[{"href":"https:\/\/shop.kustom.ch\/fr\/wp-json\/wp\/v2\/product\/646003"}],"collection":[{"href":"https:\/\/shop.kustom.ch\/fr\/wp-json\/wp\/v2\/product"}],"about":[{"href":"https:\/\/shop.kustom.ch\/fr\/wp-json\/wp\/v2\/types\/product"}],"wp:featuredmedia":[{"embeddable":true,"href":"https:\/\/shop.kustom.ch\/fr\/wp-json\/wp\/v2\/media\/646057"}],"wp:attachment":[{"href":"https:\/\/shop.kustom.ch\/fr\/wp-json\/wp\/v2\/media?parent=646003"}],"wp:term":[{"taxonomy":"product_brand","embeddable":true,"href":"https:\/\/shop.kustom.ch\/fr\/wp-json\/wp\/v2\/product_brand?post=646003"},{"taxonomy":"product_cat","embeddable":true,"href":"https:\/\/shop.kustom.ch\/fr\/wp-json\/wp\/v2\/product_cat?post=646003"},{"taxonomy":"product_tag","embeddable":true,"href":"https:\/\/shop.kustom.ch\/fr\/wp-json\/wp\/v2\/product_tag?post=646003"}],"curies":[{"name":"wp","href":"https:\/\/api.w.org\/{rel}","templated":true}]}}