{"id":646001,"date":"2025-04-04T20:42:54","date_gmt":"2025-04-04T19:42:54","guid":{"rendered":"https:\/\/shop.kustom.ch\/?post_type=product&#038;p=646001"},"modified":"2026-03-31T11:44:28","modified_gmt":"2026-03-31T10:44:28","slug":"pemberton-cardigan-full-zip-women","status":"publish","type":"product","link":"https:\/\/shop.kustom.ch\/fr\/produit\/pemberton-cardigan-full-zip-women\/","title":{"rendered":"Pemberton Cardigan Full Zip Femme"},"content":{"rendered":"<p>Pemberton Full Zip, notre cardigan embl\u00e9matique, est fabriqu\u00e9 dans un tissu stretch l\u00e9ger \u00e0 double tricotage contenant jusqu'\u00e0 70% de polyester recycl\u00e9, de rayonne et d'\u00e9lasthanne pour plus de confort. Cette couche polyvalente s'adapte \u00e0 votre style de vie actif tout au long de l'ann\u00e9e, avec des poches zipp\u00e9es, des d\u00e9tails c\u00f4tel\u00e9s et le logo Cutter &amp; Buck brod\u00e9 en 3D \u00e0 l'arri\u00e8re du cou. Pour les femmes, il pr\u00e9sente un ourlet incurv\u00e9 et un dos l\u00e9g\u00e8rement allong\u00e9.<\/p>\n<p>Mati\u00e8re : 66% polyester recycl\u00e9, 4% polyester, 26% viscose, 4% \u00e9lasthanne (couleurs 955\/99). 70% polyester recycl\u00e9, 26% viscose, 4% \u00e9lasthanne (coloris 580)<\/p>","protected":false},"excerpt":{"rendered":"<p>Pemberton Full Zip, unsere ikonische Strickjacke, besteht aus einem leichten, doppelt gestrickten Stretch-Stoff, der bis zu 70% recyceltem Polyester, Rayon und Elasthan f\u00fcr zus\u00e4tzlichen Komfort enth\u00e4lt. Dieses vielseitige Schichtst\u00fcck passt zu Ihrem aktiven Lebensstil das ganze Jahr \u00fcber, komplett mit Reissverschlusstaschen, Rippdetails und Cutter &amp; Buck 3D-Logo-Stickerei am hinteren Hals. F\u00fcr Frauen bietet es einen [&hellip;]<\/p>\n","protected":false},"featured_media":646004,"template":"","meta":[],"product_brand":[],"product_cat":[4191],"product_tag":[],"class_list":{"0":"post-646001","1":"product","2":"type-product","3":"status-publish","4":"has-post-thumbnail","6":"product_cat-longsleeves-sweatshirts","7":"pa_brand-cutter-buck","8":"pa_brand-type-workwear","9":"pa_filter-color-blau","10":"pa_filter-color-grau","11":"pa_filter-color-schwarz","13":"first","14":"instock","15":"sale","16":"taxable","17":"shipping-taxable","18":"purchasable","19":"product-type-variable","20":"add-to-wishlist-before_image"},"exclude_global_add_ons":[],"addons":[],"acf":[],"_links":{"self":[{"href":"https:\/\/shop.kustom.ch\/fr\/wp-json\/wp\/v2\/product\/646001"}],"collection":[{"href":"https:\/\/shop.kustom.ch\/fr\/wp-json\/wp\/v2\/product"}],"about":[{"href":"https:\/\/shop.kustom.ch\/fr\/wp-json\/wp\/v2\/types\/product"}],"wp:featuredmedia":[{"embeddable":true,"href":"https:\/\/shop.kustom.ch\/fr\/wp-json\/wp\/v2\/media\/646004"}],"wp:attachment":[{"href":"https:\/\/shop.kustom.ch\/fr\/wp-json\/wp\/v2\/media?parent=646001"}],"wp:term":[{"taxonomy":"product_brand","embeddable":true,"href":"https:\/\/shop.kustom.ch\/fr\/wp-json\/wp\/v2\/product_brand?post=646001"},{"taxonomy":"product_cat","embeddable":true,"href":"https:\/\/shop.kustom.ch\/fr\/wp-json\/wp\/v2\/product_cat?post=646001"},{"taxonomy":"product_tag","embeddable":true,"href":"https:\/\/shop.kustom.ch\/fr\/wp-json\/wp\/v2\/product_tag?post=646001"}],"curies":[{"name":"wp","href":"https:\/\/api.w.org\/{rel}","templated":true}]}}