{"id":645501,"date":"2025-04-04T20:02:13","date_gmt":"2025-04-04T19:02:13","guid":{"rendered":"https:\/\/shop.kustom.ch\/?post_type=product&#038;p=645501"},"modified":"2026-03-31T11:39:40","modified_gmt":"2026-03-31T10:39:40","slug":"wedderburn-short-jacket-men","status":"publish","type":"product","link":"https:\/\/shop.kustom.ch\/fr\/produit\/wedderburn-short-jacket-men\/","title":{"rendered":"Veste courte Wedderburn Hommes"},"content":{"rendered":"<p>Notre version courte mi-longue de la veste Wedderburn pour hommes. Fabriqu\u00e9e en polyester recycl\u00e9 WeatherTec\u2122 de haute qualit\u00e9, m\u00e9lang\u00e9 \u00e0 du spandex pour offrir une protection fiable en cas de pluie. Dot\u00e9e d'une technologie de couture scell\u00e9e, elle est coupe-vent et imperm\u00e9able, mais enti\u00e8rement respirante pour \u00e9viter qu'il ne fasse trop chaud pendant que tu explores la nature, sans faire de compromis sur le style. \u00c9quip\u00e9 de fermetures \u00e0 glissi\u00e8re \u00e9tanches et d'une poche int\u00e9rieure particuli\u00e8rement pratique pour ranger les objets de valeur. Le v\u00eatement parfait pour le travail ou sur le terrain de golf.<\/p>\n<p>Mati\u00e8re : 90% polyester recycl\u00e9, 10% \u00e9lasthanne. WP 8000 \/ MVP 8000<\/p>","protected":false},"excerpt":{"rendered":"<p>Unsere kurze Mid-Waist-Version der Wedderburn-Jacke f\u00fcr Herren. Hergestellt aus hochwertigem WeatherTec\u2122-recyceltem Polyester, das mit Spandex gemischt ist, um zuverl\u00e4ssigen Schutz bei Regen zu bieten. Mit nahtversiegelter Technologie ist sie winddicht und wasserdicht, aber dennoch voll atmungsaktiv, um zu verhindern, dass es zu heiss wird, w\u00e4hrend Sie die Natur erkunden, ohne Kompromisse beim Stil einzugehen. Ausgestattet [&hellip;]<\/p>\n","protected":false},"featured_media":645517,"template":"","meta":[],"product_brand":[],"product_cat":[4186],"product_tag":[],"class_list":{"0":"post-645501","1":"product","2":"type-product","3":"status-publish","4":"has-post-thumbnail","6":"product_cat-jacken","7":"pa_brand-cutter-buck","8":"pa_brand-type-workwear","9":"pa_filter-color-blau","10":"pa_filter-color-schwarz","12":"first","13":"instock","14":"sale","15":"taxable","16":"shipping-taxable","17":"purchasable","18":"product-type-variable","19":"add-to-wishlist-before_image"},"exclude_global_add_ons":[],"addons":[],"acf":[],"_links":{"self":[{"href":"https:\/\/shop.kustom.ch\/fr\/wp-json\/wp\/v2\/product\/645501"}],"collection":[{"href":"https:\/\/shop.kustom.ch\/fr\/wp-json\/wp\/v2\/product"}],"about":[{"href":"https:\/\/shop.kustom.ch\/fr\/wp-json\/wp\/v2\/types\/product"}],"wp:featuredmedia":[{"embeddable":true,"href":"https:\/\/shop.kustom.ch\/fr\/wp-json\/wp\/v2\/media\/645517"}],"wp:attachment":[{"href":"https:\/\/shop.kustom.ch\/fr\/wp-json\/wp\/v2\/media?parent=645501"}],"wp:term":[{"taxonomy":"product_brand","embeddable":true,"href":"https:\/\/shop.kustom.ch\/fr\/wp-json\/wp\/v2\/product_brand?post=645501"},{"taxonomy":"product_cat","embeddable":true,"href":"https:\/\/shop.kustom.ch\/fr\/wp-json\/wp\/v2\/product_cat?post=645501"},{"taxonomy":"product_tag","embeddable":true,"href":"https:\/\/shop.kustom.ch\/fr\/wp-json\/wp\/v2\/product_tag?post=645501"}],"curies":[{"name":"wp","href":"https:\/\/api.w.org\/{rel}","templated":true}]}}