{"id":645363,"date":"2025-04-04T19:27:38","date_gmt":"2025-04-04T18:27:38","guid":{"rendered":"https:\/\/shop.kustom.ch\/?post_type=product&#038;p=645363"},"modified":"2026-03-31T10:14:03","modified_gmt":"2026-03-31T09:14:03","slug":"key-shorts-unisex","status":"publish","type":"product","link":"https:\/\/shop.kustom.ch\/fr\/produit\/key-shorts-unisex\/","title":{"rendered":"Short Key unisexe"},"content":{"rendered":"<p>Short en sweat-shirt avec doublure bross\u00e9e et poches lat\u00e9rales. Large ceinture en maille 2\u00d72 c\u00f4tes avec un fort \u00e9lastique et un cordon avec des d\u00e9tails en m\u00e9tal argent\u00e9 antique. Des coutures d\u00e9coratives styl\u00e9es ajoutent une touche d'originalit\u00e9 au v\u00eatement.<\/p>\n<p>Mati\u00e8re : 85% coton \u00e9cologique Fairtrade, 15% polyester recycl\u00e9<\/p>","protected":false},"excerpt":{"rendered":"<p>Shorts aus Sweatshirt-Material mit geb\u00fcrstetem Innenfutter und seitlichen Taschen. Breiter Bund aus 2&#215;2 Rippstrick mit starkem Gummibund und Kordel mit Details aus antik-silbernem Metall. Stilvolle Ziern\u00e4hten verleihen dem Kleidungsst\u00fcck eine besondere Note. Material: 85% \u00f6kologisch Baumwolle Fairtrade, 15% polyester recycl\u00e9<\/p>","protected":false},"featured_media":645370,"template":"","meta":[],"product_brand":[],"product_cat":[4198],"product_tag":[],"class_list":{"0":"post-645363","1":"product","2":"type-product","3":"status-publish","4":"has-post-thumbnail","6":"product_cat-shorts","7":"pa_brand-cottover","8":"pa_brand-type-workwear","9":"pa_filter-color-beige","10":"pa_filter-color-blau","11":"pa_filter-color-grau","12":"pa_filter-color-gruen","13":"pa_filter-color-schwarz","15":"first","16":"instock","17":"sale","18":"taxable","19":"shipping-taxable","20":"purchasable","21":"product-type-variable","22":"add-to-wishlist-before_image"},"exclude_global_add_ons":[],"addons":[],"acf":[],"_links":{"self":[{"href":"https:\/\/shop.kustom.ch\/fr\/wp-json\/wp\/v2\/product\/645363"}],"collection":[{"href":"https:\/\/shop.kustom.ch\/fr\/wp-json\/wp\/v2\/product"}],"about":[{"href":"https:\/\/shop.kustom.ch\/fr\/wp-json\/wp\/v2\/types\/product"}],"wp:featuredmedia":[{"embeddable":true,"href":"https:\/\/shop.kustom.ch\/fr\/wp-json\/wp\/v2\/media\/645370"}],"wp:attachment":[{"href":"https:\/\/shop.kustom.ch\/fr\/wp-json\/wp\/v2\/media?parent=645363"}],"wp:term":[{"taxonomy":"product_brand","embeddable":true,"href":"https:\/\/shop.kustom.ch\/fr\/wp-json\/wp\/v2\/product_brand?post=645363"},{"taxonomy":"product_cat","embeddable":true,"href":"https:\/\/shop.kustom.ch\/fr\/wp-json\/wp\/v2\/product_cat?post=645363"},{"taxonomy":"product_tag","embeddable":true,"href":"https:\/\/shop.kustom.ch\/fr\/wp-json\/wp\/v2\/product_tag?post=645363"}],"curies":[{"name":"wp","href":"https:\/\/api.w.org\/{rel}","templated":true}]}}