{"id":645152,"date":"2025-04-04T19:26:45","date_gmt":"2025-04-04T18:26:45","guid":{"rendered":"https:\/\/shop.kustom.ch\/?post_type=product&#038;p=645152"},"modified":"2026-03-31T10:17:50","modified_gmt":"2026-03-31T09:17:50","slug":"tanktop-lady","status":"publish","type":"product","link":"https:\/\/shop.kustom.ch\/fr\/produit\/tanktop-lady\/","title":{"rendered":"D\u00e9bardeur Lady"},"content":{"rendered":"<p>D\u00e9bardeur classique \u00e0 larges bretelles dans un mod\u00e8le l\u00e9g\u00e8rement cintr\u00e9 et sobre. Passepoil \u00e0 l'encolure et aux emmanchures. \u00c9tiquette imprim\u00e9e sur la nuque.<\/p>\n<p>Mat\u00e9riel : 100% coton \u00e9cologique Fairtrade<\/p>","protected":false},"excerpt":{"rendered":"<p>Klassisches Tanktop mit breiten Tr\u00e4gern in einem leicht taillierten, schlichten Modell. Paspel an Ausschnitt und Arml\u00f6chern. Bedrucktes Etikett am Nacken. Material: 100% \u00f6kologisch Baumwolle Fairtrade<\/p>","protected":false},"featured_media":645157,"template":"","meta":[],"product_brand":[],"product_cat":[4202],"product_tag":[],"class_list":{"0":"post-645152","1":"product","2":"type-product","3":"status-publish","4":"has-post-thumbnail","6":"product_cat-tank-tops","7":"pa_brand-cottover","8":"pa_brand-type-workwear","9":"pa_filter-color-beige","10":"pa_filter-color-blau","11":"pa_filter-color-schwarz","12":"pa_filter-color-weiss","14":"first","15":"instock","16":"sale","17":"taxable","18":"shipping-taxable","19":"purchasable","20":"product-type-variable","21":"add-to-wishlist-before_image"},"exclude_global_add_ons":[],"addons":[],"acf":[],"_links":{"self":[{"href":"https:\/\/shop.kustom.ch\/fr\/wp-json\/wp\/v2\/product\/645152"}],"collection":[{"href":"https:\/\/shop.kustom.ch\/fr\/wp-json\/wp\/v2\/product"}],"about":[{"href":"https:\/\/shop.kustom.ch\/fr\/wp-json\/wp\/v2\/types\/product"}],"wp:featuredmedia":[{"embeddable":true,"href":"https:\/\/shop.kustom.ch\/fr\/wp-json\/wp\/v2\/media\/645157"}],"wp:attachment":[{"href":"https:\/\/shop.kustom.ch\/fr\/wp-json\/wp\/v2\/media?parent=645152"}],"wp:term":[{"taxonomy":"product_brand","embeddable":true,"href":"https:\/\/shop.kustom.ch\/fr\/wp-json\/wp\/v2\/product_brand?post=645152"},{"taxonomy":"product_cat","embeddable":true,"href":"https:\/\/shop.kustom.ch\/fr\/wp-json\/wp\/v2\/product_cat?post=645152"},{"taxonomy":"product_tag","embeddable":true,"href":"https:\/\/shop.kustom.ch\/fr\/wp-json\/wp\/v2\/product_tag?post=645152"}],"curies":[{"name":"wp","href":"https:\/\/api.w.org\/{rel}","templated":true}]}}