{"id":645091,"date":"2025-04-04T19:26:28","date_gmt":"2025-04-04T18:26:28","guid":{"rendered":"https:\/\/shop.kustom.ch\/?post_type=product&#038;p=645091"},"modified":"2026-03-31T10:14:59","modified_gmt":"2026-03-31T09:14:59","slug":"poplin-lady","status":"publish","type":"product","link":"https:\/\/shop.kustom.ch\/fr\/produit\/poplin-lady\/","title":{"rendered":"Poplin Lady"},"content":{"rendered":"<p>Chemise \u00e9l\u00e9gante en popeline avec des \u00e9l\u00e9ments stretch dont les propri\u00e9t\u00e9s assurent un port souple et doux. Avec un col classique. Coupe confort et slim pour les hommes. Le mod\u00e8le femme est l\u00e9g\u00e8rement cintr\u00e9.<\/p>\n<p>Mati\u00e8re : 97% coton biologique commerce \u00e9quitable, 3% \u00e9lasthanne<\/p>","protected":false},"excerpt":{"rendered":"<p>Elegantes Hemd aus Popeline-Stoff mit Stretchelementen, deren Eigenschaften f\u00fcr ein geschmeidiges und weiches Tragegef\u00fchl sorgen. Mit klassischem Kragen. Komfort- und Slim-Fit f\u00fcr M\u00e4nner. Das Damenmodell ist leicht tailliert. Material: 97% \u00f6kologisch angebaute Baumwolle Fairtrade, 3% Elasthan<\/p>","protected":false},"featured_media":645123,"template":"","meta":[],"product_brand":[],"product_cat":[9895],"product_tag":[],"class_list":{"0":"post-645091","1":"product","2":"type-product","3":"status-publish","4":"has-post-thumbnail","6":"product_cat-blusen","7":"pa_brand-cottover","8":"pa_brand-type-workwear","9":"pa_filter-color-schwarz","10":"pa_filter-color-weiss","12":"first","13":"instock","14":"sale","15":"taxable","16":"shipping-taxable","17":"purchasable","18":"product-type-variable","19":"add-to-wishlist-before_image"},"exclude_global_add_ons":[],"addons":[],"acf":[],"_links":{"self":[{"href":"https:\/\/shop.kustom.ch\/fr\/wp-json\/wp\/v2\/product\/645091"}],"collection":[{"href":"https:\/\/shop.kustom.ch\/fr\/wp-json\/wp\/v2\/product"}],"about":[{"href":"https:\/\/shop.kustom.ch\/fr\/wp-json\/wp\/v2\/types\/product"}],"wp:featuredmedia":[{"embeddable":true,"href":"https:\/\/shop.kustom.ch\/fr\/wp-json\/wp\/v2\/media\/645123"}],"wp:attachment":[{"href":"https:\/\/shop.kustom.ch\/fr\/wp-json\/wp\/v2\/media?parent=645091"}],"wp:term":[{"taxonomy":"product_brand","embeddable":true,"href":"https:\/\/shop.kustom.ch\/fr\/wp-json\/wp\/v2\/product_brand?post=645091"},{"taxonomy":"product_cat","embeddable":true,"href":"https:\/\/shop.kustom.ch\/fr\/wp-json\/wp\/v2\/product_cat?post=645091"},{"taxonomy":"product_tag","embeddable":true,"href":"https:\/\/shop.kustom.ch\/fr\/wp-json\/wp\/v2\/product_tag?post=645091"}],"curies":[{"name":"wp","href":"https:\/\/api.w.org\/{rel}","templated":true}]}}