{"id":644820,"date":"2025-04-04T19:15:46","date_gmt":"2025-04-04T18:15:46","guid":{"rendered":"https:\/\/shop.kustom.ch\/?post_type=product&#038;p=644820"},"modified":"2026-03-31T13:17:13","modified_gmt":"2026-03-31T12:17:13","slug":"miami-pro-roundneck-women","status":"publish","type":"product","link":"https:\/\/shop.kustom.ch\/fr\/produit\/miami-pro-roundneck-women\/","title":{"rendered":"Miami PRO Roundneck Femmes"},"content":{"rendered":"<p>Un sweat-shirt d\u00e9contract\u00e9 \u00e0 col rond pour femmes, en qualit\u00e9 French Terry et un m\u00e9lange de coton et de polyester recycl\u00e9. Il se caract\u00e9rise par des \u00e9paules l\u00e9g\u00e8rement recoup\u00e9es et une fente sur les coutures lat\u00e9rales \u00e0 l'ourlet. Le tricot \u00e9lastique plus large \u00e0 c\u00f4tes 2\u00d72 pr\u00e9sente une couture simple \u00e0 l'encolure et aux poignets ainsi qu'une finition haute \u00e0 l'ourlet. Comprend une bande de cou en serg\u00e9 de couleur contrast\u00e9e et une \u00e9tiquette facilement amovible \u00e0 des fins de rebranding. Le tissu doux et stabilis\u00e9 est con\u00e7u pour des lavages fr\u00e9quents et poss\u00e8de des propri\u00e9t\u00e9s anti-boulochage.<\/p>\n<p>Mati\u00e8re : 80% coton, 20% polyester recycl\u00e9<\/p>","protected":false},"excerpt":{"rendered":"<p>Ein legeres Rundhals Sweatshirt f\u00fcr Damen, aus French-Terry-Qualit\u00e4t und einer Mischung aus Baumwolle und recyceltem Polyester. Es zeichnet sich durch leicht \u00fcberschnittene Schultern und einen Schlitz an den Seitenn\u00e4hten am Saum aus. Der breitere elastische 2&#215;2-Rippstrick hat eine einfache Naht am Halsausschnitt und an den \u00c4rmelb\u00fcndchen sowie einen hohen Saumabschluss. Inklusive Nackenband aus Twill in [&hellip;]<\/p>\n","protected":false},"featured_media":644851,"template":"","meta":[],"product_brand":[],"product_cat":[4191],"product_tag":[],"class_list":{"0":"post-644820","1":"product","2":"type-product","3":"status-publish","4":"has-post-thumbnail","6":"product_cat-longsleeves-sweatshirts","7":"pa_brand-clique","8":"pa_brand-type-workwear","9":"pa_filter-color-blau","10":"pa_filter-color-grau","11":"pa_filter-color-schwarz","13":"first","14":"instock","15":"sale","16":"taxable","17":"shipping-taxable","18":"purchasable","19":"product-type-variable","20":"add-to-wishlist-before_image"},"exclude_global_add_ons":[],"addons":[],"acf":[],"_links":{"self":[{"href":"https:\/\/shop.kustom.ch\/fr\/wp-json\/wp\/v2\/product\/644820"}],"collection":[{"href":"https:\/\/shop.kustom.ch\/fr\/wp-json\/wp\/v2\/product"}],"about":[{"href":"https:\/\/shop.kustom.ch\/fr\/wp-json\/wp\/v2\/types\/product"}],"wp:featuredmedia":[{"embeddable":true,"href":"https:\/\/shop.kustom.ch\/fr\/wp-json\/wp\/v2\/media\/644851"}],"wp:attachment":[{"href":"https:\/\/shop.kustom.ch\/fr\/wp-json\/wp\/v2\/media?parent=644820"}],"wp:term":[{"taxonomy":"product_brand","embeddable":true,"href":"https:\/\/shop.kustom.ch\/fr\/wp-json\/wp\/v2\/product_brand?post=644820"},{"taxonomy":"product_cat","embeddable":true,"href":"https:\/\/shop.kustom.ch\/fr\/wp-json\/wp\/v2\/product_cat?post=644820"},{"taxonomy":"product_tag","embeddable":true,"href":"https:\/\/shop.kustom.ch\/fr\/wp-json\/wp\/v2\/product_tag?post=644820"}],"curies":[{"name":"wp","href":"https:\/\/api.w.org\/{rel}","templated":true}]}}