{"id":644753,"date":"2025-04-04T19:15:21","date_gmt":"2025-04-04T18:15:21","guid":{"rendered":"https:\/\/shop.kustom.ch\/?post_type=product&#038;p=644753"},"modified":"2026-03-31T13:17:04","modified_gmt":"2026-03-31T12:17:04","slug":"miami-pro-hoody-full-zip","status":"publish","type":"product","link":"https:\/\/shop.kustom.ch\/fr\/produit\/miami-pro-hoody-full-zip\/","title":{"rendered":"Miami PRO Hoody Full Zip"},"content":{"rendered":"<p>Un sweat \u00e0 capuche unisexe avec une fermeture \u00e9clair sur toute la longueur, en qualit\u00e9 French Terry et un m\u00e9lange de coton et de polyester recycl\u00e9. Il dispose de manches raglan, d'une poche kangourou et d'une languette de protection en haut de la fermeture \u00e9clair m\u00e9tallique. Le sweat \u00e0 capuche a une double couche de tissu pour une stabilit\u00e9 suppl\u00e9mentaire. Les extr\u00e9mit\u00e9s du cordon et les \u0153illets sont fabriqu\u00e9s en m\u00e9tal. Le tricot \u00e9lastique \u00e0 c\u00f4tes 2\u00d72 est dot\u00e9 d'une couture simple \u00e0 l'encolure, aux poignets et \u00e0 l'ourlet. Comprend une bande de cou en serg\u00e9 de couleur contrast\u00e9e, une boucle de suspension et une \u00e9tiquette facilement amovible \u00e0 des fins de rebranding. Le tissu doux et stabilis\u00e9 est con\u00e7u pour des lavages fr\u00e9quents et poss\u00e8de des propri\u00e9t\u00e9s anti-boulochage.<\/p>\n<p>Mati\u00e8re : 80% coton, 20% polyester recycl\u00e9<\/p>","protected":false},"excerpt":{"rendered":"<p>Ein Unisex Hoodie mit durchgehendem Reissverschluss, aus French-Terry-Qualit\u00e4t und einer Mischung aus Baumwolle und recyceltem Polyester. Er verf\u00fcgt \u00fcber Raglan\u00e4rmel, eine K\u00e4ngurutasche und eine Schutzlasche am oberen Ende des Metallreissverschlusses. Der Hoodie hat eine doppelte Stofflage f\u00fcr zus\u00e4tzliche Stabilit\u00e4t. Die Kordelenden und \u00d6sen sind aus Metall gefertigt. Der elastische 2&#215;2-Rippstrick ist mit einfacher Naht am [&hellip;]<\/p>\n","protected":false},"featured_media":644778,"template":"","meta":[],"product_brand":[],"product_cat":[4191],"product_tag":[],"class_list":{"0":"post-644753","1":"product","2":"type-product","3":"status-publish","4":"has-post-thumbnail","6":"product_cat-longsleeves-sweatshirts","7":"pa_brand-clique","8":"pa_brand-type-workwear","9":"pa_filter-color-blau","10":"pa_filter-color-grau","11":"pa_filter-color-schwarz","13":"first","14":"instock","15":"sale","16":"taxable","17":"shipping-taxable","18":"purchasable","19":"product-type-variable","20":"add-to-wishlist-before_image"},"exclude_global_add_ons":[],"addons":[],"acf":[],"_links":{"self":[{"href":"https:\/\/shop.kustom.ch\/fr\/wp-json\/wp\/v2\/product\/644753"}],"collection":[{"href":"https:\/\/shop.kustom.ch\/fr\/wp-json\/wp\/v2\/product"}],"about":[{"href":"https:\/\/shop.kustom.ch\/fr\/wp-json\/wp\/v2\/types\/product"}],"wp:featuredmedia":[{"embeddable":true,"href":"https:\/\/shop.kustom.ch\/fr\/wp-json\/wp\/v2\/media\/644778"}],"wp:attachment":[{"href":"https:\/\/shop.kustom.ch\/fr\/wp-json\/wp\/v2\/media?parent=644753"}],"wp:term":[{"taxonomy":"product_brand","embeddable":true,"href":"https:\/\/shop.kustom.ch\/fr\/wp-json\/wp\/v2\/product_brand?post=644753"},{"taxonomy":"product_cat","embeddable":true,"href":"https:\/\/shop.kustom.ch\/fr\/wp-json\/wp\/v2\/product_cat?post=644753"},{"taxonomy":"product_tag","embeddable":true,"href":"https:\/\/shop.kustom.ch\/fr\/wp-json\/wp\/v2\/product_tag?post=644753"}],"curies":[{"name":"wp","href":"https:\/\/api.w.org\/{rel}","templated":true}]}}