{"id":644748,"date":"2025-04-04T19:15:15","date_gmt":"2025-04-04T18:15:15","guid":{"rendered":"https:\/\/shop.kustom.ch\/?post_type=product&#038;p=644748"},"modified":"2026-03-31T13:10:08","modified_gmt":"2026-03-31T12:10:08","slug":"miami-pants","status":"publish","type":"product","link":"https:\/\/shop.kustom.ch\/fr\/produit\/miami-pants\/","title":{"rendered":"Miami Pants"},"content":{"rendered":"<p>Sweat unisexe fabriqu\u00e9 \u00e0 partir d'un m\u00e9lange de coton et de polyester recycl\u00e9. Il dispose de deux poches avant et d'une poche zipp\u00e9e cach\u00e9e sur la couture lat\u00e9rale. Le tricot \u00e9lastique 2\u00d72 c\u00f4tes est dot\u00e9 de doubles coutures \u00e0 la taille et au bas des jambes. Il est dot\u00e9 d'un cordon de serrage \u00e0 la taille et d'une \u00e9tiquette facilement amovible \u00e0 des fins de rebranding. Le tissu doux et stabilis\u00e9 est con\u00e7u pour des lavages fr\u00e9quents et poss\u00e8de des propri\u00e9t\u00e9s anti-boulochage.<\/p>\n<p>Mati\u00e8re : 80% coton, 20% polyester recycl\u00e9<\/p>","protected":false},"excerpt":{"rendered":"<p>Unisex-Sweatpants aus einer Mischung aus Baumwolle und recyceltem Polyester. Sie verf\u00fcgt \u00fcber zwei Fronttaschen und eine versteckte Reissverschlusstasche an der Seitennaht. Der elastische 2&#215;2-Rippstrick ist mit doppelten N\u00e4hten an der Taille und am Beinabschluss versehen. Mit Kordelzug an der Taille und einem leicht entfernbaren Etikett f\u00fcr Rebranding-Zwecke. Der weiche, stabilisierte Stoff ist f\u00fcr h\u00e4ufiges Waschen [&hellip;]<\/p>\n","protected":false},"featured_media":644749,"template":"","meta":[],"product_brand":[],"product_cat":[4191],"product_tag":[],"class_list":{"0":"post-644748","1":"product","2":"type-product","3":"status-publish","4":"has-post-thumbnail","6":"product_cat-longsleeves-sweatshirts","7":"pa_brand-clique","8":"pa_brand-type-workwear","9":"pa_filter-color-blau","10":"pa_filter-color-grau","11":"pa_filter-color-schwarz","13":"first","14":"instock","15":"sale","16":"taxable","17":"shipping-taxable","18":"purchasable","19":"product-type-variable","20":"add-to-wishlist-before_image"},"exclude_global_add_ons":[],"addons":[],"acf":[],"_links":{"self":[{"href":"https:\/\/shop.kustom.ch\/fr\/wp-json\/wp\/v2\/product\/644748"}],"collection":[{"href":"https:\/\/shop.kustom.ch\/fr\/wp-json\/wp\/v2\/product"}],"about":[{"href":"https:\/\/shop.kustom.ch\/fr\/wp-json\/wp\/v2\/types\/product"}],"wp:featuredmedia":[{"embeddable":true,"href":"https:\/\/shop.kustom.ch\/fr\/wp-json\/wp\/v2\/media\/644749"}],"wp:attachment":[{"href":"https:\/\/shop.kustom.ch\/fr\/wp-json\/wp\/v2\/media?parent=644748"}],"wp:term":[{"taxonomy":"product_brand","embeddable":true,"href":"https:\/\/shop.kustom.ch\/fr\/wp-json\/wp\/v2\/product_brand?post=644748"},{"taxonomy":"product_cat","embeddable":true,"href":"https:\/\/shop.kustom.ch\/fr\/wp-json\/wp\/v2\/product_cat?post=644748"},{"taxonomy":"product_tag","embeddable":true,"href":"https:\/\/shop.kustom.ch\/fr\/wp-json\/wp\/v2\/product_tag?post=644748"}],"curies":[{"name":"wp","href":"https:\/\/api.w.org\/{rel}","templated":true}]}}