{"id":644419,"date":"2025-04-03T21:56:21","date_gmt":"2025-04-03T20:56:21","guid":{"rendered":"https:\/\/shop.kustom.ch\/?post_type=product&#038;p=644419"},"modified":"2026-03-31T11:22:14","modified_gmt":"2026-03-31T10:22:14","slug":"yoke-fleece-half-zip-woman","status":"publish","type":"product","link":"https:\/\/shop.kustom.ch\/fr\/produit\/yoke-fleece-half-zip-woman\/","title":{"rendered":"Yoke Fleece Half Zip Woman"},"content":{"rendered":"<p>Une veste polaire avec une fermeture semi-zip et un design intemporel qui vous tient chaud toute l'ann\u00e9e. Elle se glisse parfaitement sous une veste shell ou peut \u00eatre port\u00e9e s\u00e9par\u00e9ment par temps frais. Combin\u00e9e \u00e0 un jean ou \u00e0 l'un de nos pantalons outdoor, elle est magnifique et assure un look complet. Elle est dot\u00e9e d'une fermeture \u00e9clair au niveau du cou qui vous permet de r\u00e9guler votre temp\u00e9rature et de ranger votre t\u00e9l\u00e9phone portable et vos cl\u00e9s dans les deux poches zipp\u00e9es \u00e0 l'avant. De plus, le logo Tenson est discret sur le bras. La Yoke Half Zip est parfaite comme veste pour les jours de semaine en ville et les week-ends en plein air.<\/p>\n<p>Mati\u00e8re : 100% polyester recycl\u00e9<\/p>","protected":false},"excerpt":{"rendered":"<p>Eine Fleecejacke mit Halbreissverschluss und zeitlosem Design, der Sie das ganze Jahr \u00fcber warm h\u00e4lt. Sie passt perfekt unter eine Shell-Jacke oder kann an k\u00fchlen Tagen auch separat getragen werden. Kombiniert mit Jeans oder einer unserer Outdoor-Hosen sieht sie grossartig aus und sorgt f\u00fcr einen kompletten Look. Sie hat am Hals als stylisches Detail einen [&hellip;]<\/p>\n","protected":false},"featured_media":644461,"template":"","meta":[],"product_brand":[],"product_cat":[4191],"product_tag":[],"class_list":{"0":"post-644419","1":"product","2":"type-product","3":"status-publish","4":"has-post-thumbnail","6":"product_cat-longsleeves-sweatshirts","7":"pa_brand-tenson","8":"pa_brand-type-sportswear","9":"pa_filter-color-beige","10":"pa_filter-color-schwarz","12":"first","13":"instock","14":"sale","15":"taxable","16":"shipping-taxable","17":"purchasable","18":"product-type-variable","19":"add-to-wishlist-before_image"},"exclude_global_add_ons":[],"addons":[],"acf":[],"_links":{"self":[{"href":"https:\/\/shop.kustom.ch\/fr\/wp-json\/wp\/v2\/product\/644419"}],"collection":[{"href":"https:\/\/shop.kustom.ch\/fr\/wp-json\/wp\/v2\/product"}],"about":[{"href":"https:\/\/shop.kustom.ch\/fr\/wp-json\/wp\/v2\/types\/product"}],"wp:featuredmedia":[{"embeddable":true,"href":"https:\/\/shop.kustom.ch\/fr\/wp-json\/wp\/v2\/media\/644461"}],"wp:attachment":[{"href":"https:\/\/shop.kustom.ch\/fr\/wp-json\/wp\/v2\/media?parent=644419"}],"wp:term":[{"taxonomy":"product_brand","embeddable":true,"href":"https:\/\/shop.kustom.ch\/fr\/wp-json\/wp\/v2\/product_brand?post=644419"},{"taxonomy":"product_cat","embeddable":true,"href":"https:\/\/shop.kustom.ch\/fr\/wp-json\/wp\/v2\/product_cat?post=644419"},{"taxonomy":"product_tag","embeddable":true,"href":"https:\/\/shop.kustom.ch\/fr\/wp-json\/wp\/v2\/product_tag?post=644419"}],"curies":[{"name":"wp","href":"https:\/\/api.w.org\/{rel}","templated":true}]}}