{"id":644353,"date":"2025-04-03T21:55:51","date_gmt":"2025-04-03T20:55:51","guid":{"rendered":"https:\/\/shop.kustom.ch\/?post_type=product&#038;p=644353"},"modified":"2026-03-31T11:22:12","modified_gmt":"2026-03-31T10:22:12","slug":"yoke-fleece-full-zip-man","status":"publish","type":"product","link":"https:\/\/shop.kustom.ch\/fr\/produit\/yoke-fleece-full-zip-man\/","title":{"rendered":"Yoke Fleece Full Zip Man"},"content":{"rendered":"<p>Une veste polaire au design intemporel qui vous tient chaud toute l'ann\u00e9e. Elle se glisse parfaitement sous une veste shell ou peut \u00eatre port\u00e9e s\u00e9par\u00e9ment par temps frais. Combin\u00e9e \u00e0 un jean ou \u00e0 l'un de nos pantalons outdoor, elle est magnifique et assure un look complet. Vous pouvez ranger votre t\u00e9l\u00e9phone portable et vos cl\u00e9s dans les deux poches zipp\u00e9es. De plus, le logo Tenson est discret sur le bras. La Yoke Full Zip est parfaite comme veste pour les jours de semaine en ville et les week-ends en plein air.<\/p>\n<p>Mati\u00e8re : 100% polyester recycl\u00e9<\/p>","protected":false},"excerpt":{"rendered":"<p>Eine Fleecejacke mit zeitlosem Design, die Sie das ganze Jahr \u00fcber warm h\u00e4lt. Sie passt perfekt unter eine Shell-Jacke oder kann an k\u00fchlen Tagen auch separat getragen werden. Kombiniert mit einer Jeans oder einer unserer Outdoor-Hosen sieht sie grossartig aus und sorgt f\u00fcr einen kompletten Look. In den beiden Reissverschlusstaschen k\u00f6nnen Sie Ihr Handy und [&hellip;]<\/p>\n","protected":false},"featured_media":644416,"template":"","meta":[],"product_brand":[],"product_cat":[4186],"product_tag":[],"class_list":{"0":"post-644353","1":"product","2":"type-product","3":"status-publish","4":"has-post-thumbnail","6":"product_cat-jacken","7":"pa_brand-tenson","8":"pa_brand-type-sportswear","9":"pa_filter-color-beige","10":"pa_filter-color-schwarz","12":"first","13":"instock","14":"sale","15":"taxable","16":"shipping-taxable","17":"purchasable","18":"product-type-variable","19":"add-to-wishlist-before_image"},"exclude_global_add_ons":[],"addons":[],"acf":[],"_links":{"self":[{"href":"https:\/\/shop.kustom.ch\/fr\/wp-json\/wp\/v2\/product\/644353"}],"collection":[{"href":"https:\/\/shop.kustom.ch\/fr\/wp-json\/wp\/v2\/product"}],"about":[{"href":"https:\/\/shop.kustom.ch\/fr\/wp-json\/wp\/v2\/types\/product"}],"wp:featuredmedia":[{"embeddable":true,"href":"https:\/\/shop.kustom.ch\/fr\/wp-json\/wp\/v2\/media\/644416"}],"wp:attachment":[{"href":"https:\/\/shop.kustom.ch\/fr\/wp-json\/wp\/v2\/media?parent=644353"}],"wp:term":[{"taxonomy":"product_brand","embeddable":true,"href":"https:\/\/shop.kustom.ch\/fr\/wp-json\/wp\/v2\/product_brand?post=644353"},{"taxonomy":"product_cat","embeddable":true,"href":"https:\/\/shop.kustom.ch\/fr\/wp-json\/wp\/v2\/product_cat?post=644353"},{"taxonomy":"product_tag","embeddable":true,"href":"https:\/\/shop.kustom.ch\/fr\/wp-json\/wp\/v2\/product_tag?post=644353"}],"curies":[{"name":"wp","href":"https:\/\/api.w.org\/{rel}","templated":true}]}}