{"id":644351,"date":"2025-04-03T21:55:51","date_gmt":"2025-04-03T20:55:51","guid":{"rendered":"https:\/\/shop.kustom.ch\/?post_type=product&#038;p=644351"},"modified":"2026-03-31T11:22:09","modified_gmt":"2026-03-31T10:22:09","slug":"vision-parka-men","status":"publish","type":"product","link":"https:\/\/shop.kustom.ch\/fr\/produit\/vision-parka-men\/","title":{"rendered":"Vision Parka Men"},"content":{"rendered":"<p>La parka Vision est une veste d'hiver imperm\u00e9able au vent et \u00e0 l'eau pour hommes, au design intemporel et minimaliste qui r\u00e9sistera \u00e0 l'\u00e9preuve du temps. La veste est isol\u00e9e avec AirPush Insulate\u2122, qui assure l'\u00e9change de vapeur m\u00eame en cas d'humidit\u00e9. Dot\u00e9e de coutures scell\u00e9es et de la propre technologie MPC Extreme de Tenson (WP 10 000 mm \/ MP 10 000 g\/m\u00b2\/24h), elle combine une imperm\u00e9abilit\u00e9 extr\u00eamement efficace et une respirabilit\u00e9 exceptionnelle. Pour une a\u00e9ration suppl\u00e9mentaire, tu peux ouvrir la fermeture \u00e9clair \u00e0 double sens par le bas pour te rafra\u00eechir. Les poignets et la capuche sont tous deux r\u00e9glables. Il y a deux poches de poitrine discr\u00e8tes avec des fermetures \u00e9clair, deux poches normales pour le rangement et une poche int\u00e9rieure avec fermeture \u00e9clair. La veste Vision MPC Extreme vous rendra de grands services aussi bien lors des froides journ\u00e9es d'hiver que sous la pluie. Elle est dot\u00e9e d'une doublure en polyester E-dye et d'un rev\u00eatement d\u00e9perlant sans PFC.<\/p>\n<p>- MPC Extreme<br \/>\n- 2 couches de stretch<br \/>\n- colonne d'eau de 10 000 mm<br \/>\n- Respirabilit\u00e9 10 000 g\/m\u00b2\/24 h<br \/>\n- rev\u00eatement hydrofuge sans PFC<\/p>\n<p>Mati\u00e8re : polyester recycl\u00e9 59%, polyester 41%. Doublure : 100% polyester. Rembourrage : 100% polyester recycl\u00e9<\/p>","protected":false},"excerpt":{"rendered":"<p>Der Vision-Parka ist eine wind- und wasserdichte Winterjacke f\u00fcr Herren mit einem zeitlosen, minimalistischen Design, das den Test der Zeit bestehen wird. Die Jacke ist mit AirPush Insulate\u2122 isoliert, das selbst bei N\u00e4sse f\u00fcr Dampfaustausch sorgt. Ausgestattet mit versiegelten N\u00e4hten und Tenson&#8217;s eigener MPC Extreme-Technologie (WP 10.000 mm \/ MP 10.000 g\/m\u00b2\/24h), die extrem effektive [&hellip;]<\/p>\n","protected":false},"featured_media":644387,"template":"","meta":[],"product_brand":[],"product_cat":[4186],"product_tag":[],"class_list":{"0":"post-644351","1":"product","2":"type-product","3":"status-publish","4":"has-post-thumbnail","6":"product_cat-jacken","7":"pa_brand-tenson","8":"pa_brand-type-sportswear","9":"pa_filter-color-blau","10":"pa_filter-color-schwarz","12":"first","13":"instock","14":"sale","15":"taxable","16":"shipping-taxable","17":"purchasable","18":"product-type-variable","19":"add-to-wishlist-before_image"},"exclude_global_add_ons":[],"addons":[],"acf":[],"_links":{"self":[{"href":"https:\/\/shop.kustom.ch\/fr\/wp-json\/wp\/v2\/product\/644351"}],"collection":[{"href":"https:\/\/shop.kustom.ch\/fr\/wp-json\/wp\/v2\/product"}],"about":[{"href":"https:\/\/shop.kustom.ch\/fr\/wp-json\/wp\/v2\/types\/product"}],"wp:featuredmedia":[{"embeddable":true,"href":"https:\/\/shop.kustom.ch\/fr\/wp-json\/wp\/v2\/media\/644387"}],"wp:attachment":[{"href":"https:\/\/shop.kustom.ch\/fr\/wp-json\/wp\/v2\/media?parent=644351"}],"wp:term":[{"taxonomy":"product_brand","embeddable":true,"href":"https:\/\/shop.kustom.ch\/fr\/wp-json\/wp\/v2\/product_brand?post=644351"},{"taxonomy":"product_cat","embeddable":true,"href":"https:\/\/shop.kustom.ch\/fr\/wp-json\/wp\/v2\/product_cat?post=644351"},{"taxonomy":"product_tag","embeddable":true,"href":"https:\/\/shop.kustom.ch\/fr\/wp-json\/wp\/v2\/product_tag?post=644351"}],"curies":[{"name":"wp","href":"https:\/\/api.w.org\/{rel}","templated":true}]}}