{"id":644285,"date":"2025-04-03T21:55:20","date_gmt":"2025-04-03T20:55:20","guid":{"rendered":"https:\/\/shop.kustom.ch\/?post_type=product&#038;p=644285"},"modified":"2026-03-31T11:28:14","modified_gmt":"2026-03-31T10:28:14","slug":"txlite-windblock-halfzip-men","status":"publish","type":"product","link":"https:\/\/shop.kustom.ch\/fr\/produit\/txlite-windblock-halfzip-men\/","title":{"rendered":"TXlite Windblock Halfzip Men"},"content":{"rendered":"<p>La TXlite Windblock Half Zip est id\u00e9ale en tant que veste demi-zip autonome pour les activit\u00e9s quotidiennes ou comme couche interm\u00e9diaire sous une veste shell les jours plus froids. Elle est fabriqu\u00e9e en mati\u00e8re Power Comfort de Tenson, qui s\u00e8che rapidement, est douce et flexible, et comporte une l\u00e9g\u00e8re couche coupe-vent sur le haut de la poitrine pour prot\u00e9ger du vent.<\/p>\n<p>Mati\u00e8re : ext\u00e9rieur : 90% polyester recycl\u00e9, 10% \u00e9lasthanne.<\/p>","protected":false},"excerpt":{"rendered":"<p>Der TXlite Windblock Half Zip ist ideal als eigenst\u00e4ndige Half-Zip-Jacke im aktiven Alltag oder als Midlayer unter einer Shelljacke an k\u00e4lteren Tagen. Er besteht aus Tensons Power Comfort-Material, das schnelltrocknend, weich und flexibel ist, sowie aus einer leichten windblockenden Schicht im oberen Brustbereich zum Schutz vor Wind. Material: Aussenmaterial: 90% Recycling-Polyester, 10% Elasthan.<\/p>","protected":false},"featured_media":644300,"template":"","meta":[],"product_brand":[],"product_cat":[4191],"product_tag":[],"class_list":{"0":"post-644285","1":"product","2":"type-product","3":"status-publish","4":"has-post-thumbnail","6":"product_cat-longsleeves-sweatshirts","7":"pa_brand-tenson","8":"pa_brand-type-sportswear","9":"pa_filter-color-blau","10":"pa_filter-color-gruen","11":"pa_filter-color-schwarz","13":"first","14":"instock","15":"sale","16":"taxable","17":"shipping-taxable","18":"purchasable","19":"product-type-variable","20":"add-to-wishlist-before_image"},"exclude_global_add_ons":[],"addons":[],"acf":[],"_links":{"self":[{"href":"https:\/\/shop.kustom.ch\/fr\/wp-json\/wp\/v2\/product\/644285"}],"collection":[{"href":"https:\/\/shop.kustom.ch\/fr\/wp-json\/wp\/v2\/product"}],"about":[{"href":"https:\/\/shop.kustom.ch\/fr\/wp-json\/wp\/v2\/types\/product"}],"wp:featuredmedia":[{"embeddable":true,"href":"https:\/\/shop.kustom.ch\/fr\/wp-json\/wp\/v2\/media\/644300"}],"wp:attachment":[{"href":"https:\/\/shop.kustom.ch\/fr\/wp-json\/wp\/v2\/media?parent=644285"}],"wp:term":[{"taxonomy":"product_brand","embeddable":true,"href":"https:\/\/shop.kustom.ch\/fr\/wp-json\/wp\/v2\/product_brand?post=644285"},{"taxonomy":"product_cat","embeddable":true,"href":"https:\/\/shop.kustom.ch\/fr\/wp-json\/wp\/v2\/product_cat?post=644285"},{"taxonomy":"product_tag","embeddable":true,"href":"https:\/\/shop.kustom.ch\/fr\/wp-json\/wp\/v2\/product_tag?post=644285"}],"curies":[{"name":"wp","href":"https:\/\/api.w.org\/{rel}","templated":true}]}}