{"id":644220,"date":"2025-04-03T21:54:53","date_gmt":"2025-04-03T20:54:53","guid":{"rendered":"https:\/\/shop.kustom.ch\/?post_type=product&#038;p=644220"},"modified":"2026-03-31T11:28:26","modified_gmt":"2026-03-31T10:28:26","slug":"txlite-windblock-full-zip-women","status":"publish","type":"product","link":"https:\/\/shop.kustom.ch\/fr\/produit\/txlite-windblock-full-zip-women\/","title":{"rendered":"TXlite Windblock Full Zip Femme"},"content":{"rendered":"<p>La TXlite Windblock Full Zip est parfaite comme veste autonome au quotidien ou comme couche interm\u00e9diaire sous une veste shell les jours plus froids dans la nature. Elle est fabriqu\u00e9e dans la mati\u00e8re Power Comfort de Tenson, qui est douce, extensible et s\u00e8che rapidement, ainsi que dans une l\u00e9g\u00e8re couche coupe-vent en haut de la poitrine qui prot\u00e8ge du vent. Les poches sont \u00e9quip\u00e9es de fermetures \u00e0 glissi\u00e8re pour que vos objets soient bien rang\u00e9s.<\/p>\n<p>Mati\u00e8re : ext\u00e9rieur : 90% polyester recycl\u00e9, 10% \u00e9lasthanne.<\/p>","protected":false},"excerpt":{"rendered":"<p>Der TXlite Windblock Full Zip ist perfekt als eigenst\u00e4ndige Jacke im Alltag oder als Midlayer unter einer Shelljacke an k\u00e4lteren Tagen in der Natur. Er besteht aus Tensons Power Comfort-Material, das weich, dehnbar und schnelltrocknend ist, sowie aus einer leichten windblockenden Schicht im oberen Brustbereich, die vor Wind sch\u00fctzt. Die Taschen sind mit Reissverschl\u00fcssen ausgestattet, [&hellip;]<\/p>\n","protected":false},"featured_media":644276,"template":"","meta":[],"product_brand":[],"product_cat":[4191],"product_tag":[],"class_list":{"0":"post-644220","1":"product","2":"type-product","3":"status-publish","4":"has-post-thumbnail","6":"product_cat-longsleeves-sweatshirts","7":"pa_brand-tenson","8":"pa_brand-type-sportswear","9":"pa_filter-color-blau","10":"pa_filter-color-gruen","11":"pa_filter-color-schwarz","13":"first","14":"instock","15":"sale","16":"taxable","17":"shipping-taxable","18":"purchasable","19":"product-type-variable","20":"add-to-wishlist-before_image"},"exclude_global_add_ons":[],"addons":[],"acf":[],"_links":{"self":[{"href":"https:\/\/shop.kustom.ch\/fr\/wp-json\/wp\/v2\/product\/644220"}],"collection":[{"href":"https:\/\/shop.kustom.ch\/fr\/wp-json\/wp\/v2\/product"}],"about":[{"href":"https:\/\/shop.kustom.ch\/fr\/wp-json\/wp\/v2\/types\/product"}],"wp:featuredmedia":[{"embeddable":true,"href":"https:\/\/shop.kustom.ch\/fr\/wp-json\/wp\/v2\/media\/644276"}],"wp:attachment":[{"href":"https:\/\/shop.kustom.ch\/fr\/wp-json\/wp\/v2\/media?parent=644220"}],"wp:term":[{"taxonomy":"product_brand","embeddable":true,"href":"https:\/\/shop.kustom.ch\/fr\/wp-json\/wp\/v2\/product_brand?post=644220"},{"taxonomy":"product_cat","embeddable":true,"href":"https:\/\/shop.kustom.ch\/fr\/wp-json\/wp\/v2\/product_cat?post=644220"},{"taxonomy":"product_tag","embeddable":true,"href":"https:\/\/shop.kustom.ch\/fr\/wp-json\/wp\/v2\/product_tag?post=644220"}],"curies":[{"name":"wp","href":"https:\/\/api.w.org\/{rel}","templated":true}]}}