{"id":644163,"date":"2025-04-03T21:54:21","date_gmt":"2025-04-03T20:54:21","guid":{"rendered":"https:\/\/shop.kustom.ch\/?post_type=product&#038;p=644163"},"modified":"2026-03-31T11:24:01","modified_gmt":"2026-03-31T10:24:01","slug":"txlite-tri-blend-polo-women","status":"publish","type":"product","link":"https:\/\/shop.kustom.ch\/fr\/produit\/txlite-tri-blend-polo-women\/","title":{"rendered":"TXlite Tri-Blend Polo Femme"},"content":{"rendered":"<p>Le TXlite Tri-Blend Polo est un polo \u00e0 s\u00e9chage rapide avec une sensation de coton pour femmes\/hommes. Il dispose d'un col classique avec une patte \u00e0 trois boutons et est compos\u00e9 de coton bio, de polyester recycl\u00e9 et d'\u00e9lasthanne. Un logo Tenson discret se trouve sur la manche gauche et des fentes lat\u00e9rales permettent une plus grande libert\u00e9 de mouvement.<\/p>\n<p>Composition : Ext\u00e9rieur : 55% coton biologique, 42% polyester recycl\u00e9, 3% \u00e9lasthanne<\/p>","protected":false},"excerpt":{"rendered":"<p>Das TXlite Tri-Blend Polo ist ein schnelltrocknendes Polohemd mit Baumwollgef\u00fchl f\u00fcr Damen\/Herren. Es verf\u00fcgt \u00fcber einen klassischen Kragen mit einer Drei-Knopf-Leiste und besteht aus Bio-Baumwolle, recyceltem Polyester und Elasthan. Ein dezentes Tenson-Logo befindet sich am linken \u00c4rmel, und seitliche Schlitze sorgen f\u00fcr mehr Bewegungsfreiheit. Material: Aussenmaterial: 55% Bio-Baumwolle, 42% Recycling-Polyester, 3% Elasthan<\/p>","protected":false},"featured_media":644218,"template":"","meta":[],"product_brand":[],"product_cat":[4193],"product_tag":[],"class_list":{"0":"post-644163","1":"product","2":"type-product","3":"status-publish","4":"has-post-thumbnail","6":"product_cat-polos","7":"pa_brand-tenson","8":"pa_brand-type-sportswear","9":"pa_filter-color-beige","10":"pa_filter-color-blau","11":"pa_filter-color-gruen","12":"pa_filter-color-schwarz","14":"first","15":"instock","16":"sale","17":"taxable","18":"shipping-taxable","19":"purchasable","20":"product-type-variable","21":"add-to-wishlist-before_image"},"exclude_global_add_ons":[],"addons":[],"acf":[],"_links":{"self":[{"href":"https:\/\/shop.kustom.ch\/fr\/wp-json\/wp\/v2\/product\/644163"}],"collection":[{"href":"https:\/\/shop.kustom.ch\/fr\/wp-json\/wp\/v2\/product"}],"about":[{"href":"https:\/\/shop.kustom.ch\/fr\/wp-json\/wp\/v2\/types\/product"}],"wp:featuredmedia":[{"embeddable":true,"href":"https:\/\/shop.kustom.ch\/fr\/wp-json\/wp\/v2\/media\/644218"}],"wp:attachment":[{"href":"https:\/\/shop.kustom.ch\/fr\/wp-json\/wp\/v2\/media?parent=644163"}],"wp:term":[{"taxonomy":"product_brand","embeddable":true,"href":"https:\/\/shop.kustom.ch\/fr\/wp-json\/wp\/v2\/product_brand?post=644163"},{"taxonomy":"product_cat","embeddable":true,"href":"https:\/\/shop.kustom.ch\/fr\/wp-json\/wp\/v2\/product_cat?post=644163"},{"taxonomy":"product_tag","embeddable":true,"href":"https:\/\/shop.kustom.ch\/fr\/wp-json\/wp\/v2\/product_tag?post=644163"}],"curies":[{"name":"wp","href":"https:\/\/api.w.org\/{rel}","templated":true}]}}