{"id":644098,"date":"2025-04-03T21:53:50","date_gmt":"2025-04-03T20:53:50","guid":{"rendered":"https:\/\/shop.kustom.ch\/?post_type=product&#038;p=644098"},"modified":"2026-03-31T11:26:53","modified_gmt":"2026-03-31T10:26:53","slug":"txlite-shibui-down-jacket-women","status":"publish","type":"product","link":"https:\/\/shop.kustom.ch\/fr\/produit\/txlite-shibui-down-jacket-women\/","title":{"rendered":"TXlite Shibui Down Jacket Women"},"content":{"rendered":"<p>Cette veste en duvet RDS (90\/10 duvet\/plumes, 650 de gonflant) claire, sobre et l\u00e9g\u00e8re, coupe-vent et d\u00e9perlante, est id\u00e9ale pour toutes les activit\u00e9s de plein air tout au long de l'ann\u00e9e. La veste en duvet Shibui peut \u00eatre port\u00e9e comme couche ext\u00e9rieure ou sous une veste shell pour avoir encore plus chaud. Elle s'accorde parfaitement avec notre veste Shell de ski Shibui tr\u00e8s appr\u00e9ci\u00e9e, lanc\u00e9e pour la saison HW23 ! Le duvet certifi\u00e9 RDS provient d'un approvisionnement durable et est enti\u00e8rement tra\u00e7able. Avec un rev\u00eatement d\u00e9perlant sans PFC.<\/p>\n<p>- L\u00e9ger<br \/>\n- R\u00e9sistant au vent<br \/>\n- sans PFC et d\u00e9perlant<\/p>\n<p>Mati\u00e8re : 100 % polyamide recycl\u00e9. Rembourrage : duvet certifi\u00e9 RDS, 90 % duvet, 10 % plumes, 650 gonflant<\/p>","protected":false},"excerpt":{"rendered":"<p>Die klare, schlichte und leichte, wind- und wasserabweisende RDS-Daunenjacke (90\/10 Daunen\/Federn, 650 Bauschkraft) eignet sich hervorragend f\u00fcr alle Outdoor-Aktivit\u00e4ten das ganze Jahr \u00fcber. Die Daunenjacke Shibui kann als \u00e4ussere Schicht oder unter einer ShellJacke getragen werden, damit Sie es noch w\u00e4rmer haben. Sie passt perfekt zu unserer beliebten Ski-Shelljacke Shibui, die in der Saison HW23 [&hellip;]<\/p>\n","protected":false},"featured_media":644123,"template":"","meta":[],"product_brand":[],"product_cat":[4186],"product_tag":[],"class_list":{"0":"post-644098","1":"product","2":"type-product","3":"status-publish","4":"has-post-thumbnail","6":"product_cat-jacken","7":"pa_brand-tenson","8":"pa_brand-type-sportswear","9":"pa_filter-color-blau","10":"pa_filter-color-gruen","11":"pa_filter-color-schwarz","13":"first","14":"instock","15":"sale","16":"taxable","17":"shipping-taxable","18":"purchasable","19":"product-type-variable","20":"add-to-wishlist-before_image"},"exclude_global_add_ons":[],"addons":[],"acf":[],"_links":{"self":[{"href":"https:\/\/shop.kustom.ch\/fr\/wp-json\/wp\/v2\/product\/644098"}],"collection":[{"href":"https:\/\/shop.kustom.ch\/fr\/wp-json\/wp\/v2\/product"}],"about":[{"href":"https:\/\/shop.kustom.ch\/fr\/wp-json\/wp\/v2\/types\/product"}],"wp:featuredmedia":[{"embeddable":true,"href":"https:\/\/shop.kustom.ch\/fr\/wp-json\/wp\/v2\/media\/644123"}],"wp:attachment":[{"href":"https:\/\/shop.kustom.ch\/fr\/wp-json\/wp\/v2\/media?parent=644098"}],"wp:term":[{"taxonomy":"product_brand","embeddable":true,"href":"https:\/\/shop.kustom.ch\/fr\/wp-json\/wp\/v2\/product_brand?post=644098"},{"taxonomy":"product_cat","embeddable":true,"href":"https:\/\/shop.kustom.ch\/fr\/wp-json\/wp\/v2\/product_cat?post=644098"},{"taxonomy":"product_tag","embeddable":true,"href":"https:\/\/shop.kustom.ch\/fr\/wp-json\/wp\/v2\/product_tag?post=644098"}],"curies":[{"name":"wp","href":"https:\/\/api.w.org\/{rel}","templated":true}]}}