{"id":644030,"date":"2025-04-03T21:53:20","date_gmt":"2025-04-03T20:53:20","guid":{"rendered":"https:\/\/shop.kustom.ch\/?post_type=product&#038;p=644030"},"modified":"2026-03-31T11:27:23","modified_gmt":"2026-03-31T10:27:23","slug":"txlite-shibui-collar-down-jacket-women","status":"publish","type":"product","link":"https:\/\/shop.kustom.ch\/fr\/produit\/txlite-shibui-collar-down-jacket-women\/","title":{"rendered":"Veste Down TXlite Shibui Collar Women"},"content":{"rendered":"<p>Cette veste en duvet l\u00e9g\u00e8re certifi\u00e9e RDS (90\/10 duvet\/plumes, 650 Fill Power) est coupe-vent et d\u00e9perlante, ce qui la rend id\u00e9ale pour les activit\u00e9s en plein air tout au long de l'ann\u00e9e. La veste Shibui Down Jacket peut \u00eatre port\u00e9e comme couche ext\u00e9rieure ou sous une veste Shell pour plus de chaleur - elle s'accorde parfaitement avec notre veste de ski Shibui. Fabriqu\u00e9e en polyamide recycl\u00e9 100%, elle est dot\u00e9e de canaux coll\u00e9s remplis de duvet certifi\u00e9 RDS, achet\u00e9 de mani\u00e8re responsable et enti\u00e8rement tra\u00e7able. Elle poss\u00e8de des manches pr\u00e9form\u00e9es, un ourlet r\u00e9glable et deux poches zipp\u00e9es \u00e0 l'avant. Rev\u00eatement d\u00e9perlant sans PFC. Le design de la veste TXlite Shibui Down Jacket s'inspire du terme japonais \"shibui\", qui d\u00e9crit une esth\u00e9tique sobre et raffin\u00e9e avec des d\u00e9tails d\u00e9licats, des mat\u00e9riaux s\u00e9lectionn\u00e9s et une fonctionnalit\u00e9 exceptionnelle.<\/p>\n<p>Mat\u00e9riau : ext\u00e9rieur : 100% polyamide recycl\u00e9. Garnissage : 90% duvet, 10% plumes.<\/p>","protected":false},"excerpt":{"rendered":"<p>Diese leichte Daunenjacke mit RDS-Zertifizierung (90\/10 Daunen\/Federn, 650 Fill Power) ist wind- und wasserabweisend und somit ideal f\u00fcr Outdoor-Aktivit\u00e4ten das ganze Jahr \u00fcber. Die Shibui Down Jacket kann als \u00e4ussere Schicht oder unter einer Shelljacke f\u00fcr zus\u00e4tzliche W\u00e4rme getragen werden \u2013 sie passt perfekt zu unserer Shibui-Skijacke. Hergestellt aus 100% recyceltem Polyamid, verf\u00fcgt sie \u00fcber [&hellip;]<\/p>\n","protected":false},"featured_media":644078,"template":"","meta":[],"product_brand":[],"product_cat":[4186],"product_tag":[],"class_list":{"0":"post-644030","1":"product","2":"type-product","3":"status-publish","4":"has-post-thumbnail","6":"product_cat-jacken","7":"pa_brand-tenson","8":"pa_brand-type-sportswear","9":"pa_filter-color-blau","10":"pa_filter-color-gruen","11":"pa_filter-color-schwarz","13":"first","14":"instock","15":"sale","16":"taxable","17":"shipping-taxable","18":"purchasable","19":"product-type-variable","20":"add-to-wishlist-before_image"},"exclude_global_add_ons":[],"addons":[],"acf":[],"_links":{"self":[{"href":"https:\/\/shop.kustom.ch\/fr\/wp-json\/wp\/v2\/product\/644030"}],"collection":[{"href":"https:\/\/shop.kustom.ch\/fr\/wp-json\/wp\/v2\/product"}],"about":[{"href":"https:\/\/shop.kustom.ch\/fr\/wp-json\/wp\/v2\/types\/product"}],"wp:featuredmedia":[{"embeddable":true,"href":"https:\/\/shop.kustom.ch\/fr\/wp-json\/wp\/v2\/media\/644078"}],"wp:attachment":[{"href":"https:\/\/shop.kustom.ch\/fr\/wp-json\/wp\/v2\/media?parent=644030"}],"wp:term":[{"taxonomy":"product_brand","embeddable":true,"href":"https:\/\/shop.kustom.ch\/fr\/wp-json\/wp\/v2\/product_brand?post=644030"},{"taxonomy":"product_cat","embeddable":true,"href":"https:\/\/shop.kustom.ch\/fr\/wp-json\/wp\/v2\/product_cat?post=644030"},{"taxonomy":"product_tag","embeddable":true,"href":"https:\/\/shop.kustom.ch\/fr\/wp-json\/wp\/v2\/product_tag?post=644030"}],"curies":[{"name":"wp","href":"https:\/\/api.w.org\/{rel}","templated":true}]}}