{"id":643971,"date":"2025-04-03T21:52:50","date_gmt":"2025-04-03T20:52:50","guid":{"rendered":"https:\/\/shop.kustom.ch\/?post_type=product&#038;p=643971"},"modified":"2026-03-31T11:26:44","modified_gmt":"2026-03-31T10:26:44","slug":"txlite-shell-jacket-men","status":"publish","type":"product","link":"https:\/\/shop.kustom.ch\/fr\/produit\/txlite-shell-jacket-men\/","title":{"rendered":"Veste TXlite Shell Men"},"content":{"rendered":"<p>La TXlite Shell Jacket est une veste coupe-vent et imperm\u00e9able \u00e0 2,5 couches, fabriqu\u00e9e dans un tissu stretch confortable et dot\u00e9e de la technologie de membrane MPC Extreme d\u00e9velopp\u00e9e par Tenson (WP 10 000 mm \/ MP 10 000 g\/m2\/24 h), qui rend cette veste imperm\u00e9able et exceptionnellement respirante. Gr\u00e2ce \u00e0 la technologie MPC Extreme, aux coutures scell\u00e9es et aux fermetures \u00e9clair hydrofuges, vous pouvez rester dehors pendant des heures, m\u00eame sous une pluie battante, tout en restant au sec et \u00e0 l'aise. Les caract\u00e9ristiques comprennent un ourlet r\u00e9glable, des manches avec coudes pr\u00e9form\u00e9s, des a\u00e9rations sous les bras, des fermetures \u00e0 glissi\u00e8re hydrofuges, des poches pratiques et bien plus encore. Avec un rev\u00eatement d\u00e9perlant sans PFC.<\/p>\n<p>- MPC Extreme\u2122 Shell<br \/>\n- 2,5L Stretch<br \/>\n- WP 10 000 MP 10 000<br \/>\n- rev\u00eatement d\u00e9perlant sans PFC<\/p>\n<p>Mati\u00e8re : 50 % polyester recycl\u00e9, 50 % polyester<\/p>","protected":false},"excerpt":{"rendered":"<p>Die TXlite Shell Jacket ist eine wind- und wasserdichte 2,5-lagige Shell-Jacke aus komfortablem Stretchmaterial mit der von Tenson entwickelten MPC Extreme Membrantechnologie (WP 10 000 mm \/ MP 10 000 g\/m2\/24 h), die diese Jacke wasserdicht und aussergew\u00f6hnlich atmungsaktiv macht. Dank der MPC Extreme-Technologie, der versiegelten N\u00e4hte und der wasserabweisenden Reissverschl\u00fcsse k\u00f6nnen Sie auch bei [&hellip;]<\/p>\n","protected":false},"featured_media":644026,"template":"","meta":[],"product_brand":[],"product_cat":[4186],"product_tag":[],"class_list":{"0":"post-643971","1":"product","2":"type-product","3":"status-publish","4":"has-post-thumbnail","6":"product_cat-jacken","7":"pa_brand-tenson","8":"pa_brand-type-sportswear","9":"pa_filter-color-blau","10":"pa_filter-color-schwarz","12":"first","13":"instock","14":"sale","15":"taxable","16":"shipping-taxable","17":"purchasable","18":"product-type-variable","19":"add-to-wishlist-before_image"},"exclude_global_add_ons":[],"addons":[],"acf":[],"_links":{"self":[{"href":"https:\/\/shop.kustom.ch\/fr\/wp-json\/wp\/v2\/product\/643971"}],"collection":[{"href":"https:\/\/shop.kustom.ch\/fr\/wp-json\/wp\/v2\/product"}],"about":[{"href":"https:\/\/shop.kustom.ch\/fr\/wp-json\/wp\/v2\/types\/product"}],"wp:featuredmedia":[{"embeddable":true,"href":"https:\/\/shop.kustom.ch\/fr\/wp-json\/wp\/v2\/media\/644026"}],"wp:attachment":[{"href":"https:\/\/shop.kustom.ch\/fr\/wp-json\/wp\/v2\/media?parent=643971"}],"wp:term":[{"taxonomy":"product_brand","embeddable":true,"href":"https:\/\/shop.kustom.ch\/fr\/wp-json\/wp\/v2\/product_brand?post=643971"},{"taxonomy":"product_cat","embeddable":true,"href":"https:\/\/shop.kustom.ch\/fr\/wp-json\/wp\/v2\/product_cat?post=643971"},{"taxonomy":"product_tag","embeddable":true,"href":"https:\/\/shop.kustom.ch\/fr\/wp-json\/wp\/v2\/product_tag?post=643971"}],"curies":[{"name":"wp","href":"https:\/\/api.w.org\/{rel}","templated":true}]}}