{"id":643900,"date":"2025-04-03T21:52:24","date_gmt":"2025-04-03T20:52:24","guid":{"rendered":"https:\/\/shop.kustom.ch\/?post_type=product&#038;p=643900"},"modified":"2026-03-31T11:26:24","modified_gmt":"2026-03-31T10:26:24","slug":"txlite-midlayer-hoodie-man","status":"publish","type":"product","link":"https:\/\/shop.kustom.ch\/fr\/produit\/txlite-midlayer-hoodie-man\/","title":{"rendered":"TXlite Midlayer Hoodie Man"},"content":{"rendered":"<p>Un sweat \u00e0 capuche extr\u00eamement confortable qui peut \u00eatre port\u00e9 aussi bien comme sweat que comme veste l\u00e9g\u00e8re. Le mod\u00e8le est tr\u00e8s extensible et poss\u00e8de des bras allong\u00e9s avec des coudes pr\u00e9form\u00e9s et des trous pour les pouces, ce qui permet de le porter en tant que couche interm\u00e9diaire.La capuche et l'ourlet sont r\u00e9glables et la fermeture \u00e9clair poss\u00e8de un prot\u00e8ge-menton pli\u00e9. Si vous souhaitez le porter comme couche interm\u00e9diaire, les manches prolong\u00e9es avec passages pour les pouces emp\u00eachent les manches de se coincer sous votre veste. Il poss\u00e8de \u00e9galement deux poches avant zipp\u00e9es pour que vous ne perdiez pas vos affaires. Portez-le comme un hoodie confortable ou comme une veste l\u00e9g\u00e8re en ville ou lors d'activit\u00e9s en plein air.<\/p>\n<p>- Confort de puissance<br \/>\n- \u00c9tirement<\/p>\n<p>Mati\u00e8re : 95% polyester, 5% \u00e9lasthanne<\/p>","protected":false},"excerpt":{"rendered":"<p>Ein \u00e4usserst bequemer Hoodie, der sowohl als Sweater als auch als leichte Jacke getragen werden kann. Das Modell ist sehr dehnbar und hat verl\u00e4ngerte Arme mit vorgeformten Ellbogen und Daumenl\u00f6chern, sodass Sie es auch als Midlayer tragen k\u00f6nnen.Kapuze und Saum sind verstellbar, und der Reissverschluss hat einen gefalteten Kinnschutz. Wenn Sie es als Midlayer tragen [&hellip;]<\/p>\n","protected":false},"featured_media":643936,"template":"","meta":[],"product_brand":[],"product_cat":[4191],"product_tag":[],"class_list":{"0":"post-643900","1":"product","2":"type-product","3":"status-publish","4":"has-post-thumbnail","6":"product_cat-longsleeves-sweatshirts","7":"pa_brand-tenson","8":"pa_brand-type-sportswear","9":"pa_filter-color-blau","10":"pa_filter-color-grau","11":"pa_filter-color-orange","12":"pa_filter-color-schwarz","14":"first","15":"instock","16":"sale","17":"taxable","18":"shipping-taxable","19":"purchasable","20":"product-type-variable","21":"add-to-wishlist-before_image"},"exclude_global_add_ons":[],"addons":[],"acf":[],"_links":{"self":[{"href":"https:\/\/shop.kustom.ch\/fr\/wp-json\/wp\/v2\/product\/643900"}],"collection":[{"href":"https:\/\/shop.kustom.ch\/fr\/wp-json\/wp\/v2\/product"}],"about":[{"href":"https:\/\/shop.kustom.ch\/fr\/wp-json\/wp\/v2\/types\/product"}],"wp:featuredmedia":[{"embeddable":true,"href":"https:\/\/shop.kustom.ch\/fr\/wp-json\/wp\/v2\/media\/643936"}],"wp:attachment":[{"href":"https:\/\/shop.kustom.ch\/fr\/wp-json\/wp\/v2\/media?parent=643900"}],"wp:term":[{"taxonomy":"product_brand","embeddable":true,"href":"https:\/\/shop.kustom.ch\/fr\/wp-json\/wp\/v2\/product_brand?post=643900"},{"taxonomy":"product_cat","embeddable":true,"href":"https:\/\/shop.kustom.ch\/fr\/wp-json\/wp\/v2\/product_cat?post=643900"},{"taxonomy":"product_tag","embeddable":true,"href":"https:\/\/shop.kustom.ch\/fr\/wp-json\/wp\/v2\/product_tag?post=643900"}],"curies":[{"name":"wp","href":"https:\/\/api.w.org\/{rel}","templated":true}]}}