{"id":643832,"date":"2025-04-03T21:52:02","date_gmt":"2025-04-03T20:52:02","guid":{"rendered":"https:\/\/shop.kustom.ch\/?post_type=product&#038;p=643832"},"modified":"2026-03-31T11:26:08","modified_gmt":"2026-03-31T10:26:08","slug":"txlite-midlayer-full-zip-woman","status":"publish","type":"product","link":"https:\/\/shop.kustom.ch\/fr\/produit\/txlite-midlayer-full-zip-woman\/","title":{"rendered":"TXlite Midlayer Full Zip Woman"},"content":{"rendered":"<p>Avec son tissu extensible et flexible PowerComfort\u2122, le TXlite Midlayer Zip reste confortablement sous une veste toute la journ\u00e9e dans la nature, mais peut aussi \u00eatre port\u00e9 s\u00e9par\u00e9ment si le temps le permet La fermeture \u00e9clair est \u00e9quip\u00e9e d'un prot\u00e8ge-menton qui vous \u00e9vite de vous coincer lorsque la fermeture \u00e9clair est tir\u00e9e au maximum vers le haut. Pour que vous puissiez facilement emporter vos affaires, elle a deux poches avant, toutes deux zipp\u00e9es, dans lesquelles vous pouvez ranger des choses sans qu'elles ne tombent. On peut non seulement l'utiliser comme midlayer, mais aussi la porter s\u00e9par\u00e9ment lors des froides journ\u00e9es de printemps ou des fins de soir\u00e9e d'\u00e9t\u00e9.<\/p>\n<p>- Confort de puissance<br \/>\n- \u00c9tirement<\/p>\n<p>Mati\u00e8re : 95% polyester, 5% \u00e9lasthanne<\/p>","protected":false},"excerpt":{"rendered":"<p>Der TXlite Midlayer Zip mit seinem dehnbaren und flexiblen PowerComfort\u2122-Gewebe sitzt den ganzen Tag \u00fcber in der Natur bequem unter einer Jacke, kann aber auch separat getragen werden, wenn das Wetter es zul\u00e4sst Der Reissverschluss ist mit einem Kinnschutz ausgestattet, der verhindert, dass Sie sich einklemmen, wenn der Reissverschluss ganz nach oben gezogen wird. Damit [&hellip;]<\/p>\n","protected":false},"featured_media":643872,"template":"","meta":[],"product_brand":[],"product_cat":[4191],"product_tag":[],"class_list":{"0":"post-643832","1":"product","2":"type-product","3":"status-publish","4":"has-post-thumbnail","6":"product_cat-longsleeves-sweatshirts","7":"pa_brand-tenson","8":"pa_brand-type-sportswear","9":"pa_filter-color-blau","10":"pa_filter-color-grau","11":"pa_filter-color-orange","12":"pa_filter-color-schwarz","14":"first","15":"instock","16":"sale","17":"taxable","18":"shipping-taxable","19":"purchasable","20":"product-type-variable","21":"add-to-wishlist-before_image"},"exclude_global_add_ons":[],"addons":[],"acf":[],"_links":{"self":[{"href":"https:\/\/shop.kustom.ch\/fr\/wp-json\/wp\/v2\/product\/643832"}],"collection":[{"href":"https:\/\/shop.kustom.ch\/fr\/wp-json\/wp\/v2\/product"}],"about":[{"href":"https:\/\/shop.kustom.ch\/fr\/wp-json\/wp\/v2\/types\/product"}],"wp:featuredmedia":[{"embeddable":true,"href":"https:\/\/shop.kustom.ch\/fr\/wp-json\/wp\/v2\/media\/643872"}],"wp:attachment":[{"href":"https:\/\/shop.kustom.ch\/fr\/wp-json\/wp\/v2\/media?parent=643832"}],"wp:term":[{"taxonomy":"product_brand","embeddable":true,"href":"https:\/\/shop.kustom.ch\/fr\/wp-json\/wp\/v2\/product_brand?post=643832"},{"taxonomy":"product_cat","embeddable":true,"href":"https:\/\/shop.kustom.ch\/fr\/wp-json\/wp\/v2\/product_cat?post=643832"},{"taxonomy":"product_tag","embeddable":true,"href":"https:\/\/shop.kustom.ch\/fr\/wp-json\/wp\/v2\/product_tag?post=643832"}],"curies":[{"name":"wp","href":"https:\/\/api.w.org\/{rel}","templated":true}]}}